{"id":1386,"date":"2017-05-12T14:39:21","date_gmt":"2017-05-12T12:39:21","guid":{"rendered":"http:\/\/mering.info\/?page_id=1386"},"modified":"2022-01-22T23:15:30","modified_gmt":"2022-01-22T22:15:30","slug":"angebote-entwurf","status":"publish","type":"page","link":"https:\/\/mering.info\/?page_id=1386","title":{"rendered":"Kategorien im \u00dcberblick"},"content":{"rendered":"<p>Ein nachhaltiges Leben zu f\u00fchren ist nicht einfach. Wer schon mal seinen \u00f6kologischen Fu\u00dfabdruck bestimmt hat, wei\u00df, dass wir alle weit davon entfernt sind, unseren Lebensstil auf einem vertr\u00e4glichen Ma\u00df zu halten. Wir verbrauchen weit mehr als uns auf unserer begrenzten Erde zusteht.<\/p>\n<p>Umso wichtiger ist es, Angebote zu kennen, die ein nachhaltigeres und damit zukunftsf\u00e4higeres Leben erm\u00f6glichen. Wir haben hier angefangen, aus unserer Sicht sinnvolle Angebote in Mering und der Region aufzulisten. Einen dar\u00fcber hinausgehenden Blick f\u00fcr die weitere Region erlaubt das <strong><a href=\"https:\/\/www.lifeguide-augsburg.de\/\" target=\"_blank\" rel=\"noopener noreferrer\">Liveguide Portal in Augsburg<\/a><\/strong> mit seinen Angeboten.<\/p>\n<p>Hier nun also unsere <strong>Angebote im \u00dcberblick<\/strong>.<\/p>\n<h4>Handwerk<\/h4>\n<ul>\n<li><a href=\"https:\/\/mering.info\/?p=1296\">Gwand-Art &#8211; Mering<\/a><\/li>\n<li><a href=\"https:\/\/mering.info\/?p=1701\">Schreinerei Fleig &#8211; Mering<\/a><\/li>\n<li><a href=\"https:\/\/mering.info\/?p=2347\">Schreinerei Naturburschen &#8211; Mering<\/a><\/li>\n<li><a href=\"http:\/\/www.schuhmacherei-widemann.de\/\" target=\"_blank\" rel=\"noopener noreferrer\">Schuhmacherei Widemann &#8211; Mering<\/a><\/li>\n<\/ul>\n<h4>Lebensmittel<\/h4>\n<ul>\n<li><a href=\"https:\/\/mering.info\/?p=888\">Biomarkt Natufit &#8211; Mering<\/a><\/li>\n<li>Cumpanum &amp; Herzst\u00fcck &#8211; Mering<\/li>\n<li><a href=\"https:\/\/mering.info\/?p=1343\">Edeka Kowalski &#8211; Mering<\/a><\/li>\n<li><a href=\"https:\/\/mering.info\/?p=1348\">Erlebnisbauernhof &#8222;Beim Klingl&#8220; &#8211; Egling<\/a><\/li>\n<li><a href=\"https:\/\/mering.info\/?p=1661\">Imkerverein &#8211; Mering<\/a><\/li>\n<li><a href=\"https:\/\/mering.info\/?p=1101\">Lidls Hofprodukte &#8211; Baierberg<\/a><\/li>\n<li><a href=\"https:\/\/mering.info\/?p=1678\">Obst- und Gartenbauverein &#8211; Mering<\/a><\/li>\n<\/ul>\n<h4>Mehrfachnutzung, Wiederverwendung, Reparatur<\/h4>\n<ul>\n<li><a href=\"https:\/\/mering.info\/?p=1109\">B\u00fccherei Mering<\/a><\/li>\n<li><a href=\"https:\/\/mering.info\/?p=1296\">Gwand-Art &#8211; Mering<\/a><\/li>\n<li><a href=\"https:\/\/mering.info\/?p=1701\">Schreinerei Fleig &#8211; Mering<\/a><\/li>\n<li><a href=\"http:\/\/www.schuhmacherei-widemann.de\/\" target=\"_blank\" rel=\"noopener noreferrer\">Schuhmacherei Widemann &#8211; Mering<\/a><\/li>\n<\/ul>\n<h4>Mitmachen<\/h4>\n<ul>\n<li><a href=\"https:\/\/mering.info\/?p=1104\">ADFC Kreisverband Augsburg e.V.<\/a><\/li>\n<li><a href=\"https:\/\/mering.info\/?p=1380\">Bund Naturschutz &#8211; Ortsgruppe Mering\/Ried<\/a><\/li>\n<li>Contact Dorf &#8211; Augsburg<\/li>\n<li><a href=\"https:\/\/mering.info\/?p=1348\">Erlebnisbauernhof &#8222;Beim Klingl&#8220; &#8211; Egling<\/a><\/li>\n<li><a href=\"https:\/\/mering.info\/?p=2735\">IKM &#8211; Internationaler Kulturverein Mering e.V.<\/a><\/li>\n<li><a href=\"https:\/\/mering.info\/?p=1661\">Imkerverein &#8211; Mering<\/a><\/li>\n<li><a href=\"https:\/\/mering.info\/?p=1665\">Katholischer Deutscher Frauenbund &#8211; Mering<\/a><\/li>\n<li><a href=\"https:\/\/mering.info\/?p=1678\">Obst- und Gartenbauverein &#8211; Mering<\/a><\/li>\n<li><a href=\"https:\/\/mering.info\/?p=1356\">PRO BAHN-Bezirksgruppe Schwaben<\/a><\/li>\n<\/ul>\n<h4>Mobilit\u00e4t, Reisen<\/h4>\n<ul>\n<li><a href=\"https:\/\/mering.info\/?p=1104\">ADFC Kreisverband Augsburg e.V.<\/a><\/li>\n<li><a href=\"https:\/\/mering.info\/?p=1356\">PRO BAHN-Bezirksgruppe Schwaben<\/a><\/li>\n<\/ul>\n<h4>Wohnen<\/h4>\n<ul>\n<li>Contact Dorf &#8211; Augsburg<\/li>\n<\/ul>\n","protected":false},"excerpt":{"rendered":"<p>Ein nachhaltiges Leben zu f\u00fchren ist nicht einfach. Wer schon mal seinen \u00f6kologischen Fu\u00dfabdruck bestimmt hat, wei\u00df, dass wir alle weit davon entfernt sind, unseren Lebensstil auf einem vertr\u00e4glichen Ma\u00df &hellip; <a href=\"https:\/\/mering.info\/?page_id=1386\" class=\"more-link\"><span class=\"screen-reader-text\">Kategorien im \u00dcberblick<\/span> weiterlesen <span class=\"meta-nav\">&rarr;<\/span><\/a><\/p>\n","protected":false},"author":1,"featured_media":0,"parent":0,"menu_order":0,"comment_status":"closed","ping_status":"closed","template":"","meta":{"jetpack_post_was_ever_published":false,"footnotes":""},"class_list":["post-1386","page","type-page","status-publish","hentry"],"yoast_head":"<!-- This site is optimized with the Yoast SEO plugin v27.5 - https:\/\/yoast.com\/product\/yoast-seo-wordpress\/ -->\n<title>Kategorien im \u00dcberblick - Nachhaltiges Mering<\/title>\n<meta name=\"description\" content=\"Wir empfehlen lokale Angebote aus Mering und der n\u00e4heren Region. Einen \u00dcberblick \u00fcber die Angebote nach Kategorien geordnet finden Sie hier.\" \/>\n<meta name=\"robots\" content=\"index, follow, max-snippet:-1, max-image-preview:large, max-video-preview:-1\" \/>\n<link rel=\"canonical\" href=\"https:\/\/mering.info\/?page_id=1386\" \/>\n<meta property=\"og:locale\" content=\"de_DE\" \/>\n<meta property=\"og:type\" content=\"article\" \/>\n<meta property=\"og:title\" content=\"Kategorien im \u00dcberblick - Nachhaltiges Mering\" \/>\n<meta property=\"og:description\" content=\"Wir empfehlen lokale Angebote aus Mering und der n\u00e4heren Region. Einen \u00dcberblick \u00fcber die Angebote nach Kategorien geordnet finden Sie hier.\" \/>\n<meta property=\"og:url\" content=\"https:\/\/mering.info\/?page_id=1386\" \/>\n<meta property=\"og:site_name\" content=\"Nachhaltiges Mering\" \/>\n<meta property=\"article:modified_time\" content=\"2022-01-22T22:15:30+00:00\" \/>\n<meta name=\"twitter:card\" content=\"summary_large_image\" \/>\n<meta name=\"twitter:label1\" content=\"Gesch\u00e4tzte Lesezeit\" \/>\n\t<meta name=\"twitter:data1\" content=\"1\u00a0Minute\" \/>\n<script type=\"application\/ld+json\" class=\"yoast-schema-graph\">{\"@context\":\"https:\\\/\\\/schema.org\",\"@graph\":[{\"@type\":\"WebPage\",\"@id\":\"https:\\\/\\\/mering.info\\\/?page_id=1386\",\"url\":\"https:\\\/\\\/mering.info\\\/?page_id=1386\",\"name\":\"Kategorien im \u00dcberblick - Nachhaltiges Mering\",\"isPartOf\":{\"@id\":\"https:\\\/\\\/mering.info\\\/#website\"},\"datePublished\":\"2017-05-12T12:39:21+00:00\",\"dateModified\":\"2022-01-22T22:15:30+00:00\",\"description\":\"Wir empfehlen lokale Angebote aus Mering und der n\u00e4heren Region. Einen \u00dcberblick \u00fcber die Angebote nach Kategorien geordnet finden Sie hier.\",\"breadcrumb\":{\"@id\":\"https:\\\/\\\/mering.info\\\/?page_id=1386#breadcrumb\"},\"inLanguage\":\"de\",\"potentialAction\":[{\"@type\":\"ReadAction\",\"target\":[\"https:\\\/\\\/mering.info\\\/?page_id=1386\"]}]},{\"@type\":\"BreadcrumbList\",\"@id\":\"https:\\\/\\\/mering.info\\\/?page_id=1386#breadcrumb\",\"itemListElement\":[{\"@type\":\"ListItem\",\"position\":1,\"name\":\"Startseite\",\"item\":\"https:\\\/\\\/mering.info\\\/\"},{\"@type\":\"ListItem\",\"position\":2,\"name\":\"Kategorien im \u00dcberblick\"}]},{\"@type\":\"WebSite\",\"@id\":\"https:\\\/\\\/mering.info\\\/#website\",\"url\":\"https:\\\/\\\/mering.info\\\/\",\"name\":\"Nachhaltiges Mering\",\"description\":\"Zukunftsf\u00e4higes Mering\",\"potentialAction\":[{\"@type\":\"SearchAction\",\"target\":{\"@type\":\"EntryPoint\",\"urlTemplate\":\"https:\\\/\\\/mering.info\\\/?s={search_term_string}\"},\"query-input\":{\"@type\":\"PropertyValueSpecification\",\"valueRequired\":true,\"valueName\":\"search_term_string\"}}],\"inLanguage\":\"de\"}]}<\/script>\n<!-- \/ Yoast SEO plugin. -->","yoast_head_json":{"title":"Kategorien im \u00dcberblick - Nachhaltiges Mering","description":"Wir empfehlen lokale Angebote aus Mering und der n\u00e4heren Region. Einen \u00dcberblick \u00fcber die Angebote nach Kategorien geordnet finden Sie hier.","robots":{"index":"index","follow":"follow","max-snippet":"max-snippet:-1","max-image-preview":"max-image-preview:large","max-video-preview":"max-video-preview:-1"},"canonical":"https:\/\/mering.info\/?page_id=1386","og_locale":"de_DE","og_type":"article","og_title":"Kategorien im \u00dcberblick - Nachhaltiges Mering","og_description":"Wir empfehlen lokale Angebote aus Mering und der n\u00e4heren Region. Einen \u00dcberblick \u00fcber die Angebote nach Kategorien geordnet finden Sie hier.","og_url":"https:\/\/mering.info\/?page_id=1386","og_site_name":"Nachhaltiges Mering","article_modified_time":"2022-01-22T22:15:30+00:00","twitter_card":"summary_large_image","twitter_misc":{"Gesch\u00e4tzte Lesezeit":"1\u00a0Minute"},"schema":{"@context":"https:\/\/schema.org","@graph":[{"@type":"WebPage","@id":"https:\/\/mering.info\/?page_id=1386","url":"https:\/\/mering.info\/?page_id=1386","name":"Kategorien im \u00dcberblick - Nachhaltiges Mering","isPartOf":{"@id":"https:\/\/mering.info\/#website"},"datePublished":"2017-05-12T12:39:21+00:00","dateModified":"2022-01-22T22:15:30+00:00","description":"Wir empfehlen lokale Angebote aus Mering und der n\u00e4heren Region. Einen \u00dcberblick \u00fcber die Angebote nach Kategorien geordnet finden Sie hier.","breadcrumb":{"@id":"https:\/\/mering.info\/?page_id=1386#breadcrumb"},"inLanguage":"de","potentialAction":[{"@type":"ReadAction","target":["https:\/\/mering.info\/?page_id=1386"]}]},{"@type":"BreadcrumbList","@id":"https:\/\/mering.info\/?page_id=1386#breadcrumb","itemListElement":[{"@type":"ListItem","position":1,"name":"Startseite","item":"https:\/\/mering.info\/"},{"@type":"ListItem","position":2,"name":"Kategorien im \u00dcberblick"}]},{"@type":"WebSite","@id":"https:\/\/mering.info\/#website","url":"https:\/\/mering.info\/","name":"Nachhaltiges Mering","description":"Zukunftsf\u00e4higes Mering","potentialAction":[{"@type":"SearchAction","target":{"@type":"EntryPoint","urlTemplate":"https:\/\/mering.info\/?s={search_term_string}"},"query-input":{"@type":"PropertyValueSpecification","valueRequired":true,"valueName":"search_term_string"}}],"inLanguage":"de"}]}},"jetpack_sharing_enabled":true,"_links":{"self":[{"href":"https:\/\/mering.info\/index.php?rest_route=\/wp\/v2\/pages\/1386","targetHints":{"allow":["GET"]}}],"collection":[{"href":"https:\/\/mering.info\/index.php?rest_route=\/wp\/v2\/pages"}],"about":[{"href":"https:\/\/mering.info\/index.php?rest_route=\/wp\/v2\/types\/page"}],"author":[{"embeddable":true,"href":"https:\/\/mering.info\/index.php?rest_route=\/wp\/v2\/users\/1"}],"replies":[{"embeddable":true,"href":"https:\/\/mering.info\/index.php?rest_route=%2Fwp%2Fv2%2Fcomments&post=1386"}],"version-history":[{"count":32,"href":"https:\/\/mering.info\/index.php?rest_route=\/wp\/v2\/pages\/1386\/revisions"}],"predecessor-version":[{"id":4163,"href":"https:\/\/mering.info\/index.php?rest_route=\/wp\/v2\/pages\/1386\/revisions\/4163"}],"wp:attachment":[{"href":"https:\/\/mering.info\/index.php?rest_route=%2Fwp%2Fv2%2Fmedia&parent=1386"}],"curies":[{"name":"wp","href":"https:\/\/api.w.org\/{rel}","templated":true}]}}