{"id":1422,"date":"2017-05-02T21:30:00","date_gmt":"2017-05-02T19:30:00","guid":{"rendered":"http:\/\/mering.info\/?page_id=1422"},"modified":"2019-03-05T18:24:20","modified_gmt":"2019-03-05T17:24:20","slug":"essen-und-trinken-2","status":"publish","type":"page","link":"https:\/\/mering.info\/?page_id=1422","title":{"rendered":"Essen und Trinken 2017"},"content":{"rendered":"<p>Auf dem Gel\u00e4nde des ZukunftsMarkts Mering 2017 finden Sie folgende Angebote an Speisen und Getr\u00e4nken.<\/p>\n<p>Die Lage des jeweiligen Anbieters im Lippgarten k\u00f6nnen Sie der \u00dcbersichtskarte entnehmen:<\/p>\n<p><img fetchpriority=\"high\" decoding=\"async\" class=\"alignnone size-full wp-image-1541\" src=\"https:\/\/mering.info\/wp-content\/uploads\/2017\/05\/Lippgarten-Layout.jpg\" alt=\"\" width=\"1029\" height=\"508\" srcset=\"https:\/\/mering.info\/wp-content\/uploads\/2017\/05\/Lippgarten-Layout.jpg 1029w, https:\/\/mering.info\/wp-content\/uploads\/2017\/05\/Lippgarten-Layout-300x148.jpg 300w, https:\/\/mering.info\/wp-content\/uploads\/2017\/05\/Lippgarten-Layout-768x379.jpg 768w, https:\/\/mering.info\/wp-content\/uploads\/2017\/05\/Lippgarten-Layout-1024x506.jpg 1024w\" sizes=\"(max-width: 1029px) 100vw, 1029px\" \/><\/p>\n<ul>\n<li><strong>Fairen Kaffee und handgemachte Kuchen (5)<\/strong><br \/>\nDer faire GEPA-Kaffee wird von der Firma <strong><a href=\"https:\/\/mering.info\/?page_id=318#Edeka\">Edeka Kowalski<\/a><\/strong> aus Mering gesponsert. Ferner gibt es hier verschiedene Kalt-Getr\u00e4nke.<\/li>\n<li><strong>Biologisches Essen (6)<\/strong><br \/>\nWird Ihnen vom Team des Cafes aus dem <strong><a href=\"https:\/\/mering.info\/?page_id=318#Natufit\">Biomarkt Natufit<\/a><\/strong> in Mering pr\u00e4sentiert.<\/li>\n<li><strong>Regionales Speiseeis (7)<\/strong><br \/>\nAls Nachtisch oder zwischendurch k\u00f6nnen Sie das bekannte Produkt von\u00a0 <strong><a href=\"https:\/\/mering.info\/?page_id=354#lidl\" target=\"_blank\" rel=\"noopener noreferrer\">Lidl Bauernhofeis<\/a> <\/strong>in\u00a0 Baierberg genie\u00dfen.<\/li>\n<\/ul>\n<p>Nutzen Sie den Sitzbereich vor der B\u00fchne, h\u00f6ren Sie Musik und informieren Sie sich bei den Kurzvortr\u00e4gen im Rahmen unseres <strong><a href=\"https:\/\/mering.info\/?page_id=1418\">Kulturangebots<\/a><\/strong> im Bereich der B\u00fchne.<\/p>\n<p>Weitere Informationen:<\/p>\n<ul>\n<li><a href=\"https:\/\/mering.info\/?p=1398\">Allgemeine Informationen zum Fest<\/a>.<\/li>\n<li><a href=\"https:\/\/mering.info\/?p=1394\">Unser Programm finden Sie hier<\/a>.<\/li>\n<li><a href=\"https:\/\/mering.info\/?p=1391\">Informationen zur Anfahrt finden Sie hier<\/a>.<\/li>\n<\/ul>\n","protected":false},"excerpt":{"rendered":"<p>Auf dem Gel\u00e4nde des ZukunftsMarkts Mering 2017 finden Sie folgende Angebote an Speisen und Getr\u00e4nken. Die Lage des jeweiligen Anbieters im Lippgarten k\u00f6nnen Sie der \u00dcbersichtskarte entnehmen: Fairen Kaffee und &hellip; <a href=\"https:\/\/mering.info\/?page_id=1422\" class=\"more-link\"><span class=\"screen-reader-text\">Essen und Trinken 2017<\/span> weiterlesen <span class=\"meta-nav\">&rarr;<\/span><\/a><\/p>\n","protected":false},"author":1,"featured_media":0,"parent":0,"menu_order":0,"comment_status":"closed","ping_status":"closed","template":"","meta":{"jetpack_post_was_ever_published":false,"footnotes":""},"class_list":["post-1422","page","type-page","status-publish","hentry"],"yoast_head":"<!-- This site is optimized with the Yoast SEO plugin v27.4 - https:\/\/yoast.com\/product\/yoast-seo-wordpress\/ -->\n<title>Essen und Trinken 2017 - Nachhaltiges Mering<\/title>\n<meta name=\"robots\" content=\"index, follow, max-snippet:-1, max-image-preview:large, max-video-preview:-1\" \/>\n<link rel=\"canonical\" href=\"https:\/\/mering.info\/?page_id=1422\" \/>\n<meta property=\"og:locale\" content=\"de_DE\" \/>\n<meta property=\"og:type\" content=\"article\" \/>\n<meta property=\"og:title\" content=\"Essen und Trinken 2017 - Nachhaltiges Mering\" \/>\n<meta property=\"og:description\" content=\"Auf dem Gel\u00e4nde des ZukunftsMarkts Mering 2017 finden Sie folgende Angebote an Speisen und Getr\u00e4nken. Die Lage des jeweiligen Anbieters im Lippgarten k\u00f6nnen Sie der \u00dcbersichtskarte entnehmen: Fairen Kaffee und &hellip; Essen und Trinken 2017 weiterlesen &rarr;\" \/>\n<meta property=\"og:url\" content=\"https:\/\/mering.info\/?page_id=1422\" \/>\n<meta property=\"og:site_name\" content=\"Nachhaltiges Mering\" \/>\n<meta property=\"article:modified_time\" content=\"2019-03-05T17:24:20+00:00\" \/>\n<meta property=\"og:image\" content=\"http:\/\/mering.info\/wp-content\/uploads\/2017\/05\/Lippgarten-Layout.jpg\" \/>\n<meta name=\"twitter:card\" content=\"summary_large_image\" \/>\n<meta name=\"twitter:label1\" content=\"Gesch\u00e4tzte Lesezeit\" \/>\n\t<meta name=\"twitter:data1\" content=\"1\u00a0Minute\" \/>\n<script type=\"application\/ld+json\" class=\"yoast-schema-graph\">{\"@context\":\"https:\\\/\\\/schema.org\",\"@graph\":[{\"@type\":\"WebPage\",\"@id\":\"https:\\\/\\\/mering.info\\\/?page_id=1422\",\"url\":\"https:\\\/\\\/mering.info\\\/?page_id=1422\",\"name\":\"Essen und Trinken 2017 - Nachhaltiges Mering\",\"isPartOf\":{\"@id\":\"https:\\\/\\\/mering.info\\\/#website\"},\"primaryImageOfPage\":{\"@id\":\"https:\\\/\\\/mering.info\\\/?page_id=1422#primaryimage\"},\"image\":{\"@id\":\"https:\\\/\\\/mering.info\\\/?page_id=1422#primaryimage\"},\"thumbnailUrl\":\"http:\\\/\\\/mering.info\\\/wp-content\\\/uploads\\\/2017\\\/05\\\/Lippgarten-Layout.jpg\",\"datePublished\":\"2017-05-02T19:30:00+00:00\",\"dateModified\":\"2019-03-05T17:24:20+00:00\",\"breadcrumb\":{\"@id\":\"https:\\\/\\\/mering.info\\\/?page_id=1422#breadcrumb\"},\"inLanguage\":\"de\",\"potentialAction\":[{\"@type\":\"ReadAction\",\"target\":[\"https:\\\/\\\/mering.info\\\/?page_id=1422\"]}]},{\"@type\":\"ImageObject\",\"inLanguage\":\"de\",\"@id\":\"https:\\\/\\\/mering.info\\\/?page_id=1422#primaryimage\",\"url\":\"http:\\\/\\\/mering.info\\\/wp-content\\\/uploads\\\/2017\\\/05\\\/Lippgarten-Layout.jpg\",\"contentUrl\":\"http:\\\/\\\/mering.info\\\/wp-content\\\/uploads\\\/2017\\\/05\\\/Lippgarten-Layout.jpg\"},{\"@type\":\"BreadcrumbList\",\"@id\":\"https:\\\/\\\/mering.info\\\/?page_id=1422#breadcrumb\",\"itemListElement\":[{\"@type\":\"ListItem\",\"position\":1,\"name\":\"Startseite\",\"item\":\"https:\\\/\\\/mering.info\\\/\"},{\"@type\":\"ListItem\",\"position\":2,\"name\":\"Essen und Trinken 2017\"}]},{\"@type\":\"WebSite\",\"@id\":\"https:\\\/\\\/mering.info\\\/#website\",\"url\":\"https:\\\/\\\/mering.info\\\/\",\"name\":\"Nachhaltiges Mering\",\"description\":\"Zukunftsf\u00e4higes Mering\",\"potentialAction\":[{\"@type\":\"SearchAction\",\"target\":{\"@type\":\"EntryPoint\",\"urlTemplate\":\"https:\\\/\\\/mering.info\\\/?s={search_term_string}\"},\"query-input\":{\"@type\":\"PropertyValueSpecification\",\"valueRequired\":true,\"valueName\":\"search_term_string\"}}],\"inLanguage\":\"de\"}]}<\/script>\n<!-- \/ Yoast SEO plugin. -->","yoast_head_json":{"title":"Essen und Trinken 2017 - Nachhaltiges Mering","robots":{"index":"index","follow":"follow","max-snippet":"max-snippet:-1","max-image-preview":"max-image-preview:large","max-video-preview":"max-video-preview:-1"},"canonical":"https:\/\/mering.info\/?page_id=1422","og_locale":"de_DE","og_type":"article","og_title":"Essen und Trinken 2017 - Nachhaltiges Mering","og_description":"Auf dem Gel\u00e4nde des ZukunftsMarkts Mering 2017 finden Sie folgende Angebote an Speisen und Getr\u00e4nken. Die Lage des jeweiligen Anbieters im Lippgarten k\u00f6nnen Sie der \u00dcbersichtskarte entnehmen: Fairen Kaffee und &hellip; Essen und Trinken 2017 weiterlesen &rarr;","og_url":"https:\/\/mering.info\/?page_id=1422","og_site_name":"Nachhaltiges Mering","article_modified_time":"2019-03-05T17:24:20+00:00","og_image":[{"url":"http:\/\/mering.info\/wp-content\/uploads\/2017\/05\/Lippgarten-Layout.jpg","type":"","width":"","height":""}],"twitter_card":"summary_large_image","twitter_misc":{"Gesch\u00e4tzte Lesezeit":"1\u00a0Minute"},"schema":{"@context":"https:\/\/schema.org","@graph":[{"@type":"WebPage","@id":"https:\/\/mering.info\/?page_id=1422","url":"https:\/\/mering.info\/?page_id=1422","name":"Essen und Trinken 2017 - Nachhaltiges Mering","isPartOf":{"@id":"https:\/\/mering.info\/#website"},"primaryImageOfPage":{"@id":"https:\/\/mering.info\/?page_id=1422#primaryimage"},"image":{"@id":"https:\/\/mering.info\/?page_id=1422#primaryimage"},"thumbnailUrl":"http:\/\/mering.info\/wp-content\/uploads\/2017\/05\/Lippgarten-Layout.jpg","datePublished":"2017-05-02T19:30:00+00:00","dateModified":"2019-03-05T17:24:20+00:00","breadcrumb":{"@id":"https:\/\/mering.info\/?page_id=1422#breadcrumb"},"inLanguage":"de","potentialAction":[{"@type":"ReadAction","target":["https:\/\/mering.info\/?page_id=1422"]}]},{"@type":"ImageObject","inLanguage":"de","@id":"https:\/\/mering.info\/?page_id=1422#primaryimage","url":"http:\/\/mering.info\/wp-content\/uploads\/2017\/05\/Lippgarten-Layout.jpg","contentUrl":"http:\/\/mering.info\/wp-content\/uploads\/2017\/05\/Lippgarten-Layout.jpg"},{"@type":"BreadcrumbList","@id":"https:\/\/mering.info\/?page_id=1422#breadcrumb","itemListElement":[{"@type":"ListItem","position":1,"name":"Startseite","item":"https:\/\/mering.info\/"},{"@type":"ListItem","position":2,"name":"Essen und Trinken 2017"}]},{"@type":"WebSite","@id":"https:\/\/mering.info\/#website","url":"https:\/\/mering.info\/","name":"Nachhaltiges Mering","description":"Zukunftsf\u00e4higes Mering","potentialAction":[{"@type":"SearchAction","target":{"@type":"EntryPoint","urlTemplate":"https:\/\/mering.info\/?s={search_term_string}"},"query-input":{"@type":"PropertyValueSpecification","valueRequired":true,"valueName":"search_term_string"}}],"inLanguage":"de"}]}},"jetpack_sharing_enabled":true,"_links":{"self":[{"href":"https:\/\/mering.info\/index.php?rest_route=\/wp\/v2\/pages\/1422","targetHints":{"allow":["GET"]}}],"collection":[{"href":"https:\/\/mering.info\/index.php?rest_route=\/wp\/v2\/pages"}],"about":[{"href":"https:\/\/mering.info\/index.php?rest_route=\/wp\/v2\/types\/page"}],"author":[{"embeddable":true,"href":"https:\/\/mering.info\/index.php?rest_route=\/wp\/v2\/users\/1"}],"replies":[{"embeddable":true,"href":"https:\/\/mering.info\/index.php?rest_route=%2Fwp%2Fv2%2Fcomments&post=1422"}],"version-history":[{"count":6,"href":"https:\/\/mering.info\/index.php?rest_route=\/wp\/v2\/pages\/1422\/revisions"}],"predecessor-version":[{"id":2584,"href":"https:\/\/mering.info\/index.php?rest_route=\/wp\/v2\/pages\/1422\/revisions\/2584"}],"wp:attachment":[{"href":"https:\/\/mering.info\/index.php?rest_route=%2Fwp%2Fv2%2Fmedia&parent=1422"}],"curies":[{"name":"wp","href":"https:\/\/api.w.org\/{rel}","templated":true}]}}