{"id":162,"date":"2016-03-01T12:02:22","date_gmt":"2016-03-01T11:02:22","guid":{"rendered":"http:\/\/mering.info\/?page_id=162"},"modified":"2025-02-02T19:58:04","modified_gmt":"2025-02-02T18:58:04","slug":"aktive","status":"publish","type":"page","link":"https:\/\/mering.info\/?page_id=162","title":{"rendered":"Aktive"},"content":{"rendered":"<p><code><\/code>Die Aktiven, die im Organisations-Team unseres &#8222;B\u00fcndnis f\u00fcr Nachhaltigkeit&#8220; mit anpacken um das Thema voranzubringen, finden Sie auf dieser Seite (in alphabetischer Reihenfolge).<\/p>\n<table style=\"width: 100%; height: 3755px;\">\n<tbody>\n<tr style=\"height: 35px;\">\n<th style=\"border-color: #000000; background-color: #bfbfbf; text-align: left; vertical-align: top; height: 35px; width: 17.8571%;\">Name<\/th>\n<th style=\"border-color: #000000; background-color: #bfbfbf; text-align: left; vertical-align: top; height: 35px; width: 48.8095%;\">Kontakt<\/th>\n<th style=\"border-color: #000000; background-color: #bfbfbf; text-align: left; vertical-align: top; height: 35px; width: 33.1349%;\">Mein Statement<\/th>\n<\/tr>\n<tr style=\"height: 233px;\">\n<td style=\"border-color: #000000; text-align: left; vertical-align: top; height: 233px; width: 17.8571%;\"><img fetchpriority=\"high\" decoding=\"async\" class=\"alignnone size-medium wp-image-202\" src=\"https:\/\/mering.info\/wp-content\/uploads\/2016\/03\/P1010033_500-214x300.jpg\" alt=\"\" width=\"214\" height=\"300\" srcset=\"https:\/\/mering.info\/wp-content\/uploads\/2016\/03\/P1010033_500-214x300.jpg 214w, https:\/\/mering.info\/wp-content\/uploads\/2016\/03\/P1010033_500.jpg 357w\" sizes=\"(max-width: 214px) 100vw, 214px\" \/>Michael Dudella<\/td>\n<td style=\"border-color: #000000; text-align: left; vertical-align: top; height: 233px; width: 48.8095%;\">\n<p>KAB-Bildungsreferent<br \/>AK-Nachhaltigkeit KAB-Di\u00f6zesanverband Augsburg<\/p>\n<p>Tel.: 0821 31663523<\/p>\n<\/td>\n<td style=\"border-color: #000000; text-align: left; vertical-align: top; height: 233px; width: 33.1349%;\">Nachhaltigkeit hei\u00dft f\u00fcr mich, einen Lebensstil zu haben, der ressourcenschonend mit der Umwelt umgeht und sich durch einen fairen solidarischen Umgang mit anderen Menschen auszeichnet.<\/td>\n<\/tr>\n<tr style=\"height: 150px;\">\n<td style=\"border-color: #000000; text-align: left; vertical-align: top; width: 17.8571%; height: 150px;\">\n<p><img decoding=\"async\" class=\" wp-image-5273\" src=\"https:\/\/mering.info\/wp-content\/uploads\/2023\/02\/20230112_173407_700_tiny-235x300.jpg\" alt=\"Laura Geier\" width=\"79\" height=\"101\" srcset=\"https:\/\/mering.info\/wp-content\/uploads\/2023\/02\/20230112_173407_700_tiny-235x300.jpg 235w, https:\/\/mering.info\/wp-content\/uploads\/2023\/02\/20230112_173407_700_tiny.jpg 700w\" sizes=\"(max-width: 79px) 100vw, 79px\" \/>Laura Geier<\/p>\n<\/td>\n<td style=\"border-color: #000000; text-align: left; vertical-align: top; width: 48.8095%; height: 150px;\">\n<p>Bund Naturschutz<br \/>Elternbeirat<br \/>Turnverein<\/p>\n<p>Tel.: 0151 44063326<\/p>\n<\/td>\n<td style=\"border-color: #000000; text-align: left; vertical-align: top; width: 33.1349%; height: 150px;\">Achtsamkeit, Umweltbewusstsein und Ressourcenschonung spielen seit jeher eine zentrale Rolle in meinem Leben. Seit der Geburt meiner Kinder ist es mir noch wichtiger geworden, daf\u00fcr selbst l\u00f6sungsorientiert einzustehen und engagiert zu handeln.<\/td>\n<\/tr>\n<tr style=\"height: 377px;\">\n<td style=\"border-color: #000000; text-align: left; vertical-align: top; height: 377px; width: 17.8571%;\"><img decoding=\"async\" class=\"alignnone wp-image-249\" src=\"https:\/\/mering.info\/wp-content\/uploads\/2016\/03\/Doris-1_500-214x300.jpg\" alt=\"Doris 1_500\" width=\"89\" height=\"125\" srcset=\"https:\/\/mering.info\/wp-content\/uploads\/2016\/03\/Doris-1_500-214x300.jpg 214w, https:\/\/mering.info\/wp-content\/uploads\/2016\/03\/Doris-1_500.jpg 356w\" sizes=\"(max-width: 89px) 100vw, 89px\" \/>Doris Gerlach<\/td>\n<td style=\"border-color: #000000; text-align: left; vertical-align: top; height: 377px; width: 48.8095%;\">Bund Naturschutz Mering\n<p>B\u00fcrgernetz Mering<\/p>\n<p>Tel.: 08233 9093<\/p>\n<\/td>\n<td style=\"border-color: #000000; text-align: left; vertical-align: top; height: 377px; width: 33.1349%;\">Zukunftsorientiert und nachhaltig leben hei\u00dft f\u00fcr mich, die Natur zum Vorbild nehmen und bedeutet, wie in einem lebendigen Netzwerk als Teil des Ganzen zu handeln. Wenn alle Menschen so leben w\u00fcrden , wie wir in Deutschland, br\u00e4uchten wir zwei weitere Erden f\u00fcr uns!<br \/>Deshalb w\u00fcnsche ich mir, da\u00df auch auf\u00a0 diesem Fest sp\u00fcrbar wird: &#8222;GUT LEBEN STATT VIEL HABEN&#8220;<\/td>\n<\/tr>\n<tr style=\"height: 287px;\">\n<td style=\"border-color: #000000; text-align: left; vertical-align: top; height: 287px; width: 17.8571%;\"><img loading=\"lazy\" decoding=\"async\" class=\"alignnone wp-image-190\" src=\"https:\/\/mering.info\/wp-content\/uploads\/2016\/03\/Haeberle-2_500.jpg\" alt=\"Haeberle-2_500\" width=\"89\" height=\"124\" srcset=\"https:\/\/mering.info\/wp-content\/uploads\/2016\/03\/Haeberle-2_500.jpg 358w, https:\/\/mering.info\/wp-content\/uploads\/2016\/03\/Haeberle-2_500-215x300.jpg 215w\" sizes=\"(max-width: 89px) 100vw, 89px\" \/>J\u00f6rg H\u00e4berle<\/td>\n<td style=\"border-color: #000000; text-align: left; vertical-align: top; height: 287px; width: 48.8095%;\">\n<p>Freier B\u00fcrger<\/p>\n<p>Tel.: 08233 20682<\/p>\n<\/td>\n<td style=\"border-color: #000000; text-align: left; vertical-align: top; height: 287px; width: 33.1349%;\">Mir ist wichtig, das Thema Nachhaltigkeit in Mering zu beleben und bewusst zu machen. Mein Ziel ist es, dass man sich mittels einer Plattform und eines Leitfadens \u00fcber lokal nachhaltig Handelnde\u00a0 informieren und deren Angebote nutzen kann.<\/td>\n<\/tr>\n<tr style=\"height: 227px;\">\n<td style=\"border-color: #000000; text-align: left; vertical-align: top; height: 227px; width: 17.8571%;\"><img loading=\"lazy\" decoding=\"async\" class=\"alignnone size-full wp-image-1060\" src=\"https:\/\/mering.info\/wp-content\/uploads\/2016\/03\/IMAG0245_55.jpg\" alt=\"\" width=\"110\" height=\"156\" \/>Anneliese Herter<\/td>\n<td style=\"border-color: #000000; text-align: left; vertical-align: top; height: 227px; width: 48.8095%;\">Katholischer Frauenbund Mering e.V.\n<p>Mitglied des katholischen Pfarrgemeinderates von St. Michael, Mering<\/p>\n<p>Tel. 08233 1322<\/p>\n<\/td>\n<td style=\"border-color: #000000; text-align: left; vertical-align: top; height: 227px; width: 33.1349%;\">Unsere Pflicht ist es, weltweit so gut als m\u00f6glich unseren Nachkommen eine saubere, lebensf\u00e4hige Umwelt zu hinterlassen, sowie fair und solidarisch mit den Menschen umzugehen.<\/td>\n<\/tr>\n<tr style=\"height: 269px;\">\n<td style=\"border-color: #000000; text-align: left; vertical-align: top; width: 17.8571%; height: 269px;\"><img loading=\"lazy\" decoding=\"async\" class=\"alignnone size-full wp-image-3329\" src=\"https:\/\/mering.info\/wp-content\/uploads\/2020\/12\/Valerie-Klatte.jpg\" alt=\"\" width=\"86\" height=\"102\" \/>Valerie Klatte-Asselmeyer<\/td>\n<td style=\"border-color: #000000; text-align: left; vertical-align: top; width: 48.8095%; height: 269px;\">Bund Naturschutz Mering-Ried\n<p>Parents for Future Mering<\/p>\n<\/td>\n<td style=\"border-color: #000000; text-align: left; vertical-align: top; width: 33.1349%; height: 269px;\">Ein nachhaltiger, zukunftstauglicher und umweltbewusster Lebenstil ist mir als Mutter, Biologin und Mensch sehr wichtig. Engagement in einer gleichgesinnten Gemeinschaft macht Sinn und Spa\u00df, denn: den Kopf einziehen und hoffen, dass alles von alleine besser wird, funktioniert nicht.<\/td>\n<\/tr>\n<tr style=\"height: 197px;\">\n<td style=\"border-color: #000000; text-align: left; vertical-align: top; width: 17.8571%; height: 197px;\"><img loading=\"lazy\" decoding=\"async\" class=\"alignnone size-full wp-image-3353\" src=\"https:\/\/mering.info\/wp-content\/uploads\/2021\/01\/Sarah_verkleinert.jpg\" alt=\"\" width=\"700\" height=\"902\" srcset=\"https:\/\/mering.info\/wp-content\/uploads\/2021\/01\/Sarah_verkleinert.jpg 700w, https:\/\/mering.info\/wp-content\/uploads\/2021\/01\/Sarah_verkleinert-233x300.jpg 233w\" sizes=\"(max-width: 700px) 100vw, 700px\" \/>Sarah Kohlberger<\/td>\n<td style=\"border-color: #000000; text-align: left; vertical-align: top; width: 48.8095%; height: 197px;\">Freie B\u00fcrgerin<\/td>\n<td style=\"border-color: #000000; text-align: left; vertical-align: top; width: 33.1349%; height: 197px;\">Wie soll unsere Erde morgen aussehen? Unsere heutigen Taten<br \/>entscheiden dar\u00fcber! Nachhaltigkeit bedeutet f\u00fcr mich, nicht nur im Heute zu leben, sondern auch die richtigen Entscheidungen f\u00fcr morgen zu treffen.<\/td>\n<\/tr>\n<tr style=\"height: 155px;\">\n<td style=\"border-color: #000000; text-align: left; vertical-align: top; height: 155px; width: 17.8571%;\"><img loading=\"lazy\" decoding=\"async\" class=\"alignnone wp-image-280\" src=\"https:\/\/mering.info\/wp-content\/uploads\/2016\/03\/Micon-Kreft_500-214x300.jpg\" alt=\"Micon Kreft_500\" width=\"89\" height=\"125\" srcset=\"https:\/\/mering.info\/wp-content\/uploads\/2016\/03\/Micon-Kreft_500-214x300.jpg 214w, https:\/\/mering.info\/wp-content\/uploads\/2016\/03\/Micon-Kreft_500.jpg 357w\" sizes=\"(max-width: 89px) 100vw, 89px\" \/>Micon Kreft<\/td>\n<td style=\"border-color: #000000; text-align: left; vertical-align: top; height: 155px; width: 48.8095%;\">Freie B\u00fcrgerin\n<p>E-Mail: laguna2002de(at)gmail(dot)com<\/p>\n<\/td>\n<td style=\"border-color: #000000; text-align: left; vertical-align: top; height: 155px; width: 33.1349%;\">Es ist unsere Pflicht unseren Kindern und den zuk\u00fcnftigen Generationen eine saubere Umwelt zu vererben!<\/td>\n<\/tr>\n<tr style=\"height: 53px;\">\n<td style=\"border-color: #000000; text-align: left; vertical-align: top; width: 17.8571%; height: 53px;\">Jonathan Lidl<\/td>\n<td style=\"border-color: #000000; text-align: left; vertical-align: top; width: 48.8095%; height: 53px;\">Fridays for Future Mering<\/td>\n<td style=\"border-color: #000000; text-align: left; vertical-align: top; width: 33.1349%; height: 53px;\">There is no Planet B.<\/td>\n<\/tr>\n<tr style=\"height: 159px;\">\n<td style=\"border-color: #000000; text-align: left; vertical-align: top; width: 17.8571%; height: 159px;\"><img loading=\"lazy\" decoding=\"async\" class=\"alignnone size-medium wp-image-3510\" src=\"https:\/\/mering.info\/wp-content\/uploads\/2021\/05\/Thomas-Lidl-205x300.jpg\" alt=\"\" width=\"205\" height=\"300\" srcset=\"https:\/\/mering.info\/wp-content\/uploads\/2021\/05\/Thomas-Lidl-205x300.jpg 205w, https:\/\/mering.info\/wp-content\/uploads\/2021\/05\/Thomas-Lidl-698x1024.jpg 698w, https:\/\/mering.info\/wp-content\/uploads\/2021\/05\/Thomas-Lidl-768x1126.jpg 768w, https:\/\/mering.info\/wp-content\/uploads\/2021\/05\/Thomas-Lidl-1048x1536.jpg 1048w, https:\/\/mering.info\/wp-content\/uploads\/2021\/05\/Thomas-Lidl.jpg 1107w\" sizes=\"(max-width: 205px) 100vw, 205px\" \/>Thomas Lidl<\/td>\n<td style=\"border-color: #000000; text-align: left; vertical-align: top; width: 48.8095%; height: 159px;\">\n<p>E-Mail: <a href=\"mailto:t-lidl@web.de\">t-lidl@web.de<\/a><\/p>\n<\/td>\n<td style=\"border-color: #000000; text-align: left; vertical-align: top; width: 33.1349%; height: 159px;\">Weniger ist mehr.<\/td>\n<\/tr>\n<tr style=\"height: 323px;\">\n<td style=\"border-color: #000000; text-align: left; vertical-align: top; height: 323px; width: 17.8571%;\" data-wp-editing=\"1\"><img loading=\"lazy\" decoding=\"async\" class=\"alignnone size-full wp-image-2021\" src=\"https:\/\/mering.info\/wp-content\/uploads\/2017\/11\/Esther-Obst-Kennedy.jpg\" alt=\"\" width=\"512\" height=\"709\" srcset=\"https:\/\/mering.info\/wp-content\/uploads\/2017\/11\/Esther-Obst-Kennedy.jpg 512w, https:\/\/mering.info\/wp-content\/uploads\/2017\/11\/Esther-Obst-Kennedy-217x300.jpg 217w\" sizes=\"(max-width: 512px) 100vw, 512px\" \/> Esther Obst-Kennedy<\/td>\n<td style=\"border-color: #000000; text-align: left; vertical-align: top; height: 323px; width: 48.8095%;\">\n<p>B\u00fcndnis 90 \/ Die Gr\u00fcnen OV Mering<\/p>\n<p>Tel. 08233 1803<\/p>\n<\/td>\n<td style=\"border-color: #000000; text-align: left; vertical-align: top; height: 323px; width: 33.1349%;\">Nachhaltigkeit hat f\u00fcr mich auch eine soziale Komponente. Nur wenn alle gleichberechtigt an der Gesellschaft teilhaben, kann diese sich nachhaltig entwickeln. Deshalb engagiere ich mich beim Deutschunterricht f\u00fcr Asylbewerber, damit sie die Chance bekommen, f\u00fcr sich in Mering eine neue Heimat zu schaffen.<\/td>\n<\/tr>\n<tr style=\"height: 161px;\">\n<td style=\"border-color: #000000; text-align: left; vertical-align: top; height: 161px; width: 17.8571%;\"><img loading=\"lazy\" decoding=\"async\" class=\"alignnone wp-image-182\" src=\"https:\/\/mering.info\/wp-content\/uploads\/2016\/03\/Bild02.jpg\" alt=\"Bild02\" width=\"89\" height=\"120\" srcset=\"https:\/\/mering.info\/wp-content\/uploads\/2016\/03\/Bild02.jpg 402w, https:\/\/mering.info\/wp-content\/uploads\/2016\/03\/Bild02-223x300.jpg 223w\" sizes=\"(max-width: 89px) 100vw, 89px\" \/>Reinhold Reibl<\/td>\n<td style=\"border-color: #000000; text-align: left; vertical-align: top; height: 161px; width: 48.8095%;\">\n<p>AK-Nachhaltigkeit<br \/>KAB-Di\u00f6zesanverband Augsburg<\/p>\n<p>Tel.: 07309 2275<\/p>\n<\/td>\n<td style=\"border-color: #000000; text-align: left; vertical-align: top; height: 161px; width: 33.1349%;\">Ohne Nachhaltigkeit ist morgen kein gerechtes, gesundes Leben m\u00f6glich &#8211; machen wir mit diesem Fest wieder einen kleinen Schritt dahin.<\/td>\n<\/tr>\n<tr style=\"height: 71px;\">\n<td style=\"border-color: #000000; text-align: left; vertical-align: top; width: 17.8571%; height: 71px;\">Ute Sch\u00fcbele-Weber<\/td>\n<td style=\"border-color: #000000; text-align: left; vertical-align: top; width: 48.8095%; height: 71px;\">BUND Naturschutz Mering<\/td>\n<td style=\"border-color: #000000; text-align: left; vertical-align: top; width: 33.1349%; height: 71px;\">\u00a0<\/td>\n<\/tr>\n<tr style=\"height: 251px;\">\n<td style=\"border-color: #000000; text-align: left; vertical-align: top; height: 251px; width: 17.8571%;\"><img loading=\"lazy\" decoding=\"async\" class=\"alignnone wp-image-206\" src=\"https:\/\/mering.info\/wp-content\/uploads\/2016\/03\/js_neu_klein.jpg\" alt=\"js_neu_klein\" width=\"89\" height=\"124\" \/>Jan Sandvoss<\/td>\n<td style=\"border-color: #000000; text-align: left; vertical-align: top; height: 251px; width: 48.8095%;\">Freier B\u00fcrger<\/td>\n<td style=\"border-color: #000000; text-align: left; vertical-align: top; height: 251px; width: 33.1349%;\">F\u00fcr mich ist das Fest ein Weg, Anderen und mir neue Wege, Ideen und Anregungen zu vermitteln sowie nachhaltig zu denken und zu handeln.<br \/>Viele Einzelne zusammen k\u00f6nnen gro\u00dfe Ver\u00e4nderungen bewirken.<\/td>\n<\/tr>\n<tr style=\"height: 233px;\">\n<td style=\"border-color: #000000; text-align: left; vertical-align: top; height: 233px; width: 17.8571%;\"><img loading=\"lazy\" decoding=\"async\" class=\"alignnone wp-image-199\" src=\"https:\/\/mering.info\/wp-content\/uploads\/2016\/03\/Wolfhard_500_blau.jpg\" alt=\"Wolfhard_500_blau\" width=\"89\" height=\"125\" srcset=\"https:\/\/mering.info\/wp-content\/uploads\/2016\/03\/Wolfhard_500_blau.jpg 357w, https:\/\/mering.info\/wp-content\/uploads\/2016\/03\/Wolfhard_500_blau-214x300.jpg 214w\" sizes=\"(max-width: 89px) 100vw, 89px\" \/>Wolfhard von Thienen<\/td>\n<td style=\"border-color: #000000; text-align: left; vertical-align: top; height: 233px; width: 48.8095%;\">\n<p>Mitglied der Spezies &#8222;Homo sapiens sapiens&#8220; auf dem einzigen bekannten Planeten im Universum, der Leben erm\u00f6glicht.<\/p>\n<p>Tel.: 08233 31286<\/p>\n<\/td>\n<td style=\"border-color: #000000; text-align: left; vertical-align: top; height: 233px; width: 33.1349%;\">Wir m\u00fcssen endlich verstehen, dass wir Teil einer wunderbaren Natur sind. Sie hat sich viele Jahrmillionen auch ohne uns Menschen sehr gut entwickelt. Wir entscheiden, ob das bald wieder so sein wird.<\/td>\n<\/tr>\n<tr style=\"height: 233px;\">\n<td style=\"border-color: #000000; text-align: left; vertical-align: top; height: 233px; width: 17.8571%;\"><img loading=\"lazy\" decoding=\"async\" class=\"alignnone size-full wp-image-3309\" src=\"https:\/\/mering.info\/wp-content\/uploads\/2020\/12\/von-thienen_petra.jpg\" alt=\"\" width=\"900\" height=\"1000\" \/>Petra von Thienen<\/td>\n<td style=\"border-color: #000000; text-align: left; vertical-align: top; height: 233px; width: 48.8095%;\">B\u00fcndnis 90 \/ Die Gr\u00fcnen<br \/>Marktgemeinder\u00e4tin<br \/>Kreisr\u00e4tin\n<p>E-Mail:\u00a0 <a href=\"mailto:kontakt@petravonthienen.de\">kontakt@petravonthienen.de<\/a><\/p>\n<\/td>\n<td style=\"border-color: #000000; text-align: left; vertical-align: top; height: 233px; width: 33.1349%;\">Das oberste Ziel einer Gemeinde muss heutzutage der Klimaschutz und die Nachhaltigkeit in allen Belangen sein. Ich engagiere mich im B\u00fcndnis f\u00fcr Nachhaltigkeit, weil wir gemeinsam viel mehr bewegen k\u00f6nnen. Und gemeinsam macht es au\u00dferdem mehr Spa\u00df!<\/td>\n<\/tr>\n<tr>\n<td style=\"border-color: #000000; text-align: left; vertical-align: top; width: 17.8571%;\">\n<p><img loading=\"lazy\" decoding=\"async\" class=\" wp-image-5836\" style=\"font-weight: bold; background-color: transparent; color: #767676;\" src=\"https:\/\/mering.info\/wp-content\/uploads\/2025\/02\/Sandra-Wacker_700-249x300.png\" alt=\"Sandra Wacker\" width=\"88\" height=\"106\" srcset=\"https:\/\/mering.info\/wp-content\/uploads\/2025\/02\/Sandra-Wacker_700-249x300.png 249w, https:\/\/mering.info\/wp-content\/uploads\/2025\/02\/Sandra-Wacker_700.png 700w\" sizes=\"(max-width: 88px) 100vw, 88px\" \/><br \/>Sandra Wacker<\/p>\n<\/td>\n<td style=\"border-color: #000000; text-align: left; vertical-align: top; width: 48.8095%;\">\n<div dir=\"ltr\">Bund Naturschutz (Merching)<\/div>\n<div dir=\"ltr\">Gemeinwohl-\u00d6konomie (Regionalgruppe M\u00fcnchen)<\/div>\n<div dir=\"ltr\">\u00a0<\/div>\n<div dir=\"ltr\">Tel.: 0152 08056721<\/div>\n<\/td>\n<td style=\"border-color: #000000; text-align: left; vertical-align: top; width: 33.1349%;\">Ich glaube fest daran, dass unsere Gemeinde zukunftsf\u00e4hig sein muss. Gemeinwohl, Klimaschutz und Nachhaltigkeit sind f\u00fcr mich nicht verhandelbar. Im B\u00fcndnis nachhaltiges Mering bin ich dabei, weil wir zusammen einfach mehr bewegen k\u00f6nnen und es gemeinsam auch noch viel mehr Spa\u00df macht, f\u00fcr das Gemeinwohl aktiv zu sein und unsere Zukunft zu gestalten!<\/td>\n<\/tr>\n<\/tbody>\n<\/table>\n<p>\u00a0<\/p>\n\n","protected":false},"excerpt":{"rendered":"<p>Die Aktiven, die im Organisations-Team unseres &#8222;B\u00fcndnis f\u00fcr Nachhaltigkeit&#8220; mit anpacken um das Thema voranzubringen, finden Sie auf dieser Seite (in alphabetischer Reihenfolge). Name Kontakt Mein Statement Michael Dudella KAB-BildungsreferentAK-Nachhaltigkeit &hellip; <a href=\"https:\/\/mering.info\/?page_id=162\" class=\"more-link\"><span class=\"screen-reader-text\">Aktive<\/span> weiterlesen <span class=\"meta-nav\">&rarr;<\/span><\/a><\/p>\n","protected":false},"author":8,"featured_media":0,"parent":0,"menu_order":0,"comment_status":"closed","ping_status":"closed","template":"","meta":{"jetpack_post_was_ever_published":false,"footnotes":""},"class_list":["post-162","page","type-page","status-publish","hentry"],"yoast_head":"<!-- This site is optimized with the Yoast SEO plugin v27.5 - https:\/\/yoast.com\/product\/yoast-seo-wordpress\/ -->\n<title>Aktive - Nachhaltiges Mering<\/title>\n<meta name=\"robots\" content=\"index, follow, max-snippet:-1, max-image-preview:large, max-video-preview:-1\" \/>\n<link rel=\"canonical\" href=\"https:\/\/mering.info\/?page_id=162\" \/>\n<meta property=\"og:locale\" content=\"de_DE\" \/>\n<meta property=\"og:type\" content=\"article\" \/>\n<meta property=\"og:title\" content=\"Aktive - Nachhaltiges Mering\" \/>\n<meta property=\"og:description\" content=\"Die Aktiven, die im Organisations-Team unseres &#8222;B\u00fcndnis f\u00fcr Nachhaltigkeit&#8220; mit anpacken um das Thema voranzubringen, finden Sie auf dieser Seite (in alphabetischer Reihenfolge). Name Kontakt Mein Statement Michael Dudella KAB-BildungsreferentAK-Nachhaltigkeit &hellip; Aktive weiterlesen &rarr;\" \/>\n<meta property=\"og:url\" content=\"https:\/\/mering.info\/?page_id=162\" \/>\n<meta property=\"og:site_name\" content=\"Nachhaltiges Mering\" \/>\n<meta property=\"article:modified_time\" content=\"2025-02-02T18:58:04+00:00\" \/>\n<meta property=\"og:image\" content=\"https:\/\/mering.info\/wp-content\/uploads\/2016\/03\/P1010033_500.jpg\" \/>\n\t<meta property=\"og:image:width\" content=\"357\" \/>\n\t<meta property=\"og:image:height\" content=\"500\" \/>\n\t<meta property=\"og:image:type\" content=\"image\/jpeg\" \/>\n<meta name=\"twitter:card\" content=\"summary_large_image\" \/>\n<meta name=\"twitter:label1\" content=\"Gesch\u00e4tzte Lesezeit\" \/>\n\t<meta name=\"twitter:data1\" content=\"7\u00a0Minuten\" \/>\n<script type=\"application\/ld+json\" class=\"yoast-schema-graph\">{\"@context\":\"https:\\\/\\\/schema.org\",\"@graph\":[{\"@type\":\"WebPage\",\"@id\":\"https:\\\/\\\/mering.info\\\/?page_id=162\",\"url\":\"https:\\\/\\\/mering.info\\\/?page_id=162\",\"name\":\"Aktive - Nachhaltiges Mering\",\"isPartOf\":{\"@id\":\"https:\\\/\\\/mering.info\\\/#website\"},\"primaryImageOfPage\":{\"@id\":\"https:\\\/\\\/mering.info\\\/?page_id=162#primaryimage\"},\"image\":{\"@id\":\"https:\\\/\\\/mering.info\\\/?page_id=162#primaryimage\"},\"thumbnailUrl\":\"https:\\\/\\\/mering.info\\\/wp-content\\\/uploads\\\/2016\\\/03\\\/P1010033_500-214x300.jpg\",\"datePublished\":\"2016-03-01T11:02:22+00:00\",\"dateModified\":\"2025-02-02T18:58:04+00:00\",\"breadcrumb\":{\"@id\":\"https:\\\/\\\/mering.info\\\/?page_id=162#breadcrumb\"},\"inLanguage\":\"de\",\"potentialAction\":[{\"@type\":\"ReadAction\",\"target\":[\"https:\\\/\\\/mering.info\\\/?page_id=162\"]}]},{\"@type\":\"ImageObject\",\"inLanguage\":\"de\",\"@id\":\"https:\\\/\\\/mering.info\\\/?page_id=162#primaryimage\",\"url\":\"https:\\\/\\\/mering.info\\\/wp-content\\\/uploads\\\/2016\\\/03\\\/P1010033_500.jpg\",\"contentUrl\":\"https:\\\/\\\/mering.info\\\/wp-content\\\/uploads\\\/2016\\\/03\\\/P1010033_500.jpg\",\"width\":357,\"height\":500},{\"@type\":\"BreadcrumbList\",\"@id\":\"https:\\\/\\\/mering.info\\\/?page_id=162#breadcrumb\",\"itemListElement\":[{\"@type\":\"ListItem\",\"position\":1,\"name\":\"Startseite\",\"item\":\"https:\\\/\\\/mering.info\\\/\"},{\"@type\":\"ListItem\",\"position\":2,\"name\":\"Aktive\"}]},{\"@type\":\"WebSite\",\"@id\":\"https:\\\/\\\/mering.info\\\/#website\",\"url\":\"https:\\\/\\\/mering.info\\\/\",\"name\":\"Nachhaltiges Mering\",\"description\":\"Zukunftsf\u00e4higes Mering\",\"potentialAction\":[{\"@type\":\"SearchAction\",\"target\":{\"@type\":\"EntryPoint\",\"urlTemplate\":\"https:\\\/\\\/mering.info\\\/?s={search_term_string}\"},\"query-input\":{\"@type\":\"PropertyValueSpecification\",\"valueRequired\":true,\"valueName\":\"search_term_string\"}}],\"inLanguage\":\"de\"}]}<\/script>\n<!-- \/ Yoast SEO plugin. -->","yoast_head_json":{"title":"Aktive - Nachhaltiges Mering","robots":{"index":"index","follow":"follow","max-snippet":"max-snippet:-1","max-image-preview":"max-image-preview:large","max-video-preview":"max-video-preview:-1"},"canonical":"https:\/\/mering.info\/?page_id=162","og_locale":"de_DE","og_type":"article","og_title":"Aktive - Nachhaltiges Mering","og_description":"Die Aktiven, die im Organisations-Team unseres &#8222;B\u00fcndnis f\u00fcr Nachhaltigkeit&#8220; mit anpacken um das Thema voranzubringen, finden Sie auf dieser Seite (in alphabetischer Reihenfolge). Name Kontakt Mein Statement Michael Dudella KAB-BildungsreferentAK-Nachhaltigkeit &hellip; Aktive weiterlesen &rarr;","og_url":"https:\/\/mering.info\/?page_id=162","og_site_name":"Nachhaltiges Mering","article_modified_time":"2025-02-02T18:58:04+00:00","og_image":[{"width":357,"height":500,"url":"https:\/\/mering.info\/wp-content\/uploads\/2016\/03\/P1010033_500.jpg","type":"image\/jpeg"}],"twitter_card":"summary_large_image","twitter_misc":{"Gesch\u00e4tzte Lesezeit":"7\u00a0Minuten"},"schema":{"@context":"https:\/\/schema.org","@graph":[{"@type":"WebPage","@id":"https:\/\/mering.info\/?page_id=162","url":"https:\/\/mering.info\/?page_id=162","name":"Aktive - Nachhaltiges Mering","isPartOf":{"@id":"https:\/\/mering.info\/#website"},"primaryImageOfPage":{"@id":"https:\/\/mering.info\/?page_id=162#primaryimage"},"image":{"@id":"https:\/\/mering.info\/?page_id=162#primaryimage"},"thumbnailUrl":"https:\/\/mering.info\/wp-content\/uploads\/2016\/03\/P1010033_500-214x300.jpg","datePublished":"2016-03-01T11:02:22+00:00","dateModified":"2025-02-02T18:58:04+00:00","breadcrumb":{"@id":"https:\/\/mering.info\/?page_id=162#breadcrumb"},"inLanguage":"de","potentialAction":[{"@type":"ReadAction","target":["https:\/\/mering.info\/?page_id=162"]}]},{"@type":"ImageObject","inLanguage":"de","@id":"https:\/\/mering.info\/?page_id=162#primaryimage","url":"https:\/\/mering.info\/wp-content\/uploads\/2016\/03\/P1010033_500.jpg","contentUrl":"https:\/\/mering.info\/wp-content\/uploads\/2016\/03\/P1010033_500.jpg","width":357,"height":500},{"@type":"BreadcrumbList","@id":"https:\/\/mering.info\/?page_id=162#breadcrumb","itemListElement":[{"@type":"ListItem","position":1,"name":"Startseite","item":"https:\/\/mering.info\/"},{"@type":"ListItem","position":2,"name":"Aktive"}]},{"@type":"WebSite","@id":"https:\/\/mering.info\/#website","url":"https:\/\/mering.info\/","name":"Nachhaltiges Mering","description":"Zukunftsf\u00e4higes Mering","potentialAction":[{"@type":"SearchAction","target":{"@type":"EntryPoint","urlTemplate":"https:\/\/mering.info\/?s={search_term_string}"},"query-input":{"@type":"PropertyValueSpecification","valueRequired":true,"valueName":"search_term_string"}}],"inLanguage":"de"}]}},"jetpack_sharing_enabled":true,"_links":{"self":[{"href":"https:\/\/mering.info\/index.php?rest_route=\/wp\/v2\/pages\/162","targetHints":{"allow":["GET"]}}],"collection":[{"href":"https:\/\/mering.info\/index.php?rest_route=\/wp\/v2\/pages"}],"about":[{"href":"https:\/\/mering.info\/index.php?rest_route=\/wp\/v2\/types\/page"}],"author":[{"embeddable":true,"href":"https:\/\/mering.info\/index.php?rest_route=\/wp\/v2\/users\/8"}],"replies":[{"embeddable":true,"href":"https:\/\/mering.info\/index.php?rest_route=%2Fwp%2Fv2%2Fcomments&post=162"}],"version-history":[{"count":82,"href":"https:\/\/mering.info\/index.php?rest_route=\/wp\/v2\/pages\/162\/revisions"}],"predecessor-version":[{"id":5842,"href":"https:\/\/mering.info\/index.php?rest_route=\/wp\/v2\/pages\/162\/revisions\/5842"}],"wp:attachment":[{"href":"https:\/\/mering.info\/index.php?rest_route=%2Fwp%2Fv2%2Fmedia&parent=162"}],"curies":[{"name":"wp","href":"https:\/\/api.w.org\/{rel}","templated":true}]}}