{"id":2,"date":"2015-12-09T03:33:20","date_gmt":"2015-12-09T03:33:20","guid":{"rendered":"http:\/\/wp44m.a10-52-158-154.qa.plesk.ru\/wordpress\/?page_id=2"},"modified":"2022-11-12T17:59:07","modified_gmt":"2022-11-12T16:59:07","slug":"sample-page","status":"publish","type":"page","link":"https:\/\/mering.info\/?page_id=2","title":{"rendered":"Information"},"content":{"rendered":"<p>Hier finden Sie Informationen und Details:<\/p>\n<ul>\n<li><a href=\"https:\/\/mering.info\/?p=4\">Warum Nachhaltigkeit?<\/a><br \/>\nHier erl\u00e4utern wir unsere Beweggr\u00fcnde, warum wir das Thema wichtig finden und warum wir uns hier engagieren.<\/li>\n<li>Die <a href=\"https:\/\/mering.info\/?page_id=162\">Aktiven<\/a>, die im Organisations-Team des B\u00fcndnis f\u00fcr Nachhaltigkeit mitarbeiten.<\/li>\n<li><a href=\"https:\/\/mering.info\/?page_id=58\">Unterst\u00fctzer<\/a><br \/>\nOrganisationen, die das B\u00fcndnis f\u00fcr Nachhaltigkeit unterst\u00fctzen indem sie Veranstaltungen mit vorbereiten und durchf\u00fchren sowie diejenigen, die uns moralisch oder finanziell unter die Arme greifen.<\/li>\n<li>Einen \u00dcberblick \u00fcber <a href=\"https:\/\/mering.info\/?page_id=3917\">Presseschau<\/a>, die zu unserem Thema erschienen sind.<\/li>\n<li><a href=\"https:\/\/mering.info\/?page_id=22\">Interessante Links<\/a><br \/>\nInformationen aus dem Umfeld der Veranstaltung sowie zu weiterf\u00fchrenden Angeboten, die wir empfehlen.<\/li>\n<li><a href=\"https:\/\/mering.info\/?page_id=20\">Unsere Mediathek<\/a><br \/>\nMedien aller Art. Dokumente und Brosch\u00fcren zum Download.<\/li>\n<\/ul>\n","protected":false},"excerpt":{"rendered":"<p>Hier finden Sie Informationen und Details: Warum Nachhaltigkeit? Hier erl\u00e4utern wir unsere Beweggr\u00fcnde, warum wir das Thema wichtig finden und warum wir uns hier engagieren. Die Aktiven, die im Organisations-Team &hellip; <a href=\"https:\/\/mering.info\/?page_id=2\" class=\"more-link\"><span class=\"screen-reader-text\">Information<\/span> weiterlesen <span class=\"meta-nav\">&rarr;<\/span><\/a><\/p>\n","protected":false},"author":2,"featured_media":0,"parent":0,"menu_order":0,"comment_status":"closed","ping_status":"open","template":"","meta":{"jetpack_post_was_ever_published":false,"footnotes":""},"class_list":["post-2","page","type-page","status-publish","hentry"],"yoast_head":"<!-- This site is optimized with the Yoast SEO plugin v27.5 - https:\/\/yoast.com\/product\/yoast-seo-wordpress\/ -->\n<title>Information - Nachhaltiges Mering<\/title>\n<meta name=\"robots\" content=\"index, follow, max-snippet:-1, max-image-preview:large, max-video-preview:-1\" \/>\n<link rel=\"canonical\" href=\"https:\/\/mering.info\/?page_id=2\" \/>\n<meta property=\"og:locale\" content=\"de_DE\" \/>\n<meta property=\"og:type\" content=\"article\" \/>\n<meta property=\"og:title\" content=\"Information - Nachhaltiges Mering\" \/>\n<meta property=\"og:description\" content=\"Hier finden Sie Informationen und Details: Warum Nachhaltigkeit? Hier erl\u00e4utern wir unsere Beweggr\u00fcnde, warum wir das Thema wichtig finden und warum wir uns hier engagieren. Die Aktiven, die im Organisations-Team &hellip; Information weiterlesen &rarr;\" \/>\n<meta property=\"og:url\" content=\"https:\/\/mering.info\/?page_id=2\" \/>\n<meta property=\"og:site_name\" content=\"Nachhaltiges Mering\" \/>\n<meta property=\"article:modified_time\" content=\"2022-11-12T16:59:07+00:00\" \/>\n<meta name=\"twitter:card\" content=\"summary_large_image\" \/>\n<meta name=\"twitter:label1\" content=\"Gesch\u00e4tzte Lesezeit\" \/>\n\t<meta name=\"twitter:data1\" content=\"1\u00a0Minute\" \/>\n<script type=\"application\/ld+json\" class=\"yoast-schema-graph\">{\"@context\":\"https:\\\/\\\/schema.org\",\"@graph\":[{\"@type\":\"WebPage\",\"@id\":\"https:\\\/\\\/mering.info\\\/?page_id=2\",\"url\":\"https:\\\/\\\/mering.info\\\/?page_id=2\",\"name\":\"Information - Nachhaltiges Mering\",\"isPartOf\":{\"@id\":\"https:\\\/\\\/mering.info\\\/#website\"},\"datePublished\":\"2015-12-09T03:33:20+00:00\",\"dateModified\":\"2022-11-12T16:59:07+00:00\",\"breadcrumb\":{\"@id\":\"https:\\\/\\\/mering.info\\\/?page_id=2#breadcrumb\"},\"inLanguage\":\"de\",\"potentialAction\":[{\"@type\":\"ReadAction\",\"target\":[\"https:\\\/\\\/mering.info\\\/?page_id=2\"]}]},{\"@type\":\"BreadcrumbList\",\"@id\":\"https:\\\/\\\/mering.info\\\/?page_id=2#breadcrumb\",\"itemListElement\":[{\"@type\":\"ListItem\",\"position\":1,\"name\":\"Startseite\",\"item\":\"https:\\\/\\\/mering.info\\\/\"},{\"@type\":\"ListItem\",\"position\":2,\"name\":\"Information\"}]},{\"@type\":\"WebSite\",\"@id\":\"https:\\\/\\\/mering.info\\\/#website\",\"url\":\"https:\\\/\\\/mering.info\\\/\",\"name\":\"Nachhaltiges Mering\",\"description\":\"Zukunftsf\u00e4higes Mering\",\"potentialAction\":[{\"@type\":\"SearchAction\",\"target\":{\"@type\":\"EntryPoint\",\"urlTemplate\":\"https:\\\/\\\/mering.info\\\/?s={search_term_string}\"},\"query-input\":{\"@type\":\"PropertyValueSpecification\",\"valueRequired\":true,\"valueName\":\"search_term_string\"}}],\"inLanguage\":\"de\"}]}<\/script>\n<!-- \/ Yoast SEO plugin. -->","yoast_head_json":{"title":"Information - Nachhaltiges Mering","robots":{"index":"index","follow":"follow","max-snippet":"max-snippet:-1","max-image-preview":"max-image-preview:large","max-video-preview":"max-video-preview:-1"},"canonical":"https:\/\/mering.info\/?page_id=2","og_locale":"de_DE","og_type":"article","og_title":"Information - Nachhaltiges Mering","og_description":"Hier finden Sie Informationen und Details: Warum Nachhaltigkeit? Hier erl\u00e4utern wir unsere Beweggr\u00fcnde, warum wir das Thema wichtig finden und warum wir uns hier engagieren. Die Aktiven, die im Organisations-Team &hellip; Information weiterlesen &rarr;","og_url":"https:\/\/mering.info\/?page_id=2","og_site_name":"Nachhaltiges Mering","article_modified_time":"2022-11-12T16:59:07+00:00","twitter_card":"summary_large_image","twitter_misc":{"Gesch\u00e4tzte Lesezeit":"1\u00a0Minute"},"schema":{"@context":"https:\/\/schema.org","@graph":[{"@type":"WebPage","@id":"https:\/\/mering.info\/?page_id=2","url":"https:\/\/mering.info\/?page_id=2","name":"Information - Nachhaltiges Mering","isPartOf":{"@id":"https:\/\/mering.info\/#website"},"datePublished":"2015-12-09T03:33:20+00:00","dateModified":"2022-11-12T16:59:07+00:00","breadcrumb":{"@id":"https:\/\/mering.info\/?page_id=2#breadcrumb"},"inLanguage":"de","potentialAction":[{"@type":"ReadAction","target":["https:\/\/mering.info\/?page_id=2"]}]},{"@type":"BreadcrumbList","@id":"https:\/\/mering.info\/?page_id=2#breadcrumb","itemListElement":[{"@type":"ListItem","position":1,"name":"Startseite","item":"https:\/\/mering.info\/"},{"@type":"ListItem","position":2,"name":"Information"}]},{"@type":"WebSite","@id":"https:\/\/mering.info\/#website","url":"https:\/\/mering.info\/","name":"Nachhaltiges Mering","description":"Zukunftsf\u00e4higes Mering","potentialAction":[{"@type":"SearchAction","target":{"@type":"EntryPoint","urlTemplate":"https:\/\/mering.info\/?s={search_term_string}"},"query-input":{"@type":"PropertyValueSpecification","valueRequired":true,"valueName":"search_term_string"}}],"inLanguage":"de"}]}},"jetpack_sharing_enabled":true,"_links":{"self":[{"href":"https:\/\/mering.info\/index.php?rest_route=\/wp\/v2\/pages\/2","targetHints":{"allow":["GET"]}}],"collection":[{"href":"https:\/\/mering.info\/index.php?rest_route=\/wp\/v2\/pages"}],"about":[{"href":"https:\/\/mering.info\/index.php?rest_route=\/wp\/v2\/types\/page"}],"author":[{"embeddable":true,"href":"https:\/\/mering.info\/index.php?rest_route=\/wp\/v2\/users\/2"}],"replies":[{"embeddable":true,"href":"https:\/\/mering.info\/index.php?rest_route=%2Fwp%2Fv2%2Fcomments&post=2"}],"version-history":[{"count":8,"href":"https:\/\/mering.info\/index.php?rest_route=\/wp\/v2\/pages\/2\/revisions"}],"predecessor-version":[{"id":5196,"href":"https:\/\/mering.info\/index.php?rest_route=\/wp\/v2\/pages\/2\/revisions\/5196"}],"wp:attachment":[{"href":"https:\/\/mering.info\/index.php?rest_route=%2Fwp%2Fv2%2Fmedia&parent=2"}],"curies":[{"name":"wp","href":"https:\/\/api.w.org\/{rel}","templated":true}]}}