{"id":22,"date":"2015-12-21T14:56:11","date_gmt":"2015-12-21T13:56:11","guid":{"rendered":"http:\/\/mering.info\/?page_id=22"},"modified":"2024-02-10T14:46:34","modified_gmt":"2024-02-10T13:46:34","slug":"links","status":"publish","type":"page","link":"https:\/\/mering.info\/?page_id=22","title":{"rendered":"Links"},"content":{"rendered":"<p>Auf dieser Seite finden Sie Links zum Thema Nachhaltigkeit, die wir Ihnen empfehlen.<\/p>\n<h6>Allgemeine Informationen<\/h6>\n<ul>\n<li><strong><a href=\"http:\/\/bn-aic.de\/\" target=\"_blank\" rel=\"noopener noreferrer\">Bund Naturschutz Kreisgruppe Aichach-Friedberg<\/a><\/strong><br \/>\nDer Bund Naturschutz in Bayern e.V. ist der \u00e4lteste und gr\u00f6\u00dfte Umweltschutzverband Bayerns. Als anerkannter Umweltverband ist er bei Planungsvorhaben mit Eingriffen in Natur und Landschaft zu h\u00f6ren und zur Verbandsklage berechtigt. Der Verband finanziert sich durch seine Mitglieder und Spenden. Als gemeinn\u00fctziger Verein arbeitet er damit unabh\u00e4ngig von Parteipolitik, Wirtschaft und Religion.<\/li>\n<li><a href=\"https:\/\/bayern.ecogood.org\/paartal\/\" target=\"_blank\" rel=\"noopener noreferrer\"><strong>Gemeinwohl\u00f6konomie Paartal<\/strong><\/a><br \/>\nSeit 2017 gibt es eine lokale Gruppe, die sich mit dem Thema Gemeinwohl\u00f6konomie besch\u00e4ftigt. &#8222;Die Gemeinwohl-\u00d6konomie ist der Aufbruch zu einer ethischen Marktwirtschaft, deren Ziel nicht die Vermehrung von Geldkapital ist, sondern das gute Leben f\u00fcr alle.&#8220; Wer mehr wissen will oder sich in den Newsletter einklinken will, der folgt einfach diesem <a href=\"https:\/\/bayern.ecogood.org\/news\/\" target=\"_blank\" rel=\"noopener noreferrer\">Link<\/a>.<\/li>\n<li><strong><a href=\"http:\/\/www.konzeptwerk-neue-oekonomie.org\/\" target=\"_blank\" rel=\"noopener noreferrer\">Konzeptwerk Neue \u00d6konomie<\/a><\/strong><br \/>\nDas Konzeptwerk arbeitet daran, soziale Bewegungen zusammenzubringen. Wie? Durch eine wachsende Vernetzung, kontinuierliche Arbeit und gemeinsame Veranstaltungen. Auf der Webseite gibt es detaillierte Informationen zur Arbeitsweise und zu den Hintergr\u00fcnden. Wer regelm\u00e4\u00dfig informiert werden will, kann sich den informativen Newsletter bestellen.<\/li>\n<li><strong><a href=\"https:\/\/www.lifeguide-augsburg.de\" target=\"_blank\" rel=\"noopener noreferrer\">Lifeguide Portal Augsburg<\/a><\/strong><br \/>\nDas Internetportal Lifeguide f\u00f6rdert soziales und \u00f6kologisches Leben und Wirtschaften. \u00a0Es will dazu anregen, gemeinsam Verantwortung f\u00fcr eine lebenswerte und gerechte Zukunft zu \u00fcbernehmen. Die Inhalte \u2013 Artikel, Orte, Termine und Links \u2013 \u00a0sollen einen \u00f6kologisch, \u00f6konomisch, sozial und kulturell nachhaltigeren Lebensstil erm\u00f6glichen.<\/li>\n<li><a href=\"https:\/\/www.smarticular.net\/\" target=\"_blank\" rel=\"noopener noreferrer\"><strong>Smarticular<\/strong><\/a><br \/>\nAuf dieser Seite findet man viele Informationen und Tipps von <strong>Ges\u00fcnder leben<\/strong> \u00fcber <strong>Selber machen<\/strong>, <strong>Zeit und Geld sparen<\/strong>, <strong>Kinder<\/strong> bis zu <strong>Re- und Upcycling<\/strong>. Besonders interessant ist die\u00a0<strong> Nachhaltigkeits-Karte<\/strong> zum unverpackt einkaufen, teilen und leihen.<\/li>\n<li><strong><a href=\"http:\/\/www.utopia.de\/\" target=\"_blank\" rel=\"noopener noreferrer\">Utopia<\/a><\/strong><br \/>\nEine sehr informative Seite mit umfangreichen und aktuellen Informationen, Tipps und Angeboten zu praktisch allen Themen im Bereich der Nachhaltigkeit. Schnuppern Sie doch mal rein. Es lohnt sich!<\/li>\n<li><strong>\u00d6ko-Modellregion Paartal<\/strong><br \/>\nSind Sie auf der Suche nach Bio-Produkten aus dem Paartal?\u00a0\u00a0\u00a0\u00a0 Die Liste der \u00d6ko-Modellregion Paartal gibt Ihnen einen guten \u00dcberblick \u00fcber Bio-Angebote, bio-zertifizierte Direktvermarkter, ihre selbsterzeugten Produkte sowie die jeweiligen \u00d6ffnungszeiten in der \u00d6ko-Modellregion Paartal. Diese Liste ist noch nicht vollst\u00e4ndig und wird im Laufe der Zeit weiterwachsen.<\/li>\n<\/ul>\n<h6>Spezielle Informationen<\/h6>\n<ul>\n<li><strong><a href=\"https:\/\/www.vergleich.org\/echter-oekostrom\/\" target=\"_blank\" rel=\"noopener noreferrer\">Echter \u00d6kostrom<\/a><\/strong><br \/>\nZu \u00d6kostrom zu wechseln ist die eine Sache, dabei aber einen Anbieter von echtem \u00d6kostrom zu finden, die andere. Dieses Portal bietet solide, umfangreiche und gut verst\u00e4ndliche Information zu den echten \u00d6kostromanbietern, wie sie sonst nirgendwo im Netz zu finden ist.<\/li>\n<\/ul>\n<h6>Regionale Kulturangebote<\/h6>\n<ul>\n<li><strong>Minerva &#8211; Kulturversorger mittlerer Lechrain<\/strong><br \/>\nDieses Portal bietet Information zur regionalen Kultur wie z.B. Veranstaltungen, Ausstellungen, Museen und Ausflugstipps. Schauen Sie doch ab und zu mal rein.<\/li>\n<\/ul>\n<p>Weitere interessante Links finden Sie auf der Seite\u00a0 unserer\u00a0 <a href=\"https:\/\/mering.info\/?page_id=58\">Unterst\u00fctzer<\/a> sowie in unserem <a href=\"https:\/\/mering.info\/?p=7\">Programm<\/a>.<\/p>\n","protected":false},"excerpt":{"rendered":"<p>Auf dieser Seite finden Sie Links zum Thema Nachhaltigkeit, die wir Ihnen empfehlen. Allgemeine Informationen Bund Naturschutz Kreisgruppe Aichach-Friedberg Der Bund Naturschutz in Bayern e.V. ist der \u00e4lteste und gr\u00f6\u00dfte &hellip; <a href=\"https:\/\/mering.info\/?page_id=22\" class=\"more-link\"><span class=\"screen-reader-text\">Links<\/span> weiterlesen <span class=\"meta-nav\">&rarr;<\/span><\/a><\/p>\n","protected":false},"author":2,"featured_media":0,"parent":0,"menu_order":0,"comment_status":"closed","ping_status":"closed","template":"","meta":{"jetpack_post_was_ever_published":false,"footnotes":""},"class_list":["post-22","page","type-page","status-publish","hentry"],"yoast_head":"<!-- This site is optimized with the Yoast SEO plugin v27.5 - https:\/\/yoast.com\/product\/yoast-seo-wordpress\/ -->\n<title>Links - Nachhaltiges Mering<\/title>\n<meta name=\"robots\" content=\"index, follow, max-snippet:-1, max-image-preview:large, max-video-preview:-1\" \/>\n<link rel=\"canonical\" href=\"https:\/\/mering.info\/?page_id=22\" \/>\n<meta property=\"og:locale\" content=\"de_DE\" \/>\n<meta property=\"og:type\" content=\"article\" \/>\n<meta property=\"og:title\" content=\"Links - Nachhaltiges Mering\" \/>\n<meta property=\"og:description\" content=\"Auf dieser Seite finden Sie Links zum Thema Nachhaltigkeit, die wir Ihnen empfehlen. Allgemeine Informationen Bund Naturschutz Kreisgruppe Aichach-Friedberg Der Bund Naturschutz in Bayern e.V. ist der \u00e4lteste und gr\u00f6\u00dfte &hellip; Links weiterlesen &rarr;\" \/>\n<meta property=\"og:url\" content=\"https:\/\/mering.info\/?page_id=22\" \/>\n<meta property=\"og:site_name\" content=\"Nachhaltiges Mering\" \/>\n<meta property=\"article:modified_time\" content=\"2024-02-10T13:46:34+00:00\" \/>\n<meta name=\"twitter:card\" content=\"summary_large_image\" \/>\n<meta name=\"twitter:label1\" content=\"Gesch\u00e4tzte Lesezeit\" \/>\n\t<meta name=\"twitter:data1\" content=\"3\u00a0Minuten\" \/>\n<script type=\"application\/ld+json\" class=\"yoast-schema-graph\">{\"@context\":\"https:\\\/\\\/schema.org\",\"@graph\":[{\"@type\":\"WebPage\",\"@id\":\"https:\\\/\\\/mering.info\\\/?page_id=22\",\"url\":\"https:\\\/\\\/mering.info\\\/?page_id=22\",\"name\":\"Links - Nachhaltiges Mering\",\"isPartOf\":{\"@id\":\"https:\\\/\\\/mering.info\\\/#website\"},\"datePublished\":\"2015-12-21T13:56:11+00:00\",\"dateModified\":\"2024-02-10T13:46:34+00:00\",\"breadcrumb\":{\"@id\":\"https:\\\/\\\/mering.info\\\/?page_id=22#breadcrumb\"},\"inLanguage\":\"de\",\"potentialAction\":[{\"@type\":\"ReadAction\",\"target\":[\"https:\\\/\\\/mering.info\\\/?page_id=22\"]}]},{\"@type\":\"BreadcrumbList\",\"@id\":\"https:\\\/\\\/mering.info\\\/?page_id=22#breadcrumb\",\"itemListElement\":[{\"@type\":\"ListItem\",\"position\":1,\"name\":\"Startseite\",\"item\":\"https:\\\/\\\/mering.info\\\/\"},{\"@type\":\"ListItem\",\"position\":2,\"name\":\"Links\"}]},{\"@type\":\"WebSite\",\"@id\":\"https:\\\/\\\/mering.info\\\/#website\",\"url\":\"https:\\\/\\\/mering.info\\\/\",\"name\":\"Nachhaltiges Mering\",\"description\":\"Zukunftsf\u00e4higes Mering\",\"potentialAction\":[{\"@type\":\"SearchAction\",\"target\":{\"@type\":\"EntryPoint\",\"urlTemplate\":\"https:\\\/\\\/mering.info\\\/?s={search_term_string}\"},\"query-input\":{\"@type\":\"PropertyValueSpecification\",\"valueRequired\":true,\"valueName\":\"search_term_string\"}}],\"inLanguage\":\"de\"}]}<\/script>\n<!-- \/ Yoast SEO plugin. -->","yoast_head_json":{"title":"Links - Nachhaltiges Mering","robots":{"index":"index","follow":"follow","max-snippet":"max-snippet:-1","max-image-preview":"max-image-preview:large","max-video-preview":"max-video-preview:-1"},"canonical":"https:\/\/mering.info\/?page_id=22","og_locale":"de_DE","og_type":"article","og_title":"Links - Nachhaltiges Mering","og_description":"Auf dieser Seite finden Sie Links zum Thema Nachhaltigkeit, die wir Ihnen empfehlen. Allgemeine Informationen Bund Naturschutz Kreisgruppe Aichach-Friedberg Der Bund Naturschutz in Bayern e.V. ist der \u00e4lteste und gr\u00f6\u00dfte &hellip; Links weiterlesen &rarr;","og_url":"https:\/\/mering.info\/?page_id=22","og_site_name":"Nachhaltiges Mering","article_modified_time":"2024-02-10T13:46:34+00:00","twitter_card":"summary_large_image","twitter_misc":{"Gesch\u00e4tzte Lesezeit":"3\u00a0Minuten"},"schema":{"@context":"https:\/\/schema.org","@graph":[{"@type":"WebPage","@id":"https:\/\/mering.info\/?page_id=22","url":"https:\/\/mering.info\/?page_id=22","name":"Links - Nachhaltiges Mering","isPartOf":{"@id":"https:\/\/mering.info\/#website"},"datePublished":"2015-12-21T13:56:11+00:00","dateModified":"2024-02-10T13:46:34+00:00","breadcrumb":{"@id":"https:\/\/mering.info\/?page_id=22#breadcrumb"},"inLanguage":"de","potentialAction":[{"@type":"ReadAction","target":["https:\/\/mering.info\/?page_id=22"]}]},{"@type":"BreadcrumbList","@id":"https:\/\/mering.info\/?page_id=22#breadcrumb","itemListElement":[{"@type":"ListItem","position":1,"name":"Startseite","item":"https:\/\/mering.info\/"},{"@type":"ListItem","position":2,"name":"Links"}]},{"@type":"WebSite","@id":"https:\/\/mering.info\/#website","url":"https:\/\/mering.info\/","name":"Nachhaltiges Mering","description":"Zukunftsf\u00e4higes Mering","potentialAction":[{"@type":"SearchAction","target":{"@type":"EntryPoint","urlTemplate":"https:\/\/mering.info\/?s={search_term_string}"},"query-input":{"@type":"PropertyValueSpecification","valueRequired":true,"valueName":"search_term_string"}}],"inLanguage":"de"}]}},"jetpack_sharing_enabled":true,"_links":{"self":[{"href":"https:\/\/mering.info\/index.php?rest_route=\/wp\/v2\/pages\/22","targetHints":{"allow":["GET"]}}],"collection":[{"href":"https:\/\/mering.info\/index.php?rest_route=\/wp\/v2\/pages"}],"about":[{"href":"https:\/\/mering.info\/index.php?rest_route=\/wp\/v2\/types\/page"}],"author":[{"embeddable":true,"href":"https:\/\/mering.info\/index.php?rest_route=\/wp\/v2\/users\/2"}],"replies":[{"embeddable":true,"href":"https:\/\/mering.info\/index.php?rest_route=%2Fwp%2Fv2%2Fcomments&post=22"}],"version-history":[{"count":29,"href":"https:\/\/mering.info\/index.php?rest_route=\/wp\/v2\/pages\/22\/revisions"}],"predecessor-version":[{"id":5575,"href":"https:\/\/mering.info\/index.php?rest_route=\/wp\/v2\/pages\/22\/revisions\/5575"}],"wp:attachment":[{"href":"https:\/\/mering.info\/index.php?rest_route=%2Fwp%2Fv2%2Fmedia&parent=22"}],"curies":[{"name":"wp","href":"https:\/\/api.w.org\/{rel}","templated":true}]}}