{"id":2238,"date":"2018-05-16T20:37:11","date_gmt":"2018-05-16T18:37:11","guid":{"rendered":"http:\/\/mering.info\/?page_id=2238"},"modified":"2022-03-05T18:45:47","modified_gmt":"2022-03-05T17:45:47","slug":"newsletter","status":"publish","type":"page","link":"https:\/\/mering.info\/?page_id=2238","title":{"rendered":"Newsletter"},"content":{"rendered":"<p>Hier k\u00f6nnen Sie sich in unseren Newsletter-Verteiler aufnehmen lassen. Wir senden Ihnen dann in unregelm\u00e4\u00dfigen Abst\u00e4nden interessante Informationen zu unseren Themen zu.<\/p>\n<p class=\"bodytext\">Hierf\u00fcr ben\u00f6tigen wir Ihre E-Mail-Adresse und Ihre Erkl\u00e4rung, dass Sie mit dem Bezug des Newsletters einverstanden sind. Schicken\u00a0 Sie uns bitte eine <strong>E-Mail\u00a0 mit dem Betreff &#8218;Newsletter abonnieren&#8216;<\/strong> an die Adresse:<\/p>\n<ul>\n<li><a href=\"mailto:newsletter@mering.info\">newsletter(at)mering(punkt)info<\/a><\/li>\n<\/ul>\n<p>Wir senden Ihnen dann eine E-Mail mit dem folgenden Text an die angegebene Adresse, den Sie zur Best\u00e4tigung bitte wieder an uns zur\u00fccksenden:<\/p>\n<p>\u201eIch m\u00f6chte den Newsletter vom B\u00fcndnis f\u00fcr Nachhaltigkeit in Mering mit Informationen zu deren Themen und Veranstaltungen per E-Mail erhalten. Meine Daten werden keinesfalls an Dritte weitergegeben. Meine Einwilligung kann ich jederzeit per E-Mail an newsletter(at)mering(punkt)info und dem Betreff \u201aNewsletter abmelden\u2018 mit Wirkung f\u00fcr die Zukunft widerrufen. Zudem ist in jedem Newsletter ein Hinweis zur Abbestellung weiterer Informationen enthalten.\u201c<\/p>\n<p>Erst nach der Best\u00e4tigung beginnen wir mit der Zustellung des Newsletters. \u00dcber dieses Verfahren stellen wir sicher, dass die Anfrage von Ihnen kam. Ferner werden wir diese E-Mail als Nachweis speichern, dass Sie einen Eintrag in unseren Newsletter-Verteiler angefordert haben.<\/p>\n<p class=\"bodytext\">Eine Weitergabe der Daten an Dritte erfolgt nicht. Diese Daten werden ausschlie\u00dflich f\u00fcr den Versand des Newsletters genutzt.<\/p>\n<p class=\"bodytext\">Das Abo des Newsletters k\u00f6nnen Sie jederzeit stornieren. Einen entsprechenden Hinweis finden Sie in jedem verschickten Newsletter am Ende.<\/p>\n<p>Um den Newsletter wieder zu stornieren, schicken Sie\u00a0 uns bitte eine <strong>E-Mail\u00a0 mit dem Betreff &#8218;Newsletter stornieren&#8216;<\/strong> an die Adresse:<\/p>\n<ul>\n<li><a href=\"mailto:newsletter@mering.info\">newsletter(at)mering(punkt)info<\/a><\/li>\n<\/ul>\n<p>Wir l\u00f6schen anschlie\u00dfend umgehend Ihre Daten im Zusammenhang mit dem Newsletter-Versand.<\/p>\n","protected":false},"excerpt":{"rendered":"<p>Hier k\u00f6nnen Sie sich in unseren Newsletter-Verteiler aufnehmen lassen. Wir senden Ihnen dann in unregelm\u00e4\u00dfigen Abst\u00e4nden interessante Informationen zu unseren Themen zu. Hierf\u00fcr ben\u00f6tigen wir Ihre E-Mail-Adresse und Ihre Erkl\u00e4rung, &hellip; <a href=\"https:\/\/mering.info\/?page_id=2238\" class=\"more-link\"><span class=\"screen-reader-text\">Newsletter<\/span> weiterlesen <span class=\"meta-nav\">&rarr;<\/span><\/a><\/p>\n","protected":false},"author":1,"featured_media":0,"parent":0,"menu_order":0,"comment_status":"closed","ping_status":"closed","template":"","meta":{"jetpack_post_was_ever_published":false,"footnotes":""},"class_list":["post-2238","page","type-page","status-publish","hentry"],"yoast_head":"<!-- This site is optimized with the Yoast SEO plugin v27.5 - https:\/\/yoast.com\/product\/yoast-seo-wordpress\/ -->\n<title>Newsletter - Nachhaltiges Mering<\/title>\n<meta name=\"robots\" content=\"index, follow, max-snippet:-1, max-image-preview:large, max-video-preview:-1\" \/>\n<link rel=\"canonical\" href=\"https:\/\/mering.info\/?page_id=2238\" \/>\n<meta property=\"og:locale\" content=\"de_DE\" \/>\n<meta property=\"og:type\" content=\"article\" \/>\n<meta property=\"og:title\" content=\"Newsletter - Nachhaltiges Mering\" \/>\n<meta property=\"og:description\" content=\"Hier k\u00f6nnen Sie sich in unseren Newsletter-Verteiler aufnehmen lassen. Wir senden Ihnen dann in unregelm\u00e4\u00dfigen Abst\u00e4nden interessante Informationen zu unseren Themen zu. Hierf\u00fcr ben\u00f6tigen wir Ihre E-Mail-Adresse und Ihre Erkl\u00e4rung, &hellip; Newsletter weiterlesen &rarr;\" \/>\n<meta property=\"og:url\" content=\"https:\/\/mering.info\/?page_id=2238\" \/>\n<meta property=\"og:site_name\" content=\"Nachhaltiges Mering\" \/>\n<meta property=\"article:modified_time\" content=\"2022-03-05T17:45:47+00:00\" \/>\n<meta name=\"twitter:card\" content=\"summary_large_image\" \/>\n<meta name=\"twitter:label1\" content=\"Gesch\u00e4tzte Lesezeit\" \/>\n\t<meta name=\"twitter:data1\" content=\"2\u00a0Minuten\" \/>\n<script type=\"application\/ld+json\" class=\"yoast-schema-graph\">{\"@context\":\"https:\\\/\\\/schema.org\",\"@graph\":[{\"@type\":\"WebPage\",\"@id\":\"https:\\\/\\\/mering.info\\\/?page_id=2238\",\"url\":\"https:\\\/\\\/mering.info\\\/?page_id=2238\",\"name\":\"Newsletter - Nachhaltiges Mering\",\"isPartOf\":{\"@id\":\"https:\\\/\\\/mering.info\\\/#website\"},\"datePublished\":\"2018-05-16T18:37:11+00:00\",\"dateModified\":\"2022-03-05T17:45:47+00:00\",\"breadcrumb\":{\"@id\":\"https:\\\/\\\/mering.info\\\/?page_id=2238#breadcrumb\"},\"inLanguage\":\"de\",\"potentialAction\":[{\"@type\":\"ReadAction\",\"target\":[\"https:\\\/\\\/mering.info\\\/?page_id=2238\"]}]},{\"@type\":\"BreadcrumbList\",\"@id\":\"https:\\\/\\\/mering.info\\\/?page_id=2238#breadcrumb\",\"itemListElement\":[{\"@type\":\"ListItem\",\"position\":1,\"name\":\"Startseite\",\"item\":\"https:\\\/\\\/mering.info\\\/\"},{\"@type\":\"ListItem\",\"position\":2,\"name\":\"Newsletter\"}]},{\"@type\":\"WebSite\",\"@id\":\"https:\\\/\\\/mering.info\\\/#website\",\"url\":\"https:\\\/\\\/mering.info\\\/\",\"name\":\"Nachhaltiges Mering\",\"description\":\"Zukunftsf\u00e4higes Mering\",\"potentialAction\":[{\"@type\":\"SearchAction\",\"target\":{\"@type\":\"EntryPoint\",\"urlTemplate\":\"https:\\\/\\\/mering.info\\\/?s={search_term_string}\"},\"query-input\":{\"@type\":\"PropertyValueSpecification\",\"valueRequired\":true,\"valueName\":\"search_term_string\"}}],\"inLanguage\":\"de\"}]}<\/script>\n<!-- \/ Yoast SEO plugin. -->","yoast_head_json":{"title":"Newsletter - Nachhaltiges Mering","robots":{"index":"index","follow":"follow","max-snippet":"max-snippet:-1","max-image-preview":"max-image-preview:large","max-video-preview":"max-video-preview:-1"},"canonical":"https:\/\/mering.info\/?page_id=2238","og_locale":"de_DE","og_type":"article","og_title":"Newsletter - Nachhaltiges Mering","og_description":"Hier k\u00f6nnen Sie sich in unseren Newsletter-Verteiler aufnehmen lassen. Wir senden Ihnen dann in unregelm\u00e4\u00dfigen Abst\u00e4nden interessante Informationen zu unseren Themen zu. Hierf\u00fcr ben\u00f6tigen wir Ihre E-Mail-Adresse und Ihre Erkl\u00e4rung, &hellip; Newsletter weiterlesen &rarr;","og_url":"https:\/\/mering.info\/?page_id=2238","og_site_name":"Nachhaltiges Mering","article_modified_time":"2022-03-05T17:45:47+00:00","twitter_card":"summary_large_image","twitter_misc":{"Gesch\u00e4tzte Lesezeit":"2\u00a0Minuten"},"schema":{"@context":"https:\/\/schema.org","@graph":[{"@type":"WebPage","@id":"https:\/\/mering.info\/?page_id=2238","url":"https:\/\/mering.info\/?page_id=2238","name":"Newsletter - Nachhaltiges Mering","isPartOf":{"@id":"https:\/\/mering.info\/#website"},"datePublished":"2018-05-16T18:37:11+00:00","dateModified":"2022-03-05T17:45:47+00:00","breadcrumb":{"@id":"https:\/\/mering.info\/?page_id=2238#breadcrumb"},"inLanguage":"de","potentialAction":[{"@type":"ReadAction","target":["https:\/\/mering.info\/?page_id=2238"]}]},{"@type":"BreadcrumbList","@id":"https:\/\/mering.info\/?page_id=2238#breadcrumb","itemListElement":[{"@type":"ListItem","position":1,"name":"Startseite","item":"https:\/\/mering.info\/"},{"@type":"ListItem","position":2,"name":"Newsletter"}]},{"@type":"WebSite","@id":"https:\/\/mering.info\/#website","url":"https:\/\/mering.info\/","name":"Nachhaltiges Mering","description":"Zukunftsf\u00e4higes Mering","potentialAction":[{"@type":"SearchAction","target":{"@type":"EntryPoint","urlTemplate":"https:\/\/mering.info\/?s={search_term_string}"},"query-input":{"@type":"PropertyValueSpecification","valueRequired":true,"valueName":"search_term_string"}}],"inLanguage":"de"}]}},"jetpack_sharing_enabled":true,"_links":{"self":[{"href":"https:\/\/mering.info\/index.php?rest_route=\/wp\/v2\/pages\/2238","targetHints":{"allow":["GET"]}}],"collection":[{"href":"https:\/\/mering.info\/index.php?rest_route=\/wp\/v2\/pages"}],"about":[{"href":"https:\/\/mering.info\/index.php?rest_route=\/wp\/v2\/types\/page"}],"author":[{"embeddable":true,"href":"https:\/\/mering.info\/index.php?rest_route=\/wp\/v2\/users\/1"}],"replies":[{"embeddable":true,"href":"https:\/\/mering.info\/index.php?rest_route=%2Fwp%2Fv2%2Fcomments&post=2238"}],"version-history":[{"count":6,"href":"https:\/\/mering.info\/index.php?rest_route=\/wp\/v2\/pages\/2238\/revisions"}],"predecessor-version":[{"id":4332,"href":"https:\/\/mering.info\/index.php?rest_route=\/wp\/v2\/pages\/2238\/revisions\/4332"}],"wp:attachment":[{"href":"https:\/\/mering.info\/index.php?rest_route=%2Fwp%2Fv2%2Fmedia&parent=2238"}],"curies":[{"name":"wp","href":"https:\/\/api.w.org\/{rel}","templated":true}]}}