{"id":25,"date":"2015-12-21T14:57:18","date_gmt":"2015-12-21T13:57:18","guid":{"rendered":"http:\/\/mering.info\/?page_id=25"},"modified":"2016-10-05T21:26:03","modified_gmt":"2016-10-05T19:26:03","slug":"zukunfts-markt-mering","status":"publish","type":"page","link":"https:\/\/mering.info\/?page_id=25","title":{"rendered":"ZukunftsMarkt Mering 2016"},"content":{"rendered":"<p>Hier finden Sie alle Informationen \u00fcber den ZukunftsMarkt Mering 2016:<\/p>\n<ul>\n<li>Eine <a href=\"https:\/\/mering.info\/?p=15\">\u00dcbersicht \u00fcber das Fest<\/a><\/li>\n<li>Das <a href=\"https:\/\/mering.info\/?p=7\">Programm der Veranstaltung<\/a><\/li>\n<li><a href=\"https:\/\/mering.info\/?p=10\">Informationen zur Anfahrt<\/a><\/li>\n<\/ul>\n","protected":false},"excerpt":{"rendered":"<p>Hier finden Sie alle Informationen \u00fcber den ZukunftsMarkt Mering 2016: Eine \u00dcbersicht \u00fcber das Fest Das Programm der Veranstaltung Informationen zur Anfahrt<\/p>\n","protected":false},"author":2,"featured_media":0,"parent":0,"menu_order":0,"comment_status":"closed","ping_status":"closed","template":"","meta":{"jetpack_post_was_ever_published":false,"footnotes":""},"class_list":["post-25","page","type-page","status-publish","hentry"],"yoast_head":"<!-- This site is optimized with the Yoast SEO plugin v27.5 - https:\/\/yoast.com\/product\/yoast-seo-wordpress\/ -->\n<title>ZukunftsMarkt Mering 2016 - Nachhaltiges Mering<\/title>\n<meta name=\"robots\" content=\"index, follow, max-snippet:-1, max-image-preview:large, max-video-preview:-1\" \/>\n<link rel=\"canonical\" href=\"https:\/\/mering.info\/?page_id=25\" \/>\n<meta property=\"og:locale\" content=\"de_DE\" \/>\n<meta property=\"og:type\" content=\"article\" \/>\n<meta property=\"og:title\" content=\"ZukunftsMarkt Mering 2016 - Nachhaltiges Mering\" \/>\n<meta property=\"og:description\" content=\"Hier finden Sie alle Informationen \u00fcber den ZukunftsMarkt Mering 2016: Eine \u00dcbersicht \u00fcber das Fest Das Programm der Veranstaltung Informationen zur Anfahrt\" \/>\n<meta property=\"og:url\" content=\"https:\/\/mering.info\/?page_id=25\" \/>\n<meta property=\"og:site_name\" content=\"Nachhaltiges Mering\" \/>\n<meta property=\"article:modified_time\" content=\"2016-10-05T19:26:03+00:00\" \/>\n<meta name=\"twitter:card\" content=\"summary_large_image\" \/>\n<script type=\"application\/ld+json\" class=\"yoast-schema-graph\">{\"@context\":\"https:\\\/\\\/schema.org\",\"@graph\":[{\"@type\":\"WebPage\",\"@id\":\"https:\\\/\\\/mering.info\\\/?page_id=25\",\"url\":\"https:\\\/\\\/mering.info\\\/?page_id=25\",\"name\":\"ZukunftsMarkt Mering 2016 - Nachhaltiges Mering\",\"isPartOf\":{\"@id\":\"https:\\\/\\\/mering.info\\\/#website\"},\"datePublished\":\"2015-12-21T13:57:18+00:00\",\"dateModified\":\"2016-10-05T19:26:03+00:00\",\"breadcrumb\":{\"@id\":\"https:\\\/\\\/mering.info\\\/?page_id=25#breadcrumb\"},\"inLanguage\":\"de\",\"potentialAction\":[{\"@type\":\"ReadAction\",\"target\":[\"https:\\\/\\\/mering.info\\\/?page_id=25\"]}]},{\"@type\":\"BreadcrumbList\",\"@id\":\"https:\\\/\\\/mering.info\\\/?page_id=25#breadcrumb\",\"itemListElement\":[{\"@type\":\"ListItem\",\"position\":1,\"name\":\"Startseite\",\"item\":\"https:\\\/\\\/mering.info\\\/\"},{\"@type\":\"ListItem\",\"position\":2,\"name\":\"ZukunftsMarkt Mering 2016\"}]},{\"@type\":\"WebSite\",\"@id\":\"https:\\\/\\\/mering.info\\\/#website\",\"url\":\"https:\\\/\\\/mering.info\\\/\",\"name\":\"Nachhaltiges Mering\",\"description\":\"Zukunftsf\u00e4higes Mering\",\"potentialAction\":[{\"@type\":\"SearchAction\",\"target\":{\"@type\":\"EntryPoint\",\"urlTemplate\":\"https:\\\/\\\/mering.info\\\/?s={search_term_string}\"},\"query-input\":{\"@type\":\"PropertyValueSpecification\",\"valueRequired\":true,\"valueName\":\"search_term_string\"}}],\"inLanguage\":\"de\"}]}<\/script>\n<!-- \/ Yoast SEO plugin. -->","yoast_head_json":{"title":"ZukunftsMarkt Mering 2016 - Nachhaltiges Mering","robots":{"index":"index","follow":"follow","max-snippet":"max-snippet:-1","max-image-preview":"max-image-preview:large","max-video-preview":"max-video-preview:-1"},"canonical":"https:\/\/mering.info\/?page_id=25","og_locale":"de_DE","og_type":"article","og_title":"ZukunftsMarkt Mering 2016 - Nachhaltiges Mering","og_description":"Hier finden Sie alle Informationen \u00fcber den ZukunftsMarkt Mering 2016: Eine \u00dcbersicht \u00fcber das Fest Das Programm der Veranstaltung Informationen zur Anfahrt","og_url":"https:\/\/mering.info\/?page_id=25","og_site_name":"Nachhaltiges Mering","article_modified_time":"2016-10-05T19:26:03+00:00","twitter_card":"summary_large_image","schema":{"@context":"https:\/\/schema.org","@graph":[{"@type":"WebPage","@id":"https:\/\/mering.info\/?page_id=25","url":"https:\/\/mering.info\/?page_id=25","name":"ZukunftsMarkt Mering 2016 - Nachhaltiges Mering","isPartOf":{"@id":"https:\/\/mering.info\/#website"},"datePublished":"2015-12-21T13:57:18+00:00","dateModified":"2016-10-05T19:26:03+00:00","breadcrumb":{"@id":"https:\/\/mering.info\/?page_id=25#breadcrumb"},"inLanguage":"de","potentialAction":[{"@type":"ReadAction","target":["https:\/\/mering.info\/?page_id=25"]}]},{"@type":"BreadcrumbList","@id":"https:\/\/mering.info\/?page_id=25#breadcrumb","itemListElement":[{"@type":"ListItem","position":1,"name":"Startseite","item":"https:\/\/mering.info\/"},{"@type":"ListItem","position":2,"name":"ZukunftsMarkt Mering 2016"}]},{"@type":"WebSite","@id":"https:\/\/mering.info\/#website","url":"https:\/\/mering.info\/","name":"Nachhaltiges Mering","description":"Zukunftsf\u00e4higes Mering","potentialAction":[{"@type":"SearchAction","target":{"@type":"EntryPoint","urlTemplate":"https:\/\/mering.info\/?s={search_term_string}"},"query-input":{"@type":"PropertyValueSpecification","valueRequired":true,"valueName":"search_term_string"}}],"inLanguage":"de"}]}},"jetpack_sharing_enabled":true,"_links":{"self":[{"href":"https:\/\/mering.info\/index.php?rest_route=\/wp\/v2\/pages\/25","targetHints":{"allow":["GET"]}}],"collection":[{"href":"https:\/\/mering.info\/index.php?rest_route=\/wp\/v2\/pages"}],"about":[{"href":"https:\/\/mering.info\/index.php?rest_route=\/wp\/v2\/types\/page"}],"author":[{"embeddable":true,"href":"https:\/\/mering.info\/index.php?rest_route=\/wp\/v2\/users\/2"}],"replies":[{"embeddable":true,"href":"https:\/\/mering.info\/index.php?rest_route=%2Fwp%2Fv2%2Fcomments&post=25"}],"version-history":[{"count":5,"href":"https:\/\/mering.info\/index.php?rest_route=\/wp\/v2\/pages\/25\/revisions"}],"predecessor-version":[{"id":850,"href":"https:\/\/mering.info\/index.php?rest_route=\/wp\/v2\/pages\/25\/revisions\/850"}],"wp:attachment":[{"href":"https:\/\/mering.info\/index.php?rest_route=%2Fwp%2Fv2%2Fmedia&parent=25"}],"curies":[{"name":"wp","href":"https:\/\/api.w.org\/{rel}","templated":true}]}}