{"id":2585,"date":"2019-03-05T18:25:05","date_gmt":"2019-03-05T17:25:05","guid":{"rendered":"http:\/\/mering.info\/?page_id=2585"},"modified":"2019-05-07T13:54:02","modified_gmt":"2019-05-07T11:54:02","slug":"essen-und-trinken-3","status":"publish","type":"page","link":"https:\/\/mering.info\/?page_id=2585","title":{"rendered":"Essen und Trinken"},"content":{"rendered":"<p>Auf dem Gel\u00e4nde des ZukunftsMarkts Mering 2019 finden Sie folgende Angebote an Speisen und Getr\u00e4nken.<\/p>\n<p>Die Lage des jeweiligen Anbieters im Lippgarten k\u00f6nnen Sie der \u00dcbersichtskarte entnehmen:<\/p>\n<p><img fetchpriority=\"high\" decoding=\"async\" class=\"alignnone size-full wp-image-2743\" src=\"https:\/\/mering.info\/wp-content\/uploads\/2019\/04\/Lippgarten-2019.jpg\" alt=\"\" width=\"1025\" height=\"503\" srcset=\"https:\/\/mering.info\/wp-content\/uploads\/2019\/04\/Lippgarten-2019.jpg 1025w, https:\/\/mering.info\/wp-content\/uploads\/2019\/04\/Lippgarten-2019-300x147.jpg 300w, https:\/\/mering.info\/wp-content\/uploads\/2019\/04\/Lippgarten-2019-768x377.jpg 768w, https:\/\/mering.info\/wp-content\/uploads\/2019\/04\/Lippgarten-2019-1024x503.jpg 1024w\" sizes=\"(max-width: 1025px) 100vw, 1025px\" \/><\/p>\n<ul>\n<li><strong>Fairen Kaffee, Getr\u00e4nke und handgemachte Kuchen (7)<\/strong><br \/>\nDer faire GEPA-Kaffee wird von der Firma <strong><a href=\"https:\/\/mering.info\/?p=1343\">Edeka Kowalski<\/a><\/strong> aus Mering gesponsert. Ferner gibt es hier verschiedene Kalt-Getr\u00e4nke (auch vom Sprengstoff Kollektiv Augsburg). Die Kuchen wurden von vielen Spendern gesponsert, insbesondere den <strong>B\u00e4ckereien Dilger, <a href=\"http:\/\/www.friedberger-landbrot.de\/\" target=\"_blank\" rel=\"noopener noreferrer\">Knoll<\/a>, <a href=\"https:\/\/www.genussbaeckerei-schwab.de\/\" target=\"_blank\" rel=\"noopener noreferrer\">Schwab<\/a> und <a href=\"http:\/\/baeckerei-scharold.de\/\" target=\"_blank\" rel=\"noopener noreferrer\">Scharold<\/a>.<\/strong><\/li>\n<li><strong>Biologisches und veganes Essen (8)<\/strong><br \/>\nWird Ihnen vom Team des Cafes aus dem <strong><a href=\"https:\/\/mering.info\/?p=888\">Biomarkt Natufit<\/a><\/strong> in Mering pr\u00e4sentiert. Diesmal gibt es auch ein veganes Gericht.<\/li>\n<li><strong>Regionales Speiseeis (9)<\/strong><br \/>\nAls Nachtisch oder zwischendurch k\u00f6nnen Sie das bekannte Produkt von\u00a0 <strong><a href=\"https:\/\/mering.info\/?p=1101\" rel=\"noopener noreferrer\">Lidl Bauernhofeis<\/a> <\/strong>in\u00a0 Baierberg genie\u00dfen. Hier gibt es auch veganes Eis.<\/li>\n<\/ul>\n<p>Nutzen Sie den Sitzbereich vor der B\u00fchne, h\u00f6ren Sie Musik und informieren Sie sich bei den Kurzvortr\u00e4gen im Rahmen unseres <strong><a href=\"https:\/\/mering.info\/?page_id=2588\">Kulturangebots<\/a><\/strong> im Bereich der B\u00fchne.<\/p>\n<p>Weitere Informationen:<\/p>\n<ul>\n<li><a href=\"https:\/\/mering.info\/?p=2563\">Allgemeine Informationen zum Fest<\/a>.<\/li>\n<li><a href=\"https:\/\/mering.info\/?p=2569\">Unser Programm finden Sie hier<\/a>.<\/li>\n<li><a href=\"https:\/\/mering.info\/?p=2572\">Informationen zur Anfahrt finden Sie hier<\/a>.<\/li>\n<\/ul>\n","protected":false},"excerpt":{"rendered":"<p>Auf dem Gel\u00e4nde des ZukunftsMarkts Mering 2019 finden Sie folgende Angebote an Speisen und Getr\u00e4nken. Die Lage des jeweiligen Anbieters im Lippgarten k\u00f6nnen Sie der \u00dcbersichtskarte entnehmen: Fairen Kaffee, Getr\u00e4nke &hellip; <a href=\"https:\/\/mering.info\/?page_id=2585\" class=\"more-link\"><span class=\"screen-reader-text\">Essen und Trinken<\/span> weiterlesen <span class=\"meta-nav\">&rarr;<\/span><\/a><\/p>\n","protected":false},"author":2,"featured_media":0,"parent":0,"menu_order":0,"comment_status":"closed","ping_status":"closed","template":"","meta":{"jetpack_post_was_ever_published":false,"footnotes":""},"class_list":["post-2585","page","type-page","status-publish","hentry"],"yoast_head":"<!-- This site is optimized with the Yoast SEO plugin v27.5 - https:\/\/yoast.com\/product\/yoast-seo-wordpress\/ -->\n<title>Essen und Trinken - Nachhaltiges Mering<\/title>\n<meta name=\"robots\" content=\"index, follow, max-snippet:-1, max-image-preview:large, max-video-preview:-1\" \/>\n<link rel=\"canonical\" href=\"https:\/\/mering.info\/?page_id=2585\" \/>\n<meta property=\"og:locale\" content=\"de_DE\" \/>\n<meta property=\"og:type\" content=\"article\" \/>\n<meta property=\"og:title\" content=\"Essen und Trinken - Nachhaltiges Mering\" \/>\n<meta property=\"og:description\" content=\"Auf dem Gel\u00e4nde des ZukunftsMarkts Mering 2019 finden Sie folgende Angebote an Speisen und Getr\u00e4nken. Die Lage des jeweiligen Anbieters im Lippgarten k\u00f6nnen Sie der \u00dcbersichtskarte entnehmen: Fairen Kaffee, Getr\u00e4nke &hellip; Essen und Trinken weiterlesen &rarr;\" \/>\n<meta property=\"og:url\" content=\"https:\/\/mering.info\/?page_id=2585\" \/>\n<meta property=\"og:site_name\" content=\"Nachhaltiges Mering\" \/>\n<meta property=\"article:modified_time\" content=\"2019-05-07T11:54:02+00:00\" \/>\n<meta property=\"og:image\" content=\"http:\/\/mering.info\/wp-content\/uploads\/2019\/04\/Lippgarten-2019.jpg\" \/>\n<meta name=\"twitter:card\" content=\"summary_large_image\" \/>\n<meta name=\"twitter:label1\" content=\"Gesch\u00e4tzte Lesezeit\" \/>\n\t<meta name=\"twitter:data1\" content=\"1\u00a0Minute\" \/>\n<script type=\"application\/ld+json\" class=\"yoast-schema-graph\">{\"@context\":\"https:\\\/\\\/schema.org\",\"@graph\":[{\"@type\":\"WebPage\",\"@id\":\"https:\\\/\\\/mering.info\\\/?page_id=2585\",\"url\":\"https:\\\/\\\/mering.info\\\/?page_id=2585\",\"name\":\"Essen und Trinken - Nachhaltiges Mering\",\"isPartOf\":{\"@id\":\"https:\\\/\\\/mering.info\\\/#website\"},\"primaryImageOfPage\":{\"@id\":\"https:\\\/\\\/mering.info\\\/?page_id=2585#primaryimage\"},\"image\":{\"@id\":\"https:\\\/\\\/mering.info\\\/?page_id=2585#primaryimage\"},\"thumbnailUrl\":\"http:\\\/\\\/mering.info\\\/wp-content\\\/uploads\\\/2019\\\/04\\\/Lippgarten-2019.jpg\",\"datePublished\":\"2019-03-05T17:25:05+00:00\",\"dateModified\":\"2019-05-07T11:54:02+00:00\",\"breadcrumb\":{\"@id\":\"https:\\\/\\\/mering.info\\\/?page_id=2585#breadcrumb\"},\"inLanguage\":\"de\",\"potentialAction\":[{\"@type\":\"ReadAction\",\"target\":[\"https:\\\/\\\/mering.info\\\/?page_id=2585\"]}]},{\"@type\":\"ImageObject\",\"inLanguage\":\"de\",\"@id\":\"https:\\\/\\\/mering.info\\\/?page_id=2585#primaryimage\",\"url\":\"http:\\\/\\\/mering.info\\\/wp-content\\\/uploads\\\/2019\\\/04\\\/Lippgarten-2019.jpg\",\"contentUrl\":\"http:\\\/\\\/mering.info\\\/wp-content\\\/uploads\\\/2019\\\/04\\\/Lippgarten-2019.jpg\"},{\"@type\":\"BreadcrumbList\",\"@id\":\"https:\\\/\\\/mering.info\\\/?page_id=2585#breadcrumb\",\"itemListElement\":[{\"@type\":\"ListItem\",\"position\":1,\"name\":\"Startseite\",\"item\":\"https:\\\/\\\/mering.info\\\/\"},{\"@type\":\"ListItem\",\"position\":2,\"name\":\"Essen und Trinken\"}]},{\"@type\":\"WebSite\",\"@id\":\"https:\\\/\\\/mering.info\\\/#website\",\"url\":\"https:\\\/\\\/mering.info\\\/\",\"name\":\"Nachhaltiges Mering\",\"description\":\"Zukunftsf\u00e4higes Mering\",\"potentialAction\":[{\"@type\":\"SearchAction\",\"target\":{\"@type\":\"EntryPoint\",\"urlTemplate\":\"https:\\\/\\\/mering.info\\\/?s={search_term_string}\"},\"query-input\":{\"@type\":\"PropertyValueSpecification\",\"valueRequired\":true,\"valueName\":\"search_term_string\"}}],\"inLanguage\":\"de\"}]}<\/script>\n<!-- \/ Yoast SEO plugin. -->","yoast_head_json":{"title":"Essen und Trinken - Nachhaltiges Mering","robots":{"index":"index","follow":"follow","max-snippet":"max-snippet:-1","max-image-preview":"max-image-preview:large","max-video-preview":"max-video-preview:-1"},"canonical":"https:\/\/mering.info\/?page_id=2585","og_locale":"de_DE","og_type":"article","og_title":"Essen und Trinken - Nachhaltiges Mering","og_description":"Auf dem Gel\u00e4nde des ZukunftsMarkts Mering 2019 finden Sie folgende Angebote an Speisen und Getr\u00e4nken. Die Lage des jeweiligen Anbieters im Lippgarten k\u00f6nnen Sie der \u00dcbersichtskarte entnehmen: Fairen Kaffee, Getr\u00e4nke &hellip; Essen und Trinken weiterlesen &rarr;","og_url":"https:\/\/mering.info\/?page_id=2585","og_site_name":"Nachhaltiges Mering","article_modified_time":"2019-05-07T11:54:02+00:00","og_image":[{"url":"http:\/\/mering.info\/wp-content\/uploads\/2019\/04\/Lippgarten-2019.jpg","type":"","width":"","height":""}],"twitter_card":"summary_large_image","twitter_misc":{"Gesch\u00e4tzte Lesezeit":"1\u00a0Minute"},"schema":{"@context":"https:\/\/schema.org","@graph":[{"@type":"WebPage","@id":"https:\/\/mering.info\/?page_id=2585","url":"https:\/\/mering.info\/?page_id=2585","name":"Essen und Trinken - Nachhaltiges Mering","isPartOf":{"@id":"https:\/\/mering.info\/#website"},"primaryImageOfPage":{"@id":"https:\/\/mering.info\/?page_id=2585#primaryimage"},"image":{"@id":"https:\/\/mering.info\/?page_id=2585#primaryimage"},"thumbnailUrl":"http:\/\/mering.info\/wp-content\/uploads\/2019\/04\/Lippgarten-2019.jpg","datePublished":"2019-03-05T17:25:05+00:00","dateModified":"2019-05-07T11:54:02+00:00","breadcrumb":{"@id":"https:\/\/mering.info\/?page_id=2585#breadcrumb"},"inLanguage":"de","potentialAction":[{"@type":"ReadAction","target":["https:\/\/mering.info\/?page_id=2585"]}]},{"@type":"ImageObject","inLanguage":"de","@id":"https:\/\/mering.info\/?page_id=2585#primaryimage","url":"http:\/\/mering.info\/wp-content\/uploads\/2019\/04\/Lippgarten-2019.jpg","contentUrl":"http:\/\/mering.info\/wp-content\/uploads\/2019\/04\/Lippgarten-2019.jpg"},{"@type":"BreadcrumbList","@id":"https:\/\/mering.info\/?page_id=2585#breadcrumb","itemListElement":[{"@type":"ListItem","position":1,"name":"Startseite","item":"https:\/\/mering.info\/"},{"@type":"ListItem","position":2,"name":"Essen und Trinken"}]},{"@type":"WebSite","@id":"https:\/\/mering.info\/#website","url":"https:\/\/mering.info\/","name":"Nachhaltiges Mering","description":"Zukunftsf\u00e4higes Mering","potentialAction":[{"@type":"SearchAction","target":{"@type":"EntryPoint","urlTemplate":"https:\/\/mering.info\/?s={search_term_string}"},"query-input":{"@type":"PropertyValueSpecification","valueRequired":true,"valueName":"search_term_string"}}],"inLanguage":"de"}]}},"jetpack_sharing_enabled":true,"_links":{"self":[{"href":"https:\/\/mering.info\/index.php?rest_route=\/wp\/v2\/pages\/2585","targetHints":{"allow":["GET"]}}],"collection":[{"href":"https:\/\/mering.info\/index.php?rest_route=\/wp\/v2\/pages"}],"about":[{"href":"https:\/\/mering.info\/index.php?rest_route=\/wp\/v2\/types\/page"}],"author":[{"embeddable":true,"href":"https:\/\/mering.info\/index.php?rest_route=\/wp\/v2\/users\/2"}],"replies":[{"embeddable":true,"href":"https:\/\/mering.info\/index.php?rest_route=%2Fwp%2Fv2%2Fcomments&post=2585"}],"version-history":[{"count":12,"href":"https:\/\/mering.info\/index.php?rest_route=\/wp\/v2\/pages\/2585\/revisions"}],"predecessor-version":[{"id":2753,"href":"https:\/\/mering.info\/index.php?rest_route=\/wp\/v2\/pages\/2585\/revisions\/2753"}],"wp:attachment":[{"href":"https:\/\/mering.info\/index.php?rest_route=%2Fwp%2Fv2%2Fmedia&parent=2585"}],"curies":[{"name":"wp","href":"https:\/\/api.w.org\/{rel}","templated":true}]}}