{"id":29,"date":"2015-12-21T14:59:53","date_gmt":"2015-12-21T13:59:53","guid":{"rendered":"http:\/\/mering.info\/?page_id=29"},"modified":"2022-03-05T18:52:52","modified_gmt":"2022-03-05T17:52:52","slug":"abonnieren","status":"publish","type":"page","link":"https:\/\/mering.info\/?page_id=29","title":{"rendered":"Abonnieren"},"content":{"rendered":"<div class=\"entry-content\">\n<p>Wenn Sie aktiv von uns informiert werden m\u00f6chten oder mit uns in Kontakt treten m\u00f6chten, gibt es mehrere M\u00f6glichkeiten:<\/p>\n<ul>\n<li>Sie k\u00f6nnen sich unsere <strong>RSS Feeds<\/strong> abonnieren (linke Spalte ganz unten im Abschnitt <strong>Diverses<\/strong>). Sie k\u00f6nnen die Beitr\u00e4ge abonnieren und \/ oder die Kommentare.<\/li>\n<li>Sie k\u00f6nnen uns eine <a href=\"https:\/\/mering.info\/?page_id=137\"><strong>Mitteilung schicken<\/strong><\/a>.<\/li>\n<li>Ferner bieten wir auch einen <a href=\"https:\/\/mering.info\/?page_id=2238\"><strong>Newsletter<\/strong><\/a> an. Wir schicken Ihnen in unregelm\u00e4\u00dfigen Abst\u00e4nden Informationen zu unseren Themen.<\/li>\n<\/ul>\n<\/div>\n","protected":false},"excerpt":{"rendered":"<p>Wenn Sie aktiv von uns informiert werden m\u00f6chten oder mit uns in Kontakt treten m\u00f6chten, gibt es mehrere M\u00f6glichkeiten: Sie k\u00f6nnen sich unsere RSS Feeds abonnieren (linke Spalte ganz unten &hellip; <a href=\"https:\/\/mering.info\/?page_id=29\" class=\"more-link\"><span class=\"screen-reader-text\">Abonnieren<\/span> weiterlesen <span class=\"meta-nav\">&rarr;<\/span><\/a><\/p>\n","protected":false},"author":2,"featured_media":0,"parent":0,"menu_order":0,"comment_status":"closed","ping_status":"closed","template":"","meta":{"jetpack_post_was_ever_published":false,"footnotes":""},"class_list":["post-29","page","type-page","status-publish","hentry"],"yoast_head":"<!-- This site is optimized with the Yoast SEO plugin v27.5 - https:\/\/yoast.com\/product\/yoast-seo-wordpress\/ -->\n<title>Abonnieren - Nachhaltiges Mering<\/title>\n<meta name=\"robots\" content=\"index, follow, max-snippet:-1, max-image-preview:large, max-video-preview:-1\" \/>\n<link rel=\"canonical\" href=\"https:\/\/mering.info\/?page_id=29\" \/>\n<meta property=\"og:locale\" content=\"de_DE\" \/>\n<meta property=\"og:type\" content=\"article\" \/>\n<meta property=\"og:title\" content=\"Abonnieren - Nachhaltiges Mering\" \/>\n<meta property=\"og:description\" content=\"Wenn Sie aktiv von uns informiert werden m\u00f6chten oder mit uns in Kontakt treten m\u00f6chten, gibt es mehrere M\u00f6glichkeiten: Sie k\u00f6nnen sich unsere RSS Feeds abonnieren (linke Spalte ganz unten &hellip; Abonnieren weiterlesen &rarr;\" \/>\n<meta property=\"og:url\" content=\"https:\/\/mering.info\/?page_id=29\" \/>\n<meta property=\"og:site_name\" content=\"Nachhaltiges Mering\" \/>\n<meta property=\"article:modified_time\" content=\"2022-03-05T17:52:52+00:00\" \/>\n<meta name=\"twitter:card\" content=\"summary_large_image\" \/>\n<meta name=\"twitter:label1\" content=\"Gesch\u00e4tzte Lesezeit\" \/>\n\t<meta name=\"twitter:data1\" content=\"1\u00a0Minute\" \/>\n<script type=\"application\/ld+json\" class=\"yoast-schema-graph\">{\"@context\":\"https:\\\/\\\/schema.org\",\"@graph\":[{\"@type\":\"WebPage\",\"@id\":\"https:\\\/\\\/mering.info\\\/?page_id=29\",\"url\":\"https:\\\/\\\/mering.info\\\/?page_id=29\",\"name\":\"Abonnieren - Nachhaltiges Mering\",\"isPartOf\":{\"@id\":\"https:\\\/\\\/mering.info\\\/#website\"},\"datePublished\":\"2015-12-21T13:59:53+00:00\",\"dateModified\":\"2022-03-05T17:52:52+00:00\",\"breadcrumb\":{\"@id\":\"https:\\\/\\\/mering.info\\\/?page_id=29#breadcrumb\"},\"inLanguage\":\"de\",\"potentialAction\":[{\"@type\":\"ReadAction\",\"target\":[\"https:\\\/\\\/mering.info\\\/?page_id=29\"]}]},{\"@type\":\"BreadcrumbList\",\"@id\":\"https:\\\/\\\/mering.info\\\/?page_id=29#breadcrumb\",\"itemListElement\":[{\"@type\":\"ListItem\",\"position\":1,\"name\":\"Startseite\",\"item\":\"https:\\\/\\\/mering.info\\\/\"},{\"@type\":\"ListItem\",\"position\":2,\"name\":\"Abonnieren\"}]},{\"@type\":\"WebSite\",\"@id\":\"https:\\\/\\\/mering.info\\\/#website\",\"url\":\"https:\\\/\\\/mering.info\\\/\",\"name\":\"Nachhaltiges Mering\",\"description\":\"Zukunftsf\u00e4higes Mering\",\"potentialAction\":[{\"@type\":\"SearchAction\",\"target\":{\"@type\":\"EntryPoint\",\"urlTemplate\":\"https:\\\/\\\/mering.info\\\/?s={search_term_string}\"},\"query-input\":{\"@type\":\"PropertyValueSpecification\",\"valueRequired\":true,\"valueName\":\"search_term_string\"}}],\"inLanguage\":\"de\"}]}<\/script>\n<!-- \/ Yoast SEO plugin. -->","yoast_head_json":{"title":"Abonnieren - Nachhaltiges Mering","robots":{"index":"index","follow":"follow","max-snippet":"max-snippet:-1","max-image-preview":"max-image-preview:large","max-video-preview":"max-video-preview:-1"},"canonical":"https:\/\/mering.info\/?page_id=29","og_locale":"de_DE","og_type":"article","og_title":"Abonnieren - Nachhaltiges Mering","og_description":"Wenn Sie aktiv von uns informiert werden m\u00f6chten oder mit uns in Kontakt treten m\u00f6chten, gibt es mehrere M\u00f6glichkeiten: Sie k\u00f6nnen sich unsere RSS Feeds abonnieren (linke Spalte ganz unten &hellip; Abonnieren weiterlesen &rarr;","og_url":"https:\/\/mering.info\/?page_id=29","og_site_name":"Nachhaltiges Mering","article_modified_time":"2022-03-05T17:52:52+00:00","twitter_card":"summary_large_image","twitter_misc":{"Gesch\u00e4tzte Lesezeit":"1\u00a0Minute"},"schema":{"@context":"https:\/\/schema.org","@graph":[{"@type":"WebPage","@id":"https:\/\/mering.info\/?page_id=29","url":"https:\/\/mering.info\/?page_id=29","name":"Abonnieren - Nachhaltiges Mering","isPartOf":{"@id":"https:\/\/mering.info\/#website"},"datePublished":"2015-12-21T13:59:53+00:00","dateModified":"2022-03-05T17:52:52+00:00","breadcrumb":{"@id":"https:\/\/mering.info\/?page_id=29#breadcrumb"},"inLanguage":"de","potentialAction":[{"@type":"ReadAction","target":["https:\/\/mering.info\/?page_id=29"]}]},{"@type":"BreadcrumbList","@id":"https:\/\/mering.info\/?page_id=29#breadcrumb","itemListElement":[{"@type":"ListItem","position":1,"name":"Startseite","item":"https:\/\/mering.info\/"},{"@type":"ListItem","position":2,"name":"Abonnieren"}]},{"@type":"WebSite","@id":"https:\/\/mering.info\/#website","url":"https:\/\/mering.info\/","name":"Nachhaltiges Mering","description":"Zukunftsf\u00e4higes Mering","potentialAction":[{"@type":"SearchAction","target":{"@type":"EntryPoint","urlTemplate":"https:\/\/mering.info\/?s={search_term_string}"},"query-input":{"@type":"PropertyValueSpecification","valueRequired":true,"valueName":"search_term_string"}}],"inLanguage":"de"}]}},"jetpack_sharing_enabled":true,"_links":{"self":[{"href":"https:\/\/mering.info\/index.php?rest_route=\/wp\/v2\/pages\/29","targetHints":{"allow":["GET"]}}],"collection":[{"href":"https:\/\/mering.info\/index.php?rest_route=\/wp\/v2\/pages"}],"about":[{"href":"https:\/\/mering.info\/index.php?rest_route=\/wp\/v2\/types\/page"}],"author":[{"embeddable":true,"href":"https:\/\/mering.info\/index.php?rest_route=\/wp\/v2\/users\/2"}],"replies":[{"embeddable":true,"href":"https:\/\/mering.info\/index.php?rest_route=%2Fwp%2Fv2%2Fcomments&post=29"}],"version-history":[{"count":12,"href":"https:\/\/mering.info\/index.php?rest_route=\/wp\/v2\/pages\/29\/revisions"}],"predecessor-version":[{"id":4337,"href":"https:\/\/mering.info\/index.php?rest_route=\/wp\/v2\/pages\/29\/revisions\/4337"}],"wp:attachment":[{"href":"https:\/\/mering.info\/index.php?rest_route=%2Fwp%2Fv2%2Fmedia&parent=29"}],"curies":[{"name":"wp","href":"https:\/\/api.w.org\/{rel}","templated":true}]}}