{"id":354,"date":"2016-05-24T17:49:23","date_gmt":"2016-05-24T15:49:23","guid":{"rendered":"http:\/\/mering.info\/?page_id=354"},"modified":"2017-04-06T23:23:33","modified_gmt":"2017-04-06T21:23:33","slug":"essen-und-trinken","status":"publish","type":"page","link":"https:\/\/mering.info\/?page_id=354","title":{"rendered":"Essen und Trinken 2016"},"content":{"rendered":"<p>Auf dem Gel\u00e4nde des ZukunftsMarkts Mering 2016 finden Sie folgende Angebote an Speisen und Getr\u00e4nken.<\/p>\n<p>Die Lage des jeweiligen Anbieters im Lippgarten k\u00f6nnen Sie der \u00dcbersichtskarte entnehmen:<\/p>\n<p><img fetchpriority=\"high\" decoding=\"async\" class=\"alignnone size-full wp-image-598\" src=\"https:\/\/mering.info\/wp-content\/uploads\/2016\/05\/Lippgarten-Lageplan.jpg\" alt=\"Lippgarten Lageplan\" width=\"1057\" height=\"543\" srcset=\"https:\/\/mering.info\/wp-content\/uploads\/2016\/05\/Lippgarten-Lageplan.jpg 1057w, https:\/\/mering.info\/wp-content\/uploads\/2016\/05\/Lippgarten-Lageplan-300x154.jpg 300w, https:\/\/mering.info\/wp-content\/uploads\/2016\/05\/Lippgarten-Lageplan-768x395.jpg 768w, https:\/\/mering.info\/wp-content\/uploads\/2016\/05\/Lippgarten-Lageplan-1024x526.jpg 1024w\" sizes=\"(max-width: 1057px) 100vw, 1057px\" \/><\/p>\n<ul>\n<li><strong>Biologisches Essen (5)<\/strong><br \/>\nWird Ihnen vom Team des Cafes aus dem <strong><a href=\"https:\/\/mering.info\/?page_id=318#Natufit\">Biomarkt Natufit<\/a><\/strong> in Mering pr\u00e4sentiert. Hier werden auch Ziegenwei\u00dfw\u00fcrste des <strong><a href=\"https:\/\/mering.info\/?page_id=318#Gebauer\">Bioziegenhofs Gebauer<\/a><\/strong> aus Scheuring angeboten.<br \/>\n<span style=\"color: #ff0000;\">\u00c4nderung:<\/span> Ziegenwei\u00dfw\u00fcrste k\u00f6nnen leider nicht angeboten werden.<\/li>\n<li><strong>Regionales Speiseeis (6)<\/strong><br \/>\nAls Nachtisch oder zwischendurch k\u00f6nnen Sie das bekannte Produkt von\u00a0 <strong><a href=\"https:\/\/mering.info\/?page_id=354#lidl\" target=\"_blank\">Lidl Bauernhofeis<\/a> <\/strong>in\u00a0 Baierberg genie\u00dfen.<\/li>\n<li><strong>Fairen Kaffee und handgemachte Kuchen (3)<\/strong><br \/>\nDer faire GEPA-Kaffee wird von der Firma <strong><a href=\"https:\/\/mering.info\/?page_id=318#Edeka\">Edeka Kowalski<\/a><\/strong> aus Mering gesponsert. Ferner gibt es hier verschiedene Kalt-Getr\u00e4nke.<\/li>\n<\/ul>\n<p>Nutzen Sie den Sitzbereich vor der B\u00fchne, h\u00f6ren Sie Musik und informieren Sie sich bei den Kurzvortr\u00e4gen im Rahmen unseres <strong><a href=\"https:\/\/mering.info\/?page_id=332\">Kulturangebots<\/a><\/strong> im Bereich der B\u00fchne.<\/p>\n<p>Weitere Informationen:<\/p>\n<ul>\n<li><a href=\"https:\/\/mering.info\/?p=15\">Allgemeine Informationen zum Fest<\/a>.<\/li>\n<li><a href=\"https:\/\/mering.info\/?p=7\">Unser Programm finden Sie hier<\/a>.<\/li>\n<li><a href=\"https:\/\/mering.info\/?p=10\">Informationen zur Anfahrt finden Sie hier<\/a>.<\/li>\n<\/ul>\n","protected":false},"excerpt":{"rendered":"<p>Auf dem Gel\u00e4nde des ZukunftsMarkts Mering 2016 finden Sie folgende Angebote an Speisen und Getr\u00e4nken. Die Lage des jeweiligen Anbieters im Lippgarten k\u00f6nnen Sie der \u00dcbersichtskarte entnehmen: Biologisches Essen (5) &hellip; <a href=\"https:\/\/mering.info\/?page_id=354\" class=\"more-link\"><span class=\"screen-reader-text\">Essen und Trinken 2016<\/span> weiterlesen <span class=\"meta-nav\">&rarr;<\/span><\/a><\/p>\n","protected":false},"author":2,"featured_media":0,"parent":0,"menu_order":0,"comment_status":"closed","ping_status":"closed","template":"","meta":{"jetpack_post_was_ever_published":false,"footnotes":""},"class_list":["post-354","page","type-page","status-publish","hentry"],"yoast_head":"<!-- This site is optimized with the Yoast SEO plugin v27.4 - https:\/\/yoast.com\/product\/yoast-seo-wordpress\/ -->\n<title>Essen und Trinken 2016 - Nachhaltiges Mering<\/title>\n<meta name=\"robots\" content=\"index, follow, max-snippet:-1, max-image-preview:large, max-video-preview:-1\" \/>\n<link rel=\"canonical\" href=\"https:\/\/mering.info\/?page_id=354\" \/>\n<meta property=\"og:locale\" content=\"de_DE\" \/>\n<meta property=\"og:type\" content=\"article\" \/>\n<meta property=\"og:title\" content=\"Essen und Trinken 2016 - Nachhaltiges Mering\" \/>\n<meta property=\"og:description\" content=\"Auf dem Gel\u00e4nde des ZukunftsMarkts Mering 2016 finden Sie folgende Angebote an Speisen und Getr\u00e4nken. Die Lage des jeweiligen Anbieters im Lippgarten k\u00f6nnen Sie der \u00dcbersichtskarte entnehmen: Biologisches Essen (5) &hellip; Essen und Trinken 2016 weiterlesen &rarr;\" \/>\n<meta property=\"og:url\" content=\"https:\/\/mering.info\/?page_id=354\" \/>\n<meta property=\"og:site_name\" content=\"Nachhaltiges Mering\" \/>\n<meta property=\"article:modified_time\" content=\"2017-04-06T21:23:33+00:00\" \/>\n<meta property=\"og:image\" content=\"http:\/\/mering.info\/wp-content\/uploads\/2016\/05\/Lippgarten-Lageplan.jpg\" \/>\n<meta name=\"twitter:card\" content=\"summary_large_image\" \/>\n<meta name=\"twitter:label1\" content=\"Gesch\u00e4tzte Lesezeit\" \/>\n\t<meta name=\"twitter:data1\" content=\"1\u00a0Minute\" \/>\n<script type=\"application\/ld+json\" class=\"yoast-schema-graph\">{\"@context\":\"https:\\\/\\\/schema.org\",\"@graph\":[{\"@type\":\"WebPage\",\"@id\":\"https:\\\/\\\/mering.info\\\/?page_id=354\",\"url\":\"https:\\\/\\\/mering.info\\\/?page_id=354\",\"name\":\"Essen und Trinken 2016 - Nachhaltiges Mering\",\"isPartOf\":{\"@id\":\"https:\\\/\\\/mering.info\\\/#website\"},\"primaryImageOfPage\":{\"@id\":\"https:\\\/\\\/mering.info\\\/?page_id=354#primaryimage\"},\"image\":{\"@id\":\"https:\\\/\\\/mering.info\\\/?page_id=354#primaryimage\"},\"thumbnailUrl\":\"http:\\\/\\\/mering.info\\\/wp-content\\\/uploads\\\/2016\\\/05\\\/Lippgarten-Lageplan.jpg\",\"datePublished\":\"2016-05-24T15:49:23+00:00\",\"dateModified\":\"2017-04-06T21:23:33+00:00\",\"breadcrumb\":{\"@id\":\"https:\\\/\\\/mering.info\\\/?page_id=354#breadcrumb\"},\"inLanguage\":\"de\",\"potentialAction\":[{\"@type\":\"ReadAction\",\"target\":[\"https:\\\/\\\/mering.info\\\/?page_id=354\"]}]},{\"@type\":\"ImageObject\",\"inLanguage\":\"de\",\"@id\":\"https:\\\/\\\/mering.info\\\/?page_id=354#primaryimage\",\"url\":\"http:\\\/\\\/mering.info\\\/wp-content\\\/uploads\\\/2016\\\/05\\\/Lippgarten-Lageplan.jpg\",\"contentUrl\":\"http:\\\/\\\/mering.info\\\/wp-content\\\/uploads\\\/2016\\\/05\\\/Lippgarten-Lageplan.jpg\"},{\"@type\":\"BreadcrumbList\",\"@id\":\"https:\\\/\\\/mering.info\\\/?page_id=354#breadcrumb\",\"itemListElement\":[{\"@type\":\"ListItem\",\"position\":1,\"name\":\"Startseite\",\"item\":\"https:\\\/\\\/mering.info\\\/\"},{\"@type\":\"ListItem\",\"position\":2,\"name\":\"Essen und Trinken 2016\"}]},{\"@type\":\"WebSite\",\"@id\":\"https:\\\/\\\/mering.info\\\/#website\",\"url\":\"https:\\\/\\\/mering.info\\\/\",\"name\":\"Nachhaltiges Mering\",\"description\":\"Zukunftsf\u00e4higes Mering\",\"potentialAction\":[{\"@type\":\"SearchAction\",\"target\":{\"@type\":\"EntryPoint\",\"urlTemplate\":\"https:\\\/\\\/mering.info\\\/?s={search_term_string}\"},\"query-input\":{\"@type\":\"PropertyValueSpecification\",\"valueRequired\":true,\"valueName\":\"search_term_string\"}}],\"inLanguage\":\"de\"}]}<\/script>\n<!-- \/ Yoast SEO plugin. -->","yoast_head_json":{"title":"Essen und Trinken 2016 - Nachhaltiges Mering","robots":{"index":"index","follow":"follow","max-snippet":"max-snippet:-1","max-image-preview":"max-image-preview:large","max-video-preview":"max-video-preview:-1"},"canonical":"https:\/\/mering.info\/?page_id=354","og_locale":"de_DE","og_type":"article","og_title":"Essen und Trinken 2016 - Nachhaltiges Mering","og_description":"Auf dem Gel\u00e4nde des ZukunftsMarkts Mering 2016 finden Sie folgende Angebote an Speisen und Getr\u00e4nken. Die Lage des jeweiligen Anbieters im Lippgarten k\u00f6nnen Sie der \u00dcbersichtskarte entnehmen: Biologisches Essen (5) &hellip; Essen und Trinken 2016 weiterlesen &rarr;","og_url":"https:\/\/mering.info\/?page_id=354","og_site_name":"Nachhaltiges Mering","article_modified_time":"2017-04-06T21:23:33+00:00","og_image":[{"url":"http:\/\/mering.info\/wp-content\/uploads\/2016\/05\/Lippgarten-Lageplan.jpg","type":"","width":"","height":""}],"twitter_card":"summary_large_image","twitter_misc":{"Gesch\u00e4tzte Lesezeit":"1\u00a0Minute"},"schema":{"@context":"https:\/\/schema.org","@graph":[{"@type":"WebPage","@id":"https:\/\/mering.info\/?page_id=354","url":"https:\/\/mering.info\/?page_id=354","name":"Essen und Trinken 2016 - Nachhaltiges Mering","isPartOf":{"@id":"https:\/\/mering.info\/#website"},"primaryImageOfPage":{"@id":"https:\/\/mering.info\/?page_id=354#primaryimage"},"image":{"@id":"https:\/\/mering.info\/?page_id=354#primaryimage"},"thumbnailUrl":"http:\/\/mering.info\/wp-content\/uploads\/2016\/05\/Lippgarten-Lageplan.jpg","datePublished":"2016-05-24T15:49:23+00:00","dateModified":"2017-04-06T21:23:33+00:00","breadcrumb":{"@id":"https:\/\/mering.info\/?page_id=354#breadcrumb"},"inLanguage":"de","potentialAction":[{"@type":"ReadAction","target":["https:\/\/mering.info\/?page_id=354"]}]},{"@type":"ImageObject","inLanguage":"de","@id":"https:\/\/mering.info\/?page_id=354#primaryimage","url":"http:\/\/mering.info\/wp-content\/uploads\/2016\/05\/Lippgarten-Lageplan.jpg","contentUrl":"http:\/\/mering.info\/wp-content\/uploads\/2016\/05\/Lippgarten-Lageplan.jpg"},{"@type":"BreadcrumbList","@id":"https:\/\/mering.info\/?page_id=354#breadcrumb","itemListElement":[{"@type":"ListItem","position":1,"name":"Startseite","item":"https:\/\/mering.info\/"},{"@type":"ListItem","position":2,"name":"Essen und Trinken 2016"}]},{"@type":"WebSite","@id":"https:\/\/mering.info\/#website","url":"https:\/\/mering.info\/","name":"Nachhaltiges Mering","description":"Zukunftsf\u00e4higes Mering","potentialAction":[{"@type":"SearchAction","target":{"@type":"EntryPoint","urlTemplate":"https:\/\/mering.info\/?s={search_term_string}"},"query-input":{"@type":"PropertyValueSpecification","valueRequired":true,"valueName":"search_term_string"}}],"inLanguage":"de"}]}},"jetpack_sharing_enabled":true,"_links":{"self":[{"href":"https:\/\/mering.info\/index.php?rest_route=\/wp\/v2\/pages\/354","targetHints":{"allow":["GET"]}}],"collection":[{"href":"https:\/\/mering.info\/index.php?rest_route=\/wp\/v2\/pages"}],"about":[{"href":"https:\/\/mering.info\/index.php?rest_route=\/wp\/v2\/types\/page"}],"author":[{"embeddable":true,"href":"https:\/\/mering.info\/index.php?rest_route=\/wp\/v2\/users\/2"}],"replies":[{"embeddable":true,"href":"https:\/\/mering.info\/index.php?rest_route=%2Fwp%2Fv2%2Fcomments&post=354"}],"version-history":[{"count":18,"href":"https:\/\/mering.info\/index.php?rest_route=\/wp\/v2\/pages\/354\/revisions"}],"predecessor-version":[{"id":1421,"href":"https:\/\/mering.info\/index.php?rest_route=\/wp\/v2\/pages\/354\/revisions\/1421"}],"wp:attachment":[{"href":"https:\/\/mering.info\/index.php?rest_route=%2Fwp%2Fv2%2Fmedia&parent=354"}],"curies":[{"name":"wp","href":"https:\/\/api.w.org\/{rel}","templated":true}]}}