{"id":3757,"date":"2022-10-01T13:43:21","date_gmt":"2022-10-01T11:43:21","guid":{"rendered":"https:\/\/mering.info\/?page_id=3757"},"modified":"2022-10-02T15:36:55","modified_gmt":"2022-10-02T13:36:55","slug":"zukunftsmarkt","status":"publish","type":"page","link":"https:\/\/mering.info\/?page_id=3757","title":{"rendered":"ZukunftsMarkt"},"content":{"rendered":"\t\t<div data-elementor-type=\"wp-page\" data-elementor-id=\"3757\" class=\"elementor elementor-3757\">\n\t\t\t\t\t\t<section class=\"elementor-section elementor-top-section elementor-element elementor-element-b8f29f8 elementor-section-boxed elementor-section-height-default elementor-section-height-default\" data-id=\"b8f29f8\" data-element_type=\"section\" data-e-type=\"section\">\n\t\t\t\t\t\t<div class=\"elementor-container elementor-column-gap-default\">\n\t\t\t\t\t<div class=\"elementor-column elementor-col-100 elementor-top-column elementor-element elementor-element-4dc6b41\" data-id=\"4dc6b41\" data-element_type=\"column\" data-e-type=\"column\">\n\t\t\t<div class=\"elementor-widget-wrap elementor-element-populated\">\n\t\t\t\t\t\t<div class=\"elementor-element elementor-element-56e0a3c elementor-widget elementor-widget-text-editor\" data-id=\"56e0a3c\" data-element_type=\"widget\" data-e-type=\"widget\" data-widget_type=\"text-editor.default\">\n\t\t\t\t<div class=\"elementor-widget-container\">\n\t\t\t\t\t\t\t\t\t<p>Der \u201eZukunftsMarkt \u2013 eine Region feiert nachhaltig\u201c ist unser gro\u00dfes Festevent zum Thema Nachhaltigkeit f\u00fcr Mering und die Region. Er ist und bleibt in Mering \u2013 und mittlerweile auch in der Region \u2013 unser Aush\u00e4ngeschild bzw. unser Markenzeichen und ist ein Fest f\u00fcr alle Sinne.<\/p><p>Diese wichtige Veranstaltung bietet umfangreiche Informationen und Gelegenheiten zum Mitmachen, zur Diskussion und zum Meinungsaustausch. Viele Anbieter aus der Region pr\u00e4sentieren ihre Produkte und ihre Ideen und zeigen, wie ein nachhaltigerer Lebensstil, eine ges\u00fcndere Ern\u00e4hrung und ein achtsamerer Umgang mit der Natur aussehen k\u00f6nnen.<\/p><p>An vielen Infost\u00e4nden und auf der zentralen B\u00fchne finden Kurzvortr\u00e4ge, Vorstellungen und Pr\u00e4sentationen zu den verschiedensten Themen statt \u2013 aufgelockert durch musikalische Einlagen und den Genuss von lokal erzeugten Speisen und Getr\u00e4nken.<\/p>\t\t\t\t\t\t\t\t<\/div>\n\t\t\t\t<\/div>\n\t\t\t\t\t<\/div>\n\t\t<\/div>\n\t\t\t\t\t<\/div>\n\t\t<\/section>\n\t\t\t\t<section class=\"elementor-section elementor-top-section elementor-element elementor-element-a74f776 elementor-section-boxed elementor-section-height-default elementor-section-height-default\" data-id=\"a74f776\" data-element_type=\"section\" data-e-type=\"section\">\n\t\t\t\t\t\t<div class=\"elementor-container elementor-column-gap-default\">\n\t\t\t\t\t<div class=\"elementor-column elementor-col-100 elementor-top-column elementor-element elementor-element-32c946f\" data-id=\"32c946f\" data-element_type=\"column\" data-e-type=\"column\">\n\t\t\t<div class=\"elementor-widget-wrap elementor-element-populated\">\n\t\t\t\t\t\t<div class=\"elementor-element elementor-element-561d12a elementor-widget elementor-widget-image\" data-id=\"561d12a\" data-element_type=\"widget\" data-e-type=\"widget\" data-widget_type=\"image.default\">\n\t\t\t\t<div class=\"elementor-widget-container\">\n\t\t\t\t\t\t\t\t\t\t\t\t\t\t\t<img fetchpriority=\"high\" decoding=\"async\" width=\"474\" height=\"147\" src=\"https:\/\/mering.info\/wp-content\/uploads\/2016\/05\/Logo-mit-Region_672.jpg\" class=\"attachment-large size-large wp-image-447\" alt=\"ZukunftsMarkt Mering\" srcset=\"https:\/\/mering.info\/wp-content\/uploads\/2016\/05\/Logo-mit-Region_672.jpg 672w, https:\/\/mering.info\/wp-content\/uploads\/2016\/05\/Logo-mit-Region_672-300x93.jpg 300w\" sizes=\"(max-width: 474px) 100vw, 474px\" \/>\t\t\t\t\t\t\t\t\t\t\t\t\t\t\t<\/div>\n\t\t\t\t<\/div>\n\t\t\t\t<div class=\"elementor-element elementor-element-f15f92a elementor-widget elementor-widget-spacer\" data-id=\"f15f92a\" data-element_type=\"widget\" data-e-type=\"widget\" data-widget_type=\"spacer.default\">\n\t\t\t\t<div class=\"elementor-widget-container\">\n\t\t\t\t\t\t\t<div class=\"elementor-spacer\">\n\t\t\t<div class=\"elementor-spacer-inner\"><\/div>\n\t\t<\/div>\n\t\t\t\t\t\t<\/div>\n\t\t\t\t<\/div>\n\t\t\t\t\t<\/div>\n\t\t<\/div>\n\t\t\t\t\t<\/div>\n\t\t<\/section>\n\t\t\t\t<section class=\"elementor-section elementor-top-section elementor-element elementor-element-34dcfce elementor-section-boxed elementor-section-height-default elementor-section-height-default\" data-id=\"34dcfce\" data-element_type=\"section\" data-e-type=\"section\">\n\t\t\t\t\t\t<div class=\"elementor-container elementor-column-gap-default\">\n\t\t\t\t\t<div class=\"elementor-column elementor-col-100 elementor-top-column elementor-element elementor-element-2d409b9\" data-id=\"2d409b9\" data-element_type=\"column\" data-e-type=\"column\">\n\t\t\t<div class=\"elementor-widget-wrap elementor-element-populated\">\n\t\t\t\t\t\t<div class=\"elementor-element elementor-element-e54117d elementor-widget elementor-widget-heading\" data-id=\"e54117d\" data-element_type=\"widget\" data-e-type=\"widget\" data-widget_type=\"heading.default\">\n\t\t\t\t<div class=\"elementor-widget-container\">\n\t\t\t\t\t<h2 class=\"elementor-heading-title elementor-size-default\">Wir veranstalteten bereits:<\/h2>\t\t\t\t<\/div>\n\t\t\t\t<\/div>\n\t\t\t\t\t<\/div>\n\t\t<\/div>\n\t\t\t\t\t<\/div>\n\t\t<\/section>\n\t\t\t\t<section class=\"elementor-section elementor-top-section elementor-element elementor-element-61fdd46 elementor-section-boxed elementor-section-height-default elementor-section-height-default\" data-id=\"61fdd46\" data-element_type=\"section\" data-e-type=\"section\">\n\t\t\t\t\t\t<div class=\"elementor-container elementor-column-gap-default\">\n\t\t\t\t\t<div class=\"elementor-column elementor-col-100 elementor-top-column elementor-element elementor-element-8d7abf2\" data-id=\"8d7abf2\" data-element_type=\"column\" data-e-type=\"column\">\n\t\t\t<div class=\"elementor-widget-wrap elementor-element-populated\">\n\t\t\t\t\t\t<div class=\"elementor-element elementor-element-df50a87 elementor-widget elementor-widget-text-editor\" data-id=\"df50a87\" data-element_type=\"widget\" data-e-type=\"widget\" data-widget_type=\"text-editor.default\">\n\t\t\t\t<div class=\"elementor-widget-container\">\n\t\t\t\t\t\t\t\t\t<ul><li><a href=\"\/?page_id=25\">1. ZukunftsMarkt<\/a> am 03.07.2016<\/li><li><a href=\"\/?tribe_events=zukunftsmarkt-mering-2017\">2. ZukunftsMarkt<\/a> am 25.06.2017<\/li><li><a href=\"\/?tribe_events=zukunftsmarkt-mering-2019\">3. ZukunftsMarkt<\/a> am 07.07.2019<\/li><li><a href=\"\/?page_id=4722\">ZukunftsMarkt<\/a> am 27.06.2021 (verschoben!)<\/li><li><a href=\"\/?page_id=4460\">4. ZukunftsMarkt<\/a> am 26.06.2022<\/li><\/ul>\t\t\t\t\t\t\t\t<\/div>\n\t\t\t\t<\/div>\n\t\t\t\t\t<\/div>\n\t\t<\/div>\n\t\t\t\t\t<\/div>\n\t\t<\/section>\n\t\t\t\t<section class=\"elementor-section elementor-top-section elementor-element elementor-element-38c0f0c elementor-section-boxed elementor-section-height-default elementor-section-height-default\" data-id=\"38c0f0c\" data-element_type=\"section\" data-e-type=\"section\">\n\t\t\t\t\t\t<div class=\"elementor-container elementor-column-gap-default\">\n\t\t\t\t\t<div class=\"elementor-column elementor-col-100 elementor-top-column elementor-element elementor-element-e9f086b\" data-id=\"e9f086b\" data-element_type=\"column\" data-e-type=\"column\">\n\t\t\t<div class=\"elementor-widget-wrap elementor-element-populated\">\n\t\t\t\t\t\t<div class=\"elementor-element elementor-element-1db54a4 elementor-widget elementor-widget-text-editor\" data-id=\"1db54a4\" data-element_type=\"widget\" data-e-type=\"widget\" data-widget_type=\"text-editor.default\">\n\t\t\t\t<div class=\"elementor-widget-container\">\n\t\t\t\t\t\t\t\t\t<p>Nach den erfolgreichen drei M\u00e4rkten in den Jahren 2016, 2017 und 2019 (mit je ca. 1500 Besuchern) fand 2022 ein weiterer \u201eZukunftsMarkt\u201c statt.<\/p><p>W\u00e4hrend die beiden ersten Veranstaltungen dieses Formates vielf\u00e4ltige Themen wie Mobilit\u00e4t, M\u00fcll, Plastik, Konsum, Artenvielfalt, `Anders Leben \u0301 u.a. pr\u00e4sentierten, stand der dritte \u201eZukunftsMarkt\u201c im Zeichen von Nachhaltiger Bildung und Kunst. Mehrere Schulen und Kitas beteiligten sich dabei aktiv.<\/p><p>Der vierte \u201eZukunftsMarkt\u201c hat sich den verschiedenen Wegen zur Selbstversorgung angenommen.<\/p><p>Unter dem Motto `Denk global, ern\u00e4hr dich lokal \u0301 stellten wir die regionalen Erzeuger von Lebensmitteln. Dabei standen regional erzeugte Produkte ebenso im Fokus wie die vielf\u00e4ltigen M\u00f6glichkeiten, sich aus dem eigenen Garten oder von einer kommunalen Nutzfl\u00e4che zu versorgen. Ganz gezielt sollten Projekte, die der Selbstversorgung dienen, herausgestellt werden, so z.B. ein Gemeinschaftsacker, das Schulprojekt `Ackerdemia \u0301, das Kindergartenprojekt `\u00d6ko-Kids \u0301, die `\u00d6ko-Modellregion Paartal \u0301, u.v.a.<\/p>\t\t\t\t\t\t\t\t<\/div>\n\t\t\t\t<\/div>\n\t\t\t\t\t<\/div>\n\t\t<\/div>\n\t\t\t\t\t<\/div>\n\t\t<\/section>\n\t\t\t\t<\/div>\n\t\t","protected":false},"excerpt":{"rendered":"<p>Der \u201eZukunftsMarkt \u2013 eine Region feiert nachhaltig\u201c ist unser gro\u00dfes Festevent zum Thema Nachhaltigkeit f\u00fcr Mering und die Region. Er ist und bleibt in Mering \u2013 und mittlerweile auch in &hellip; <a href=\"https:\/\/mering.info\/?page_id=3757\" class=\"more-link\"><span class=\"screen-reader-text\">ZukunftsMarkt<\/span> weiterlesen <span class=\"meta-nav\">&rarr;<\/span><\/a><\/p>\n","protected":false},"author":12,"featured_media":0,"parent":0,"menu_order":0,"comment_status":"closed","ping_status":"closed","template":"","meta":{"jetpack_post_was_ever_published":false,"footnotes":""},"class_list":["post-3757","page","type-page","status-publish","hentry"],"yoast_head":"<!-- This site is optimized with the Yoast SEO plugin v27.5 - https:\/\/yoast.com\/product\/yoast-seo-wordpress\/ -->\n<title>ZukunftsMarkt - Nachhaltiges Mering<\/title>\n<meta name=\"description\" content=\"Der \u201eZukunftsMarkt\u201c ist unser gro\u00dfes Festevent zum Thema Nachhaltigkeit f\u00fcr Mering und die Region. Er ist und bleibt unser Aush\u00e4ngeschild.\" \/>\n<meta name=\"robots\" content=\"index, follow, max-snippet:-1, max-image-preview:large, max-video-preview:-1\" \/>\n<link rel=\"canonical\" href=\"https:\/\/mering.info\/?page_id=3757\" \/>\n<meta property=\"og:locale\" content=\"de_DE\" \/>\n<meta property=\"og:type\" content=\"article\" \/>\n<meta property=\"og:title\" content=\"ZukunftsMarkt - Nachhaltiges Mering\" \/>\n<meta property=\"og:description\" content=\"Der \u201eZukunftsMarkt\u201c ist unser gro\u00dfes Festevent zum Thema Nachhaltigkeit f\u00fcr Mering und die Region. Er ist und bleibt unser Aush\u00e4ngeschild.\" \/>\n<meta property=\"og:url\" content=\"https:\/\/mering.info\/?page_id=3757\" \/>\n<meta property=\"og:site_name\" content=\"Nachhaltiges Mering\" \/>\n<meta property=\"article:modified_time\" content=\"2022-10-02T13:36:55+00:00\" \/>\n<meta property=\"og:image\" content=\"https:\/\/mering.info\/wp-content\/uploads\/2016\/05\/Logo-mit-Region_672.jpg\" \/>\n<meta name=\"twitter:card\" content=\"summary_large_image\" \/>\n<meta name=\"twitter:label1\" content=\"Gesch\u00e4tzte Lesezeit\" \/>\n\t<meta name=\"twitter:data1\" content=\"2\u00a0Minuten\" \/>\n<script type=\"application\/ld+json\" class=\"yoast-schema-graph\">{\"@context\":\"https:\\\/\\\/schema.org\",\"@graph\":[{\"@type\":\"WebPage\",\"@id\":\"https:\\\/\\\/mering.info\\\/?page_id=3757\",\"url\":\"https:\\\/\\\/mering.info\\\/?page_id=3757\",\"name\":\"ZukunftsMarkt - Nachhaltiges Mering\",\"isPartOf\":{\"@id\":\"https:\\\/\\\/mering.info\\\/#website\"},\"primaryImageOfPage\":{\"@id\":\"https:\\\/\\\/mering.info\\\/?page_id=3757#primaryimage\"},\"image\":{\"@id\":\"https:\\\/\\\/mering.info\\\/?page_id=3757#primaryimage\"},\"thumbnailUrl\":\"https:\\\/\\\/mering.info\\\/wp-content\\\/uploads\\\/2016\\\/05\\\/Logo-mit-Region_672.jpg\",\"datePublished\":\"2022-10-01T11:43:21+00:00\",\"dateModified\":\"2022-10-02T13:36:55+00:00\",\"description\":\"Der \u201eZukunftsMarkt\u201c ist unser gro\u00dfes Festevent zum Thema Nachhaltigkeit f\u00fcr Mering und die Region. Er ist und bleibt unser Aush\u00e4ngeschild.\",\"breadcrumb\":{\"@id\":\"https:\\\/\\\/mering.info\\\/?page_id=3757#breadcrumb\"},\"inLanguage\":\"de\",\"potentialAction\":[{\"@type\":\"ReadAction\",\"target\":[\"https:\\\/\\\/mering.info\\\/?page_id=3757\"]}]},{\"@type\":\"ImageObject\",\"inLanguage\":\"de\",\"@id\":\"https:\\\/\\\/mering.info\\\/?page_id=3757#primaryimage\",\"url\":\"https:\\\/\\\/mering.info\\\/wp-content\\\/uploads\\\/2016\\\/05\\\/Logo-mit-Region_672.jpg\",\"contentUrl\":\"https:\\\/\\\/mering.info\\\/wp-content\\\/uploads\\\/2016\\\/05\\\/Logo-mit-Region_672.jpg\",\"width\":672,\"height\":209,\"caption\":\"ZukunftsMarkt Mering\"},{\"@type\":\"BreadcrumbList\",\"@id\":\"https:\\\/\\\/mering.info\\\/?page_id=3757#breadcrumb\",\"itemListElement\":[{\"@type\":\"ListItem\",\"position\":1,\"name\":\"Startseite\",\"item\":\"https:\\\/\\\/mering.info\\\/\"},{\"@type\":\"ListItem\",\"position\":2,\"name\":\"ZukunftsMarkt\"}]},{\"@type\":\"WebSite\",\"@id\":\"https:\\\/\\\/mering.info\\\/#website\",\"url\":\"https:\\\/\\\/mering.info\\\/\",\"name\":\"Nachhaltiges Mering\",\"description\":\"Zukunftsf\u00e4higes Mering\",\"potentialAction\":[{\"@type\":\"SearchAction\",\"target\":{\"@type\":\"EntryPoint\",\"urlTemplate\":\"https:\\\/\\\/mering.info\\\/?s={search_term_string}\"},\"query-input\":{\"@type\":\"PropertyValueSpecification\",\"valueRequired\":true,\"valueName\":\"search_term_string\"}}],\"inLanguage\":\"de\"}]}<\/script>\n<!-- \/ Yoast SEO plugin. -->","yoast_head_json":{"title":"ZukunftsMarkt - Nachhaltiges Mering","description":"Der \u201eZukunftsMarkt\u201c ist unser gro\u00dfes Festevent zum Thema Nachhaltigkeit f\u00fcr Mering und die Region. Er ist und bleibt unser Aush\u00e4ngeschild.","robots":{"index":"index","follow":"follow","max-snippet":"max-snippet:-1","max-image-preview":"max-image-preview:large","max-video-preview":"max-video-preview:-1"},"canonical":"https:\/\/mering.info\/?page_id=3757","og_locale":"de_DE","og_type":"article","og_title":"ZukunftsMarkt - Nachhaltiges Mering","og_description":"Der \u201eZukunftsMarkt\u201c ist unser gro\u00dfes Festevent zum Thema Nachhaltigkeit f\u00fcr Mering und die Region. Er ist und bleibt unser Aush\u00e4ngeschild.","og_url":"https:\/\/mering.info\/?page_id=3757","og_site_name":"Nachhaltiges Mering","article_modified_time":"2022-10-02T13:36:55+00:00","og_image":[{"url":"https:\/\/mering.info\/wp-content\/uploads\/2016\/05\/Logo-mit-Region_672.jpg","type":"","width":"","height":""}],"twitter_card":"summary_large_image","twitter_misc":{"Gesch\u00e4tzte Lesezeit":"2\u00a0Minuten"},"schema":{"@context":"https:\/\/schema.org","@graph":[{"@type":"WebPage","@id":"https:\/\/mering.info\/?page_id=3757","url":"https:\/\/mering.info\/?page_id=3757","name":"ZukunftsMarkt - Nachhaltiges Mering","isPartOf":{"@id":"https:\/\/mering.info\/#website"},"primaryImageOfPage":{"@id":"https:\/\/mering.info\/?page_id=3757#primaryimage"},"image":{"@id":"https:\/\/mering.info\/?page_id=3757#primaryimage"},"thumbnailUrl":"https:\/\/mering.info\/wp-content\/uploads\/2016\/05\/Logo-mit-Region_672.jpg","datePublished":"2022-10-01T11:43:21+00:00","dateModified":"2022-10-02T13:36:55+00:00","description":"Der \u201eZukunftsMarkt\u201c ist unser gro\u00dfes Festevent zum Thema Nachhaltigkeit f\u00fcr Mering und die Region. Er ist und bleibt unser Aush\u00e4ngeschild.","breadcrumb":{"@id":"https:\/\/mering.info\/?page_id=3757#breadcrumb"},"inLanguage":"de","potentialAction":[{"@type":"ReadAction","target":["https:\/\/mering.info\/?page_id=3757"]}]},{"@type":"ImageObject","inLanguage":"de","@id":"https:\/\/mering.info\/?page_id=3757#primaryimage","url":"https:\/\/mering.info\/wp-content\/uploads\/2016\/05\/Logo-mit-Region_672.jpg","contentUrl":"https:\/\/mering.info\/wp-content\/uploads\/2016\/05\/Logo-mit-Region_672.jpg","width":672,"height":209,"caption":"ZukunftsMarkt Mering"},{"@type":"BreadcrumbList","@id":"https:\/\/mering.info\/?page_id=3757#breadcrumb","itemListElement":[{"@type":"ListItem","position":1,"name":"Startseite","item":"https:\/\/mering.info\/"},{"@type":"ListItem","position":2,"name":"ZukunftsMarkt"}]},{"@type":"WebSite","@id":"https:\/\/mering.info\/#website","url":"https:\/\/mering.info\/","name":"Nachhaltiges Mering","description":"Zukunftsf\u00e4higes Mering","potentialAction":[{"@type":"SearchAction","target":{"@type":"EntryPoint","urlTemplate":"https:\/\/mering.info\/?s={search_term_string}"},"query-input":{"@type":"PropertyValueSpecification","valueRequired":true,"valueName":"search_term_string"}}],"inLanguage":"de"}]}},"jetpack_sharing_enabled":true,"_links":{"self":[{"href":"https:\/\/mering.info\/index.php?rest_route=\/wp\/v2\/pages\/3757","targetHints":{"allow":["GET"]}}],"collection":[{"href":"https:\/\/mering.info\/index.php?rest_route=\/wp\/v2\/pages"}],"about":[{"href":"https:\/\/mering.info\/index.php?rest_route=\/wp\/v2\/types\/page"}],"author":[{"embeddable":true,"href":"https:\/\/mering.info\/index.php?rest_route=\/wp\/v2\/users\/12"}],"replies":[{"embeddable":true,"href":"https:\/\/mering.info\/index.php?rest_route=%2Fwp%2Fv2%2Fcomments&post=3757"}],"version-history":[{"count":12,"href":"https:\/\/mering.info\/index.php?rest_route=\/wp\/v2\/pages\/3757\/revisions"}],"predecessor-version":[{"id":5019,"href":"https:\/\/mering.info\/index.php?rest_route=\/wp\/v2\/pages\/3757\/revisions\/5019"}],"wp:attachment":[{"href":"https:\/\/mering.info\/index.php?rest_route=%2Fwp%2Fv2%2Fmedia&parent=3757"}],"curies":[{"name":"wp","href":"https:\/\/api.w.org\/{rel}","templated":true}]}}