{"id":3762,"date":"2021-11-28T23:05:34","date_gmt":"2021-11-28T22:05:34","guid":{"rendered":"https:\/\/mering.info\/?page_id=3762"},"modified":"2021-12-15T21:52:27","modified_gmt":"2021-12-15T20:52:27","slug":"plastikfrei-leben","status":"publish","type":"page","link":"https:\/\/mering.info\/?page_id=3762","title":{"rendered":"Plastikfrei leben"},"content":{"rendered":"\t\t<div data-elementor-type=\"wp-page\" data-elementor-id=\"3762\" class=\"elementor elementor-3762\">\n\t\t\t\t\t\t<section class=\"elementor-section elementor-top-section elementor-element elementor-element-835df12 elementor-section-boxed elementor-section-height-default elementor-section-height-default\" data-id=\"835df12\" data-element_type=\"section\" data-e-type=\"section\">\n\t\t\t\t\t\t<div class=\"elementor-container elementor-column-gap-default\">\n\t\t\t\t\t<div class=\"elementor-column elementor-col-100 elementor-top-column elementor-element elementor-element-ff3f17b\" data-id=\"ff3f17b\" data-element_type=\"column\" data-e-type=\"column\">\n\t\t\t<div class=\"elementor-widget-wrap elementor-element-populated\">\n\t\t\t\t\t\t<div class=\"elementor-element elementor-element-e5ec567 elementor-widget elementor-widget-text-editor\" data-id=\"e5ec567\" data-element_type=\"widget\" data-e-type=\"widget\" data-widget_type=\"text-editor.default\">\n\t\t\t\t<div class=\"elementor-widget-container\">\n\t\t\t\t\t\t\t\t\t<p><strong>Wir sind umgeben von Plastik.<\/strong><\/p><p><strong>Besonders ein Blick in unseren allt\u00e4glichen Einkaufswagen zeigt: Wir kommen h\u00e4ufig um Verpackungen, T\u00fcten oder Kunststoff nicht herum. Doch tats\u00e4chlich ist die Reduzierung von Plastikprodukten im Haushalt nicht so schwer, wie es auf den ersten Blick scheint.<\/strong><\/p>\t\t\t\t\t\t\t\t<\/div>\n\t\t\t\t<\/div>\n\t\t\t\t\t<\/div>\n\t\t<\/div>\n\t\t\t\t\t<\/div>\n\t\t<\/section>\n\t\t\t\t<section class=\"elementor-section elementor-top-section elementor-element elementor-element-4ab50b4 elementor-section-boxed elementor-section-height-default elementor-section-height-default\" data-id=\"4ab50b4\" data-element_type=\"section\" data-e-type=\"section\">\n\t\t\t\t\t\t<div class=\"elementor-container elementor-column-gap-default\">\n\t\t\t\t\t<div class=\"elementor-column elementor-col-100 elementor-top-column elementor-element elementor-element-a012ed4\" data-id=\"a012ed4\" data-element_type=\"column\" data-e-type=\"column\">\n\t\t\t<div class=\"elementor-widget-wrap elementor-element-populated\">\n\t\t\t\t\t\t<div class=\"elementor-element elementor-element-715d0f5 elementor-widget elementor-widget-text-editor\" data-id=\"715d0f5\" data-element_type=\"widget\" data-e-type=\"widget\" data-widget_type=\"text-editor.default\">\n\t\t\t\t<div class=\"elementor-widget-container\">\n\t\t\t\t\t\t\t\t\t<p>Wir wollen euch helfen, Schritt f\u00fcr Schritt euer Leben umzukrempeln und plastikfreier zu gestalteten.<\/p><p>Daher laden wir euch ein, unseren Plastikfreien Stammtisch in Mering zu besuchen, um mit uns gemeinsam zu diskutieren, uns auszutauschen und plastikfreie Alternativen zu finden.<\/p><p>Da unser Stammtisch erst Anfang n\u00e4chsten Jahres starten kann, bieten wir an dieser Stelle bereits ein paar Informationen zu uns und unserer Motivation und bieten erste Tipps, wie man in ein plastikfreieres Leben starten kann. Nat\u00fcrlich folgen noch viele weitere Inhalte &#8211; seid gespannt!<\/p>\t\t\t\t\t\t\t\t<\/div>\n\t\t\t\t<\/div>\n\t\t\t\t<div class=\"elementor-element elementor-element-fc81129 elementor-align-center elementor-widget elementor-widget-button\" data-id=\"fc81129\" data-element_type=\"widget\" data-e-type=\"widget\" data-widget_type=\"button.default\">\n\t\t\t\t<div class=\"elementor-widget-container\">\n\t\t\t\t\t\t\t\t\t<div class=\"elementor-button-wrapper\">\n\t\t\t\t\t<a class=\"elementor-button elementor-button-link elementor-size-sm\" href=\"https:\/\/mering.info\/?page_id=3839\" target=\"_blank\">\n\t\t\t\t\t\t<span class=\"elementor-button-content-wrapper\">\n\t\t\t\t\t\t\t\t\t<span class=\"elementor-button-text\">Erste Tipps f\u00fcr Plastikfreies Leben<\/span>\n\t\t\t\t\t<\/span>\n\t\t\t\t\t<\/a>\n\t\t\t\t<\/div>\n\t\t\t\t\t\t\t\t<\/div>\n\t\t\t\t<\/div>\n\t\t\t\t<div class=\"elementor-element elementor-element-bef1659 elementor-widget elementor-widget-spacer\" data-id=\"bef1659\" data-element_type=\"widget\" data-e-type=\"widget\" data-widget_type=\"spacer.default\">\n\t\t\t\t<div class=\"elementor-widget-container\">\n\t\t\t\t\t\t\t<div class=\"elementor-spacer\">\n\t\t\t<div class=\"elementor-spacer-inner\"><\/div>\n\t\t<\/div>\n\t\t\t\t\t\t<\/div>\n\t\t\t\t<\/div>\n\t\t\t\t<div class=\"elementor-element elementor-element-aec5d4e elementor-widget elementor-widget-text-editor\" data-id=\"aec5d4e\" data-element_type=\"widget\" data-e-type=\"widget\" data-widget_type=\"text-editor.default\">\n\t\t\t\t<div class=\"elementor-widget-container\">\n\t\t\t\t\t\t\t\t\t<p>Wer sich pers\u00f6nlich an uns wenden m\u00f6chte, kann sich gerne unter <a href=\"mailto:plastikfrei@mering.info\">plastikfrei@mering.info<\/a> bei uns melden. Wir freuen uns \u00fcber Anmerkungen, Ideen und Diskussionen.<\/p><p>Wir w\u00fcnschen viel Spa\u00df bei den folgenden Tipps und hoffen, dass wir uns im n\u00e4chsten Jahr auch pers\u00f6nlich austauschen k\u00f6nnen!<\/p><p>Valerie Klatte-Asselmeyer und Sarah Kohlberger<\/p>\t\t\t\t\t\t\t\t<\/div>\n\t\t\t\t<\/div>\n\t\t\t\t<div class=\"elementor-element elementor-element-f19e21c elementor-align-center elementor-widget elementor-widget-button\" data-id=\"f19e21c\" data-element_type=\"widget\" data-e-type=\"widget\" data-widget_type=\"button.default\">\n\t\t\t\t<div class=\"elementor-widget-container\">\n\t\t\t\t\t\t\t\t\t<div class=\"elementor-button-wrapper\">\n\t\t\t\t\t<a class=\"elementor-button elementor-button-link elementor-size-sm\" href=\"https:\/\/mering.info\/?page_id=3768\" target=\"_blank\">\n\t\t\t\t\t\t<span class=\"elementor-button-content-wrapper\">\n\t\t\t\t\t\t\t\t\t<span class=\"elementor-button-text\">Wer wir sind<\/span>\n\t\t\t\t\t<\/span>\n\t\t\t\t\t<\/a>\n\t\t\t\t<\/div>\n\t\t\t\t\t\t\t\t<\/div>\n\t\t\t\t<\/div>\n\t\t\t\t\t<\/div>\n\t\t<\/div>\n\t\t\t\t\t<\/div>\n\t\t<\/section>\n\t\t\t\t<section class=\"elementor-section elementor-top-section elementor-element elementor-element-a7a4e4d elementor-section-boxed elementor-section-height-default elementor-section-height-default\" data-id=\"a7a4e4d\" data-element_type=\"section\" data-e-type=\"section\">\n\t\t\t\t\t\t<div class=\"elementor-container elementor-column-gap-default\">\n\t\t\t\t\t<div class=\"elementor-column elementor-col-100 elementor-top-column elementor-element elementor-element-1541bf6\" data-id=\"1541bf6\" data-element_type=\"column\" data-e-type=\"column\">\n\t\t\t<div class=\"elementor-widget-wrap elementor-element-populated\">\n\t\t\t\t\t\t<div class=\"elementor-element elementor-element-d47d493 elementor-widget elementor-widget-spacer\" data-id=\"d47d493\" data-element_type=\"widget\" data-e-type=\"widget\" data-widget_type=\"spacer.default\">\n\t\t\t\t<div class=\"elementor-widget-container\">\n\t\t\t\t\t\t\t<div class=\"elementor-spacer\">\n\t\t\t<div class=\"elementor-spacer-inner\"><\/div>\n\t\t<\/div>\n\t\t\t\t\t\t<\/div>\n\t\t\t\t<\/div>\n\t\t\t\t\t<\/div>\n\t\t<\/div>\n\t\t\t\t\t<\/div>\n\t\t<\/section>\n\t\t\t\t<\/div>\n\t\t","protected":false},"excerpt":{"rendered":"<p>Wir sind umgeben von Plastik. Besonders ein Blick in unseren allt\u00e4glichen Einkaufswagen zeigt: Wir kommen h\u00e4ufig um Verpackungen, T\u00fcten oder Kunststoff nicht herum. Doch tats\u00e4chlich ist die Reduzierung von Plastikprodukten &hellip; <a href=\"https:\/\/mering.info\/?page_id=3762\" class=\"more-link\"><span class=\"screen-reader-text\">Plastikfrei leben<\/span> weiterlesen <span class=\"meta-nav\">&rarr;<\/span><\/a><\/p>\n","protected":false},"author":12,"featured_media":0,"parent":0,"menu_order":0,"comment_status":"closed","ping_status":"closed","template":"","meta":{"jetpack_post_was_ever_published":false,"footnotes":""},"class_list":["post-3762","page","type-page","status-publish","hentry"],"yoast_head":"<!-- This site is optimized with the Yoast SEO plugin v27.5 - https:\/\/yoast.com\/product\/yoast-seo-wordpress\/ -->\n<title>Plastikfrei leben - Nachhaltiges Mering<\/title>\n<meta name=\"description\" content=\"Wir sind umgeben von Plastik. Doch tats\u00e4chlich ist die Reduzierung von Plastikprodukten im Haushalt nicht so schwer, wie es scheint.\" \/>\n<meta name=\"robots\" content=\"index, follow, max-snippet:-1, max-image-preview:large, max-video-preview:-1\" \/>\n<link rel=\"canonical\" href=\"https:\/\/mering.info\/?page_id=3762\" \/>\n<meta property=\"og:locale\" content=\"de_DE\" \/>\n<meta property=\"og:type\" content=\"article\" \/>\n<meta property=\"og:title\" content=\"Plastikfrei leben - Nachhaltiges Mering\" \/>\n<meta property=\"og:description\" content=\"Wir sind umgeben von Plastik. Doch tats\u00e4chlich ist die Reduzierung von Plastikprodukten im Haushalt nicht so schwer, wie es scheint.\" \/>\n<meta property=\"og:url\" content=\"https:\/\/mering.info\/?page_id=3762\" \/>\n<meta property=\"og:site_name\" content=\"Nachhaltiges Mering\" \/>\n<meta property=\"article:modified_time\" content=\"2021-12-15T20:52:27+00:00\" \/>\n<meta name=\"twitter:card\" content=\"summary_large_image\" \/>\n<meta name=\"twitter:label1\" content=\"Gesch\u00e4tzte Lesezeit\" \/>\n\t<meta name=\"twitter:data1\" content=\"2\u00a0Minuten\" \/>\n<script type=\"application\/ld+json\" class=\"yoast-schema-graph\">{\"@context\":\"https:\\\/\\\/schema.org\",\"@graph\":[{\"@type\":\"WebPage\",\"@id\":\"https:\\\/\\\/mering.info\\\/?page_id=3762\",\"url\":\"https:\\\/\\\/mering.info\\\/?page_id=3762\",\"name\":\"Plastikfrei leben - Nachhaltiges Mering\",\"isPartOf\":{\"@id\":\"https:\\\/\\\/mering.info\\\/#website\"},\"datePublished\":\"2021-11-28T22:05:34+00:00\",\"dateModified\":\"2021-12-15T20:52:27+00:00\",\"description\":\"Wir sind umgeben von Plastik. Doch tats\u00e4chlich ist die Reduzierung von Plastikprodukten im Haushalt nicht so schwer, wie es scheint.\",\"breadcrumb\":{\"@id\":\"https:\\\/\\\/mering.info\\\/?page_id=3762#breadcrumb\"},\"inLanguage\":\"de\",\"potentialAction\":[{\"@type\":\"ReadAction\",\"target\":[\"https:\\\/\\\/mering.info\\\/?page_id=3762\"]}]},{\"@type\":\"BreadcrumbList\",\"@id\":\"https:\\\/\\\/mering.info\\\/?page_id=3762#breadcrumb\",\"itemListElement\":[{\"@type\":\"ListItem\",\"position\":1,\"name\":\"Startseite\",\"item\":\"https:\\\/\\\/mering.info\\\/\"},{\"@type\":\"ListItem\",\"position\":2,\"name\":\"Plastikfrei leben\"}]},{\"@type\":\"WebSite\",\"@id\":\"https:\\\/\\\/mering.info\\\/#website\",\"url\":\"https:\\\/\\\/mering.info\\\/\",\"name\":\"Nachhaltiges Mering\",\"description\":\"Zukunftsf\u00e4higes Mering\",\"potentialAction\":[{\"@type\":\"SearchAction\",\"target\":{\"@type\":\"EntryPoint\",\"urlTemplate\":\"https:\\\/\\\/mering.info\\\/?s={search_term_string}\"},\"query-input\":{\"@type\":\"PropertyValueSpecification\",\"valueRequired\":true,\"valueName\":\"search_term_string\"}}],\"inLanguage\":\"de\"}]}<\/script>\n<!-- \/ Yoast SEO plugin. -->","yoast_head_json":{"title":"Plastikfrei leben - Nachhaltiges Mering","description":"Wir sind umgeben von Plastik. Doch tats\u00e4chlich ist die Reduzierung von Plastikprodukten im Haushalt nicht so schwer, wie es scheint.","robots":{"index":"index","follow":"follow","max-snippet":"max-snippet:-1","max-image-preview":"max-image-preview:large","max-video-preview":"max-video-preview:-1"},"canonical":"https:\/\/mering.info\/?page_id=3762","og_locale":"de_DE","og_type":"article","og_title":"Plastikfrei leben - Nachhaltiges Mering","og_description":"Wir sind umgeben von Plastik. Doch tats\u00e4chlich ist die Reduzierung von Plastikprodukten im Haushalt nicht so schwer, wie es scheint.","og_url":"https:\/\/mering.info\/?page_id=3762","og_site_name":"Nachhaltiges Mering","article_modified_time":"2021-12-15T20:52:27+00:00","twitter_card":"summary_large_image","twitter_misc":{"Gesch\u00e4tzte Lesezeit":"2\u00a0Minuten"},"schema":{"@context":"https:\/\/schema.org","@graph":[{"@type":"WebPage","@id":"https:\/\/mering.info\/?page_id=3762","url":"https:\/\/mering.info\/?page_id=3762","name":"Plastikfrei leben - Nachhaltiges Mering","isPartOf":{"@id":"https:\/\/mering.info\/#website"},"datePublished":"2021-11-28T22:05:34+00:00","dateModified":"2021-12-15T20:52:27+00:00","description":"Wir sind umgeben von Plastik. Doch tats\u00e4chlich ist die Reduzierung von Plastikprodukten im Haushalt nicht so schwer, wie es scheint.","breadcrumb":{"@id":"https:\/\/mering.info\/?page_id=3762#breadcrumb"},"inLanguage":"de","potentialAction":[{"@type":"ReadAction","target":["https:\/\/mering.info\/?page_id=3762"]}]},{"@type":"BreadcrumbList","@id":"https:\/\/mering.info\/?page_id=3762#breadcrumb","itemListElement":[{"@type":"ListItem","position":1,"name":"Startseite","item":"https:\/\/mering.info\/"},{"@type":"ListItem","position":2,"name":"Plastikfrei leben"}]},{"@type":"WebSite","@id":"https:\/\/mering.info\/#website","url":"https:\/\/mering.info\/","name":"Nachhaltiges Mering","description":"Zukunftsf\u00e4higes Mering","potentialAction":[{"@type":"SearchAction","target":{"@type":"EntryPoint","urlTemplate":"https:\/\/mering.info\/?s={search_term_string}"},"query-input":{"@type":"PropertyValueSpecification","valueRequired":true,"valueName":"search_term_string"}}],"inLanguage":"de"}]}},"jetpack_sharing_enabled":true,"_links":{"self":[{"href":"https:\/\/mering.info\/index.php?rest_route=\/wp\/v2\/pages\/3762","targetHints":{"allow":["GET"]}}],"collection":[{"href":"https:\/\/mering.info\/index.php?rest_route=\/wp\/v2\/pages"}],"about":[{"href":"https:\/\/mering.info\/index.php?rest_route=\/wp\/v2\/types\/page"}],"author":[{"embeddable":true,"href":"https:\/\/mering.info\/index.php?rest_route=\/wp\/v2\/users\/12"}],"replies":[{"embeddable":true,"href":"https:\/\/mering.info\/index.php?rest_route=%2Fwp%2Fv2%2Fcomments&post=3762"}],"version-history":[{"count":19,"href":"https:\/\/mering.info\/index.php?rest_route=\/wp\/v2\/pages\/3762\/revisions"}],"predecessor-version":[{"id":4091,"href":"https:\/\/mering.info\/index.php?rest_route=\/wp\/v2\/pages\/3762\/revisions\/4091"}],"wp:attachment":[{"href":"https:\/\/mering.info\/index.php?rest_route=%2Fwp%2Fv2%2Fmedia&parent=3762"}],"curies":[{"name":"wp","href":"https:\/\/api.w.org\/{rel}","templated":true}]}}