{"id":3781,"date":"2021-11-28T23:07:59","date_gmt":"2021-11-28T22:07:59","guid":{"rendered":"https:\/\/mering.info\/?page_id=3781"},"modified":"2023-05-08T22:03:03","modified_gmt":"2023-05-08T20:03:03","slug":"der-plastikfrei-grundsatz","status":"publish","type":"page","link":"https:\/\/mering.info\/?page_id=3781","title":{"rendered":"Der Plastikfrei-Grundsatz"},"content":{"rendered":"\t\t<div data-elementor-type=\"wp-page\" data-elementor-id=\"3781\" class=\"elementor elementor-3781\">\n\t\t\t\t\t\t<section class=\"elementor-section elementor-top-section elementor-element elementor-element-eba7e5e elementor-section-boxed elementor-section-height-default elementor-section-height-default\" data-id=\"eba7e5e\" data-element_type=\"section\" data-e-type=\"section\">\n\t\t\t\t\t\t<div class=\"elementor-container elementor-column-gap-default\">\n\t\t\t\t\t<div class=\"elementor-column elementor-col-100 elementor-top-column elementor-element elementor-element-3e20681\" data-id=\"3e20681\" data-element_type=\"column\" data-e-type=\"column\">\n\t\t\t<div class=\"elementor-widget-wrap elementor-element-populated\">\n\t\t\t\t\t\t<div class=\"elementor-element elementor-element-e2ea80a elementor-widget elementor-widget-heading\" data-id=\"e2ea80a\" data-element_type=\"widget\" data-e-type=\"widget\" data-widget_type=\"heading.default\">\n\t\t\t\t<div class=\"elementor-widget-container\">\n\t\t\t\t\t<h2 class=\"elementor-heading-title elementor-size-default\"><a href=\"#refuse\">Refuse<\/a><\/h2>\t\t\t\t<\/div>\n\t\t\t\t<\/div>\n\t\t\t\t\t<\/div>\n\t\t<\/div>\n\t\t\t\t\t<\/div>\n\t\t<\/section>\n\t\t\t\t<section class=\"elementor-section elementor-top-section elementor-element elementor-element-7314b8a elementor-section-boxed elementor-section-height-default elementor-section-height-default\" data-id=\"7314b8a\" data-element_type=\"section\" data-e-type=\"section\">\n\t\t\t\t\t\t<div class=\"elementor-container elementor-column-gap-default\">\n\t\t\t\t\t<div class=\"elementor-column elementor-col-100 elementor-top-column elementor-element elementor-element-9102162\" data-id=\"9102162\" data-element_type=\"column\" data-e-type=\"column\">\n\t\t\t<div class=\"elementor-widget-wrap elementor-element-populated\">\n\t\t\t\t\t\t<div class=\"elementor-element elementor-element-67f879c elementor-widget elementor-widget-heading\" data-id=\"67f879c\" data-element_type=\"widget\" data-e-type=\"widget\" data-widget_type=\"heading.default\">\n\t\t\t\t<div class=\"elementor-widget-container\">\n\t\t\t\t\t<h2 class=\"elementor-heading-title elementor-size-default\"><a href=\"#reduce\">Reduce<\/a><\/h2>\t\t\t\t<\/div>\n\t\t\t\t<\/div>\n\t\t\t\t\t<\/div>\n\t\t<\/div>\n\t\t\t\t\t<\/div>\n\t\t<\/section>\n\t\t\t\t<section class=\"elementor-section elementor-top-section elementor-element elementor-element-c8c7d2f elementor-section-boxed elementor-section-height-default elementor-section-height-default\" data-id=\"c8c7d2f\" data-element_type=\"section\" data-e-type=\"section\">\n\t\t\t\t\t\t<div class=\"elementor-container elementor-column-gap-default\">\n\t\t\t\t\t<div class=\"elementor-column elementor-col-100 elementor-top-column elementor-element elementor-element-00ba5e1\" data-id=\"00ba5e1\" data-element_type=\"column\" data-e-type=\"column\">\n\t\t\t<div class=\"elementor-widget-wrap elementor-element-populated\">\n\t\t\t\t\t\t<div class=\"elementor-element elementor-element-ba4a8bd elementor-widget elementor-widget-heading\" data-id=\"ba4a8bd\" data-element_type=\"widget\" data-e-type=\"widget\" data-widget_type=\"heading.default\">\n\t\t\t\t<div class=\"elementor-widget-container\">\n\t\t\t\t\t<h2 class=\"elementor-heading-title elementor-size-default\"><a href=\"#reuse\">Reuse<\/a><\/h2>\t\t\t\t<\/div>\n\t\t\t\t<\/div>\n\t\t\t\t\t<\/div>\n\t\t<\/div>\n\t\t\t\t\t<\/div>\n\t\t<\/section>\n\t\t\t\t<section class=\"elementor-section elementor-top-section elementor-element elementor-element-b5d01d3 elementor-section-boxed elementor-section-height-default elementor-section-height-default\" data-id=\"b5d01d3\" data-element_type=\"section\" data-e-type=\"section\">\n\t\t\t\t\t\t<div class=\"elementor-container elementor-column-gap-default\">\n\t\t\t\t\t<div class=\"elementor-column elementor-col-100 elementor-top-column elementor-element elementor-element-aa6b3d7\" data-id=\"aa6b3d7\" data-element_type=\"column\" data-e-type=\"column\">\n\t\t\t<div class=\"elementor-widget-wrap elementor-element-populated\">\n\t\t\t\t\t\t<div class=\"elementor-element elementor-element-8efb495 elementor-widget elementor-widget-heading\" data-id=\"8efb495\" data-element_type=\"widget\" data-e-type=\"widget\" data-widget_type=\"heading.default\">\n\t\t\t\t<div class=\"elementor-widget-container\">\n\t\t\t\t\t<h2 class=\"elementor-heading-title elementor-size-default\"><a href=\"#recycle\">Recycle<\/a><\/h2>\t\t\t\t<\/div>\n\t\t\t\t<\/div>\n\t\t\t\t\t<\/div>\n\t\t<\/div>\n\t\t\t\t\t<\/div>\n\t\t<\/section>\n\t\t\t\t<section class=\"elementor-section elementor-top-section elementor-element elementor-element-2979d57 elementor-section-boxed elementor-section-height-default elementor-section-height-default\" data-id=\"2979d57\" data-element_type=\"section\" data-e-type=\"section\">\n\t\t\t\t\t\t<div class=\"elementor-container elementor-column-gap-default\">\n\t\t\t\t\t<div class=\"elementor-column elementor-col-100 elementor-top-column elementor-element elementor-element-c8a3aab\" data-id=\"c8a3aab\" data-element_type=\"column\" data-e-type=\"column\">\n\t\t\t<div class=\"elementor-widget-wrap elementor-element-populated\">\n\t\t\t\t\t\t<div class=\"elementor-element elementor-element-518061e elementor-widget elementor-widget-heading\" data-id=\"518061e\" data-element_type=\"widget\" data-e-type=\"widget\" data-widget_type=\"heading.default\">\n\t\t\t\t<div class=\"elementor-widget-container\">\n\t\t\t\t\t<h2 class=\"elementor-heading-title elementor-size-default\"><a href=\"#rot\">Rot<\/a><\/h2>\t\t\t\t<\/div>\n\t\t\t\t<\/div>\n\t\t\t\t\t<\/div>\n\t\t<\/div>\n\t\t\t\t\t<\/div>\n\t\t<\/section>\n\t\t\t\t<section class=\"elementor-section elementor-top-section elementor-element elementor-element-a16944a elementor-section-boxed elementor-section-height-default elementor-section-height-default\" data-id=\"a16944a\" data-element_type=\"section\" data-e-type=\"section\">\n\t\t\t\t\t\t<div class=\"elementor-container elementor-column-gap-default\">\n\t\t\t\t\t<div class=\"elementor-column elementor-col-100 elementor-top-column elementor-element elementor-element-7b37a42\" data-id=\"7b37a42\" data-element_type=\"column\" data-e-type=\"column\">\n\t\t\t<div class=\"elementor-widget-wrap elementor-element-populated\">\n\t\t\t\t\t\t<div class=\"elementor-element elementor-element-8d16ef1 elementor-widget elementor-widget-text-editor\" data-id=\"8d16ef1\" data-element_type=\"widget\" data-e-type=\"widget\" data-widget_type=\"text-editor.default\">\n\t\t\t\t<div class=\"elementor-widget-container\">\n\t\t\t\t\t\t\t\t\t<p>Die in Kalifornien lebende Franz\u00f6sin Bea Johnson gilt als Vorreiterin der Zero-Waste-Bewegung. Sie lebt mit ihrer vierk\u00f6pfigen Familie seit 2008 fast m\u00fcllfrei und informiert mit ihrem <a href=\"https:\/\/zerowastehome.com\/\" target=\"_blank\" rel=\"noopener\">Blog<\/a>, ihrem <a href=\"https:\/\/zerowastehome.com\/book\/\" target=\"_blank\" rel=\"noopener\">Buch<\/a> und ihren <a href=\"https:\/\/zerowastehome.com\/speaking\/\" target=\"_blank\" rel=\"noopener\">Vortr\u00e4gen<\/a> \u00fcber den minimalistischen Lebensstil. Sie hat f\u00fcnf Schritte zusammengestellt, die in der richtigen Reihenfolge eingehalten zu einem quasi m\u00fcllfreien Leben f\u00fchren.<\/p>\t\t\t\t\t\t\t\t<\/div>\n\t\t\t\t<\/div>\n\t\t\t\t\t<\/div>\n\t\t<\/div>\n\t\t\t\t\t<\/div>\n\t\t<\/section>\n\t\t\t\t<section class=\"elementor-section elementor-top-section elementor-element elementor-element-688506a elementor-section-boxed elementor-section-height-default elementor-section-height-default\" data-id=\"688506a\" data-element_type=\"section\" data-e-type=\"section\">\n\t\t\t\t\t\t<div class=\"elementor-container elementor-column-gap-default\">\n\t\t\t\t\t<div class=\"elementor-column elementor-col-33 elementor-top-column elementor-element elementor-element-b63da93\" data-id=\"b63da93\" data-element_type=\"column\" data-e-type=\"column\">\n\t\t\t<div class=\"elementor-widget-wrap elementor-element-populated\">\n\t\t\t\t\t\t<div class=\"elementor-element elementor-element-3120e33 elementor-widget elementor-widget-heading\" data-id=\"3120e33\" data-element_type=\"widget\" data-e-type=\"widget\" id=\"refuse\" data-widget_type=\"heading.default\">\n\t\t\t\t<div class=\"elementor-widget-container\">\n\t\t\t\t\t<h2 class=\"elementor-heading-title elementor-size-default\">1. Schritt: Refuse<\/h2>\t\t\t\t<\/div>\n\t\t\t\t<\/div>\n\t\t\t\t\t<\/div>\n\t\t<\/div>\n\t\t\t\t<div class=\"elementor-column elementor-col-66 elementor-top-column elementor-element elementor-element-8176da7\" data-id=\"8176da7\" data-element_type=\"column\" data-e-type=\"column\">\n\t\t\t<div class=\"elementor-widget-wrap elementor-element-populated\">\n\t\t\t\t\t\t<div class=\"elementor-element elementor-element-eef1167 elementor-widget elementor-widget-text-editor\" data-id=\"eef1167\" data-element_type=\"widget\" data-e-type=\"widget\" data-widget_type=\"text-editor.default\">\n\t\t\t\t<div class=\"elementor-widget-container\">\n\t\t\t\t\t\t\t\t\t<p>= Ablehnen<br \/>Brauche ich wirklich den zehnten Gratiskugelschreiber oder die Packung Taschent\u00fccher von der Apotheke? Kann ich die Banane nicht auch ohne T\u00fcte einkaufen? Egal, ob es die Gratisproben in der Parfumabteilung sind, die Plastikt\u00fcte beim Einkaufen oder die Werbepost ist: Der erste Schritt ist, unerw\u00fcnschten M\u00fcll und Plastik gar nicht erst ins Haus zu lassen.<\/p>\t\t\t\t\t\t\t\t<\/div>\n\t\t\t\t<\/div>\n\t\t\t\t\t<\/div>\n\t\t<\/div>\n\t\t\t\t\t<\/div>\n\t\t<\/section>\n\t\t\t\t<section class=\"elementor-section elementor-top-section elementor-element elementor-element-2887882 elementor-section-boxed elementor-section-height-default elementor-section-height-default\" data-id=\"2887882\" data-element_type=\"section\" data-e-type=\"section\">\n\t\t\t\t\t\t<div class=\"elementor-container elementor-column-gap-default\">\n\t\t\t\t\t<div class=\"elementor-column elementor-col-33 elementor-top-column elementor-element elementor-element-d1fc2bc\" data-id=\"d1fc2bc\" data-element_type=\"column\" data-e-type=\"column\">\n\t\t\t<div class=\"elementor-widget-wrap elementor-element-populated\">\n\t\t\t\t\t\t<div class=\"elementor-element elementor-element-0d091ca elementor-widget elementor-widget-heading\" data-id=\"0d091ca\" data-element_type=\"widget\" data-e-type=\"widget\" id=\"reduce\" data-widget_type=\"heading.default\">\n\t\t\t\t<div class=\"elementor-widget-container\">\n\t\t\t\t\t<h2 class=\"elementor-heading-title elementor-size-default\">2. Schritt: Reduce<\/h2>\t\t\t\t<\/div>\n\t\t\t\t<\/div>\n\t\t\t\t\t<\/div>\n\t\t<\/div>\n\t\t\t\t<div class=\"elementor-column elementor-col-66 elementor-top-column elementor-element elementor-element-b8697e8\" data-id=\"b8697e8\" data-element_type=\"column\" data-e-type=\"column\">\n\t\t\t<div class=\"elementor-widget-wrap elementor-element-populated\">\n\t\t\t\t\t\t<div class=\"elementor-element elementor-element-77838b4 elementor-widget elementor-widget-text-editor\" data-id=\"77838b4\" data-element_type=\"widget\" data-e-type=\"widget\" data-widget_type=\"text-editor.default\">\n\t\t\t\t<div class=\"elementor-widget-container\">\n\t\t\t\t\t\t\t\t\t<p>= Reduzieren<br>Was brauchen wir eigentlich? Und auf was k\u00f6nnen wir ganz einfach verzichten? Im zweiten Schritt werden Produkte aus Plastik genauer angesehen und bewertet, ob dieser Gegenstand \u00fcberhaupt noch gebracht wird. Wenn er den Test nicht besteht, wird er ausgemistet &#8211; und zwar am besten verschenkt, verkauft oder gespendet.<br>Reduziert wird aber nicht nur der Besitz, sondern der gesamte Konsum. Ein minimalisierter, bewussterer Konsum erleichtert auch sp\u00e4tere Entr\u00fcmpelungen.<\/p>\t\t\t\t\t\t\t\t<\/div>\n\t\t\t\t<\/div>\n\t\t\t\t\t<\/div>\n\t\t<\/div>\n\t\t\t\t\t<\/div>\n\t\t<\/section>\n\t\t\t\t<section class=\"elementor-section elementor-top-section elementor-element elementor-element-d1b0ec0 elementor-section-boxed elementor-section-height-default elementor-section-height-default\" data-id=\"d1b0ec0\" data-element_type=\"section\" data-e-type=\"section\">\n\t\t\t\t\t\t<div class=\"elementor-container elementor-column-gap-default\">\n\t\t\t\t\t<div class=\"elementor-column elementor-col-33 elementor-top-column elementor-element elementor-element-763281f\" data-id=\"763281f\" data-element_type=\"column\" data-e-type=\"column\">\n\t\t\t<div class=\"elementor-widget-wrap elementor-element-populated\">\n\t\t\t\t\t\t<div class=\"elementor-element elementor-element-072aea3 elementor-widget elementor-widget-heading\" data-id=\"072aea3\" data-element_type=\"widget\" data-e-type=\"widget\" id=\"reuse\" data-widget_type=\"heading.default\">\n\t\t\t\t<div class=\"elementor-widget-container\">\n\t\t\t\t\t<h2 class=\"elementor-heading-title elementor-size-default\">3. Schritt: Reuse<\/h2>\t\t\t\t<\/div>\n\t\t\t\t<\/div>\n\t\t\t\t\t<\/div>\n\t\t<\/div>\n\t\t\t\t<div class=\"elementor-column elementor-col-66 elementor-top-column elementor-element elementor-element-a2a9062\" data-id=\"a2a9062\" data-element_type=\"column\" data-e-type=\"column\">\n\t\t\t<div class=\"elementor-widget-wrap elementor-element-populated\">\n\t\t\t\t\t\t<div class=\"elementor-element elementor-element-f07ebac elementor-widget elementor-widget-text-editor\" data-id=\"f07ebac\" data-element_type=\"widget\" data-e-type=\"widget\" data-widget_type=\"text-editor.default\">\n\t\t\t\t<div class=\"elementor-widget-container\">\n\t\t\t\t\t\t\t\t\t<p>= Wiederverwenden<br \/>Kann die Plastikt\u00fcte vom Einkaufen noch mal verwendet werden? Kann ich die\u00a0 Milch auch in der Mehrwegflasche kaufen anstatt in der Einwegverpackung? Im dritten Schritt werden Dinge, die nicht reduziert und nicht abgelehnt werden k\u00f6nnen, ggf. repariert und dann wiederverwendet. Und wer wei\u00df &#8211; vielleicht ergeben sich dadurch ganz neue Geschenkideen.<br \/>\u00dcbrigens: Der Schritt funktioniert auch in die andere Richtung, denn viele Produkte k\u00f6nnen auch gebraucht gekauft werden.<\/p>\t\t\t\t\t\t\t\t<\/div>\n\t\t\t\t<\/div>\n\t\t\t\t\t<\/div>\n\t\t<\/div>\n\t\t\t\t\t<\/div>\n\t\t<\/section>\n\t\t\t\t<section class=\"elementor-section elementor-top-section elementor-element elementor-element-346a135 elementor-section-boxed elementor-section-height-default elementor-section-height-default\" data-id=\"346a135\" data-element_type=\"section\" data-e-type=\"section\">\n\t\t\t\t\t\t<div class=\"elementor-container elementor-column-gap-default\">\n\t\t\t\t\t<div class=\"elementor-column elementor-col-33 elementor-top-column elementor-element elementor-element-8239efb\" data-id=\"8239efb\" data-element_type=\"column\" data-e-type=\"column\">\n\t\t\t<div class=\"elementor-widget-wrap elementor-element-populated\">\n\t\t\t\t\t\t<div class=\"elementor-element elementor-element-abb1897 elementor-widget elementor-widget-heading\" data-id=\"abb1897\" data-element_type=\"widget\" data-e-type=\"widget\" id=\"recycle\" data-widget_type=\"heading.default\">\n\t\t\t\t<div class=\"elementor-widget-container\">\n\t\t\t\t\t<h2 class=\"elementor-heading-title elementor-size-default\">4. Schritt: Recycle<\/h2>\t\t\t\t<\/div>\n\t\t\t\t<\/div>\n\t\t\t\t\t<\/div>\n\t\t<\/div>\n\t\t\t\t<div class=\"elementor-column elementor-col-66 elementor-top-column elementor-element elementor-element-78396a4\" data-id=\"78396a4\" data-element_type=\"column\" data-e-type=\"column\">\n\t\t\t<div class=\"elementor-widget-wrap elementor-element-populated\">\n\t\t\t\t\t\t<div class=\"elementor-element elementor-element-9613bf3 elementor-widget elementor-widget-text-editor\" data-id=\"9613bf3\" data-element_type=\"widget\" data-e-type=\"widget\" data-widget_type=\"text-editor.default\">\n\t\t\t\t<div class=\"elementor-widget-container\">\n\t\t\t\t\t\t\t\t\t<p>= Recyceln<br \/>Plastikm\u00fcll, der trotz der bisherigen Schritte noch anf\u00e4llt, sollte fachgerecht entsorgt werden und dadurch wenn m\u00f6glich in den Recyclingkreislauf gebracht werden.<\/p>\t\t\t\t\t\t\t\t<\/div>\n\t\t\t\t<\/div>\n\t\t\t\t\t<\/div>\n\t\t<\/div>\n\t\t\t\t\t<\/div>\n\t\t<\/section>\n\t\t\t\t<section class=\"elementor-section elementor-top-section elementor-element elementor-element-14c622d elementor-section-boxed elementor-section-height-default elementor-section-height-default\" data-id=\"14c622d\" data-element_type=\"section\" data-e-type=\"section\">\n\t\t\t\t\t\t<div class=\"elementor-container elementor-column-gap-default\">\n\t\t\t\t\t<div class=\"elementor-column elementor-col-33 elementor-top-column elementor-element elementor-element-3dee8f6\" data-id=\"3dee8f6\" data-element_type=\"column\" data-e-type=\"column\" id=\"rot\">\n\t\t\t<div class=\"elementor-widget-wrap elementor-element-populated\">\n\t\t\t\t\t\t<div class=\"elementor-element elementor-element-481a488 elementor-widget elementor-widget-heading\" data-id=\"481a488\" data-element_type=\"widget\" data-e-type=\"widget\" id=\"rot\" data-widget_type=\"heading.default\">\n\t\t\t\t<div class=\"elementor-widget-container\">\n\t\t\t\t\t<h2 class=\"elementor-heading-title elementor-size-default\">5. Schritt: Rot<\/h2>\t\t\t\t<\/div>\n\t\t\t\t<\/div>\n\t\t\t\t\t<\/div>\n\t\t<\/div>\n\t\t\t\t<div class=\"elementor-column elementor-col-66 elementor-top-column elementor-element elementor-element-94b7771\" data-id=\"94b7771\" data-element_type=\"column\" data-e-type=\"column\">\n\t\t\t<div class=\"elementor-widget-wrap elementor-element-populated\">\n\t\t\t\t\t\t<div class=\"elementor-element elementor-element-050d5dd elementor-widget elementor-widget-text-editor\" data-id=\"050d5dd\" data-element_type=\"widget\" data-e-type=\"widget\" data-widget_type=\"text-editor.default\">\n\t\t\t\t<div class=\"elementor-widget-container\">\n\t\t\t\t\t\t\t\t\t<p>= Verrotten<br>Im letzten Schritt von Bea Johnsons Pyramide ist Plastikm\u00fcll bereits verschwunden &#8211; erw\u00e4hnt werden soll er trotzdem: Alles, was am Ende \u00fcbrig bleibt, kompostierbar und kann auf den hauseigenen Kompost oder in die Wurmkiste.<\/p>\t\t\t\t\t\t\t\t<\/div>\n\t\t\t\t<\/div>\n\t\t\t\t\t<\/div>\n\t\t<\/div>\n\t\t\t\t\t<\/div>\n\t\t<\/section>\n\t\t\t\t<\/div>\n\t\t","protected":false},"excerpt":{"rendered":"<p>Refuse Reduce Reuse Recycle Rot Die in Kalifornien lebende Franz\u00f6sin Bea Johnson gilt als Vorreiterin der Zero-Waste-Bewegung. Sie lebt mit ihrer vierk\u00f6pfigen Familie seit 2008 fast m\u00fcllfrei und informiert mit &hellip; <a href=\"https:\/\/mering.info\/?page_id=3781\" class=\"more-link\"><span class=\"screen-reader-text\">Der Plastikfrei-Grundsatz<\/span> weiterlesen <span class=\"meta-nav\">&rarr;<\/span><\/a><\/p>\n","protected":false},"author":12,"featured_media":0,"parent":0,"menu_order":0,"comment_status":"closed","ping_status":"closed","template":"","meta":{"jetpack_post_was_ever_published":false,"footnotes":""},"class_list":["post-3781","page","type-page","status-publish","hentry"],"yoast_head":"<!-- This site is optimized with the Yoast SEO plugin v27.5 - https:\/\/yoast.com\/product\/yoast-seo-wordpress\/ -->\n<title>Der Plastikfrei-Grundsatz - Nachhaltiges Mering<\/title>\n<meta name=\"description\" content=\"Dies f\u00fcnf Schritte von Bea Johnson k\u00f6nnen in der richtigen Reihenfolge zu einem quasi plastik- und m\u00fcllfreien Leben f\u00fchren.\" \/>\n<meta name=\"robots\" content=\"index, follow, max-snippet:-1, max-image-preview:large, max-video-preview:-1\" \/>\n<link rel=\"canonical\" href=\"https:\/\/mering.info\/?page_id=3781\" \/>\n<meta property=\"og:locale\" content=\"de_DE\" \/>\n<meta property=\"og:type\" content=\"article\" \/>\n<meta property=\"og:title\" content=\"Der Plastikfrei-Grundsatz - Nachhaltiges Mering\" \/>\n<meta property=\"og:description\" content=\"Dies f\u00fcnf Schritte von Bea Johnson k\u00f6nnen in der richtigen Reihenfolge zu einem quasi plastik- und m\u00fcllfreien Leben f\u00fchren.\" \/>\n<meta property=\"og:url\" content=\"https:\/\/mering.info\/?page_id=3781\" \/>\n<meta property=\"og:site_name\" content=\"Nachhaltiges Mering\" \/>\n<meta property=\"article:modified_time\" content=\"2023-05-08T20:03:03+00:00\" \/>\n<meta name=\"twitter:card\" content=\"summary_large_image\" \/>\n<meta name=\"twitter:label1\" content=\"Gesch\u00e4tzte Lesezeit\" \/>\n\t<meta name=\"twitter:data1\" content=\"2\u00a0Minuten\" \/>\n<script type=\"application\/ld+json\" class=\"yoast-schema-graph\">{\"@context\":\"https:\\\/\\\/schema.org\",\"@graph\":[{\"@type\":\"WebPage\",\"@id\":\"https:\\\/\\\/mering.info\\\/?page_id=3781\",\"url\":\"https:\\\/\\\/mering.info\\\/?page_id=3781\",\"name\":\"Der Plastikfrei-Grundsatz - Nachhaltiges Mering\",\"isPartOf\":{\"@id\":\"https:\\\/\\\/mering.info\\\/#website\"},\"datePublished\":\"2021-11-28T22:07:59+00:00\",\"dateModified\":\"2023-05-08T20:03:03+00:00\",\"description\":\"Dies f\u00fcnf Schritte von Bea Johnson k\u00f6nnen in der richtigen Reihenfolge zu einem quasi plastik- und m\u00fcllfreien Leben f\u00fchren.\",\"breadcrumb\":{\"@id\":\"https:\\\/\\\/mering.info\\\/?page_id=3781#breadcrumb\"},\"inLanguage\":\"de\",\"potentialAction\":[{\"@type\":\"ReadAction\",\"target\":[\"https:\\\/\\\/mering.info\\\/?page_id=3781\"]}]},{\"@type\":\"BreadcrumbList\",\"@id\":\"https:\\\/\\\/mering.info\\\/?page_id=3781#breadcrumb\",\"itemListElement\":[{\"@type\":\"ListItem\",\"position\":1,\"name\":\"Startseite\",\"item\":\"https:\\\/\\\/mering.info\\\/\"},{\"@type\":\"ListItem\",\"position\":2,\"name\":\"Der Plastikfrei-Grundsatz\"}]},{\"@type\":\"WebSite\",\"@id\":\"https:\\\/\\\/mering.info\\\/#website\",\"url\":\"https:\\\/\\\/mering.info\\\/\",\"name\":\"Nachhaltiges Mering\",\"description\":\"Zukunftsf\u00e4higes Mering\",\"potentialAction\":[{\"@type\":\"SearchAction\",\"target\":{\"@type\":\"EntryPoint\",\"urlTemplate\":\"https:\\\/\\\/mering.info\\\/?s={search_term_string}\"},\"query-input\":{\"@type\":\"PropertyValueSpecification\",\"valueRequired\":true,\"valueName\":\"search_term_string\"}}],\"inLanguage\":\"de\"}]}<\/script>\n<!-- \/ Yoast SEO plugin. -->","yoast_head_json":{"title":"Der Plastikfrei-Grundsatz - Nachhaltiges Mering","description":"Dies f\u00fcnf Schritte von Bea Johnson k\u00f6nnen in der richtigen Reihenfolge zu einem quasi plastik- und m\u00fcllfreien Leben f\u00fchren.","robots":{"index":"index","follow":"follow","max-snippet":"max-snippet:-1","max-image-preview":"max-image-preview:large","max-video-preview":"max-video-preview:-1"},"canonical":"https:\/\/mering.info\/?page_id=3781","og_locale":"de_DE","og_type":"article","og_title":"Der Plastikfrei-Grundsatz - Nachhaltiges Mering","og_description":"Dies f\u00fcnf Schritte von Bea Johnson k\u00f6nnen in der richtigen Reihenfolge zu einem quasi plastik- und m\u00fcllfreien Leben f\u00fchren.","og_url":"https:\/\/mering.info\/?page_id=3781","og_site_name":"Nachhaltiges Mering","article_modified_time":"2023-05-08T20:03:03+00:00","twitter_card":"summary_large_image","twitter_misc":{"Gesch\u00e4tzte Lesezeit":"2\u00a0Minuten"},"schema":{"@context":"https:\/\/schema.org","@graph":[{"@type":"WebPage","@id":"https:\/\/mering.info\/?page_id=3781","url":"https:\/\/mering.info\/?page_id=3781","name":"Der Plastikfrei-Grundsatz - Nachhaltiges Mering","isPartOf":{"@id":"https:\/\/mering.info\/#website"},"datePublished":"2021-11-28T22:07:59+00:00","dateModified":"2023-05-08T20:03:03+00:00","description":"Dies f\u00fcnf Schritte von Bea Johnson k\u00f6nnen in der richtigen Reihenfolge zu einem quasi plastik- und m\u00fcllfreien Leben f\u00fchren.","breadcrumb":{"@id":"https:\/\/mering.info\/?page_id=3781#breadcrumb"},"inLanguage":"de","potentialAction":[{"@type":"ReadAction","target":["https:\/\/mering.info\/?page_id=3781"]}]},{"@type":"BreadcrumbList","@id":"https:\/\/mering.info\/?page_id=3781#breadcrumb","itemListElement":[{"@type":"ListItem","position":1,"name":"Startseite","item":"https:\/\/mering.info\/"},{"@type":"ListItem","position":2,"name":"Der Plastikfrei-Grundsatz"}]},{"@type":"WebSite","@id":"https:\/\/mering.info\/#website","url":"https:\/\/mering.info\/","name":"Nachhaltiges Mering","description":"Zukunftsf\u00e4higes Mering","potentialAction":[{"@type":"SearchAction","target":{"@type":"EntryPoint","urlTemplate":"https:\/\/mering.info\/?s={search_term_string}"},"query-input":{"@type":"PropertyValueSpecification","valueRequired":true,"valueName":"search_term_string"}}],"inLanguage":"de"}]}},"jetpack_sharing_enabled":true,"_links":{"self":[{"href":"https:\/\/mering.info\/index.php?rest_route=\/wp\/v2\/pages\/3781","targetHints":{"allow":["GET"]}}],"collection":[{"href":"https:\/\/mering.info\/index.php?rest_route=\/wp\/v2\/pages"}],"about":[{"href":"https:\/\/mering.info\/index.php?rest_route=\/wp\/v2\/types\/page"}],"author":[{"embeddable":true,"href":"https:\/\/mering.info\/index.php?rest_route=\/wp\/v2\/users\/12"}],"replies":[{"embeddable":true,"href":"https:\/\/mering.info\/index.php?rest_route=%2Fwp%2Fv2%2Fcomments&post=3781"}],"version-history":[{"count":55,"href":"https:\/\/mering.info\/index.php?rest_route=\/wp\/v2\/pages\/3781\/revisions"}],"predecessor-version":[{"id":5392,"href":"https:\/\/mering.info\/index.php?rest_route=\/wp\/v2\/pages\/3781\/revisions\/5392"}],"wp:attachment":[{"href":"https:\/\/mering.info\/index.php?rest_route=%2Fwp%2Fv2%2Fmedia&parent=3781"}],"curies":[{"name":"wp","href":"https:\/\/api.w.org\/{rel}","templated":true}]}}