{"id":3907,"date":"2022-10-02T15:10:24","date_gmt":"2022-10-02T13:10:24","guid":{"rendered":"https:\/\/mering.info\/?page_id=3907"},"modified":"2022-10-02T16:01:53","modified_gmt":"2022-10-02T14:01:53","slug":"zukunftsvortrag","status":"publish","type":"page","link":"https:\/\/mering.info\/?page_id=3907","title":{"rendered":"ZukunftsVortrag"},"content":{"rendered":"\t\t<div data-elementor-type=\"wp-page\" data-elementor-id=\"3907\" class=\"elementor elementor-3907\">\n\t\t\t\t\t\t<section class=\"elementor-section elementor-top-section elementor-element elementor-element-68d7152 elementor-section-boxed elementor-section-height-default elementor-section-height-default\" data-id=\"68d7152\" data-element_type=\"section\" data-e-type=\"section\">\n\t\t\t\t\t\t<div class=\"elementor-container elementor-column-gap-default\">\n\t\t\t\t\t<div class=\"elementor-column elementor-col-100 elementor-top-column elementor-element elementor-element-f1993b6\" data-id=\"f1993b6\" data-element_type=\"column\" data-e-type=\"column\">\n\t\t\t<div class=\"elementor-widget-wrap elementor-element-populated\">\n\t\t\t\t\t\t<div class=\"elementor-element elementor-element-d38dc02 elementor-widget elementor-widget-text-editor\" data-id=\"d38dc02\" data-element_type=\"widget\" data-e-type=\"widget\" data-widget_type=\"text-editor.default\">\n\t\t\t\t<div class=\"elementor-widget-container\">\n\t\t\t\t\t\t\t\t\t<p>Bei unserem ZukunftsVortrag stellen Autoren oder Experten ihre B\u00fccher oder ihre Leidenschaft zum Thema Nachhaltigkeit vor.<\/p>\t\t\t\t\t\t\t\t<\/div>\n\t\t\t\t<\/div>\n\t\t\t\t\t<\/div>\n\t\t<\/div>\n\t\t\t\t\t<\/div>\n\t\t<\/section>\n\t\t\t\t<section class=\"elementor-section elementor-top-section elementor-element elementor-element-9f00884 elementor-section-boxed elementor-section-height-default elementor-section-height-default\" data-id=\"9f00884\" data-element_type=\"section\" data-e-type=\"section\">\n\t\t\t\t\t\t<div class=\"elementor-container elementor-column-gap-default\">\n\t\t\t\t\t<div class=\"elementor-column elementor-col-100 elementor-top-column elementor-element elementor-element-2a9e088\" data-id=\"2a9e088\" data-element_type=\"column\" data-e-type=\"column\">\n\t\t\t<div class=\"elementor-widget-wrap elementor-element-populated\">\n\t\t\t\t\t\t<div class=\"elementor-element elementor-element-0000f03 elementor-widget elementor-widget-heading\" data-id=\"0000f03\" data-element_type=\"widget\" data-e-type=\"widget\" data-widget_type=\"heading.default\">\n\t\t\t\t<div class=\"elementor-widget-container\">\n\t\t\t\t\t<h2 class=\"elementor-heading-title elementor-size-default\">Wir zeigten bereits Vortr\u00e4ge \u00fcber:<\/h2>\t\t\t\t<\/div>\n\t\t\t\t<\/div>\n\t\t\t\t\t<\/div>\n\t\t<\/div>\n\t\t\t\t\t<\/div>\n\t\t<\/section>\n\t\t\t\t<section class=\"elementor-section elementor-top-section elementor-element elementor-element-4e42c0d elementor-section-boxed elementor-section-height-default elementor-section-height-default\" data-id=\"4e42c0d\" data-element_type=\"section\" data-e-type=\"section\">\n\t\t\t\t\t\t<div class=\"elementor-container elementor-column-gap-default\">\n\t\t\t\t\t<div class=\"elementor-column elementor-col-100 elementor-top-column elementor-element elementor-element-9d82ad4\" data-id=\"9d82ad4\" data-element_type=\"column\" data-e-type=\"column\">\n\t\t\t<div class=\"elementor-widget-wrap elementor-element-populated\">\n\t\t\t\t\t\t<div class=\"elementor-element elementor-element-a02e802 elementor-widget elementor-widget-text-editor\" data-id=\"a02e802\" data-element_type=\"widget\" data-e-type=\"widget\" data-widget_type=\"text-editor.default\">\n\t\t\t\t<div class=\"elementor-widget-container\">\n\t\t\t\t\t\t\t\t\t<ul><li><a href=\"\/?p=3111\">&#8222;Lebensmittel \u2013 f\u00fcr den M\u00fcll zu schade&#8220;<\/a> (18.11.2019)<\/li><li>&#8222;Wunder Wasserstoff? Pro und Contra&#8220; (30.03.2021)<\/li><li><a href=\"\/?p=4738\">&#8222;Plastikfrei leben &#8211; so geht&#8217;s!&#8220;<\/a> (16.05.2022)<\/li><\/ul><p>Auch hier durften wir schon spannenden Ausf\u00fchrungen lauschen, sowohl in Pr\u00e4sent als auch wegen der Corona-Pandemie digital. Weitere Vortr\u00e4ge sind bereits geplant und wir sind gespannt, wie unser n\u00e4chster ZukunftsVortrag angenommen wird.<\/p>\t\t\t\t\t\t\t\t<\/div>\n\t\t\t\t<\/div>\n\t\t\t\t\t<\/div>\n\t\t<\/div>\n\t\t\t\t\t<\/div>\n\t\t<\/section>\n\t\t\t\t<\/div>\n\t\t","protected":false},"excerpt":{"rendered":"<p>Bei unserem ZukunftsVortrag stellen Autoren oder Experten ihre B\u00fccher oder ihre Leidenschaft zum Thema Nachhaltigkeit vor. Wir zeigten bereits Vortr\u00e4ge \u00fcber: &#8222;Lebensmittel \u2013 f\u00fcr den M\u00fcll zu schade&#8220; (18.11.2019) &#8222;Wunder &hellip; <a href=\"https:\/\/mering.info\/?page_id=3907\" class=\"more-link\"><span class=\"screen-reader-text\">ZukunftsVortrag<\/span> weiterlesen <span class=\"meta-nav\">&rarr;<\/span><\/a><\/p>\n","protected":false},"author":12,"featured_media":3916,"parent":0,"menu_order":0,"comment_status":"closed","ping_status":"closed","template":"","meta":{"jetpack_post_was_ever_published":false,"footnotes":""},"class_list":["post-3907","page","type-page","status-publish","has-post-thumbnail","hentry"],"yoast_head":"<!-- This site is optimized with the Yoast SEO plugin v27.5 - https:\/\/yoast.com\/product\/yoast-seo-wordpress\/ -->\n<title>ZukunftsVortrag - Nachhaltiges Mering<\/title>\n<meta name=\"description\" content=\"Bei unserem ZukunftsVortrag referieren Experten \u00fcber ein nachhaltiges Thema. Wir durften bereits spannenden Ausf\u00fchrungen lauschen.\" \/>\n<meta name=\"robots\" content=\"index, follow, max-snippet:-1, max-image-preview:large, max-video-preview:-1\" \/>\n<link rel=\"canonical\" href=\"https:\/\/mering.info\/?page_id=3907\" \/>\n<meta property=\"og:locale\" content=\"de_DE\" \/>\n<meta property=\"og:type\" content=\"article\" \/>\n<meta property=\"og:title\" content=\"ZukunftsVortrag - Nachhaltiges Mering\" \/>\n<meta property=\"og:description\" content=\"Bei unserem ZukunftsVortrag referieren Experten \u00fcber ein nachhaltiges Thema. Wir durften bereits spannenden Ausf\u00fchrungen lauschen.\" \/>\n<meta property=\"og:url\" content=\"https:\/\/mering.info\/?page_id=3907\" \/>\n<meta property=\"og:site_name\" content=\"Nachhaltiges Mering\" \/>\n<meta property=\"article:modified_time\" content=\"2022-10-02T14:01:53+00:00\" \/>\n<meta property=\"og:image\" content=\"https:\/\/mering.info\/wp-content\/uploads\/2021\/12\/ZukunftsVortrag-Mering-Logo_672_Rand_tiny.jpg\" \/>\n\t<meta property=\"og:image:width\" content=\"672\" \/>\n\t<meta property=\"og:image:height\" content=\"210\" \/>\n\t<meta property=\"og:image:type\" content=\"image\/jpeg\" \/>\n<meta name=\"twitter:card\" content=\"summary_large_image\" \/>\n<meta name=\"twitter:label1\" content=\"Gesch\u00e4tzte Lesezeit\" \/>\n\t<meta name=\"twitter:data1\" content=\"1\u00a0Minute\" \/>\n<script type=\"application\/ld+json\" class=\"yoast-schema-graph\">{\"@context\":\"https:\\\/\\\/schema.org\",\"@graph\":[{\"@type\":\"WebPage\",\"@id\":\"https:\\\/\\\/mering.info\\\/?page_id=3907\",\"url\":\"https:\\\/\\\/mering.info\\\/?page_id=3907\",\"name\":\"ZukunftsVortrag - Nachhaltiges Mering\",\"isPartOf\":{\"@id\":\"https:\\\/\\\/mering.info\\\/#website\"},\"primaryImageOfPage\":{\"@id\":\"https:\\\/\\\/mering.info\\\/?page_id=3907#primaryimage\"},\"image\":{\"@id\":\"https:\\\/\\\/mering.info\\\/?page_id=3907#primaryimage\"},\"thumbnailUrl\":\"https:\\\/\\\/mering.info\\\/wp-content\\\/uploads\\\/2021\\\/12\\\/ZukunftsVortrag-Mering-Logo_672_Rand_tiny.jpg\",\"datePublished\":\"2022-10-02T13:10:24+00:00\",\"dateModified\":\"2022-10-02T14:01:53+00:00\",\"description\":\"Bei unserem ZukunftsVortrag referieren Experten \u00fcber ein nachhaltiges Thema. Wir durften bereits spannenden Ausf\u00fchrungen lauschen.\",\"breadcrumb\":{\"@id\":\"https:\\\/\\\/mering.info\\\/?page_id=3907#breadcrumb\"},\"inLanguage\":\"de\",\"potentialAction\":[{\"@type\":\"ReadAction\",\"target\":[\"https:\\\/\\\/mering.info\\\/?page_id=3907\"]}]},{\"@type\":\"ImageObject\",\"inLanguage\":\"de\",\"@id\":\"https:\\\/\\\/mering.info\\\/?page_id=3907#primaryimage\",\"url\":\"https:\\\/\\\/mering.info\\\/wp-content\\\/uploads\\\/2021\\\/12\\\/ZukunftsVortrag-Mering-Logo_672_Rand_tiny.jpg\",\"contentUrl\":\"https:\\\/\\\/mering.info\\\/wp-content\\\/uploads\\\/2021\\\/12\\\/ZukunftsVortrag-Mering-Logo_672_Rand_tiny.jpg\",\"width\":672,\"height\":210,\"caption\":\"ZukunftsVortrag Mering Logo\"},{\"@type\":\"BreadcrumbList\",\"@id\":\"https:\\\/\\\/mering.info\\\/?page_id=3907#breadcrumb\",\"itemListElement\":[{\"@type\":\"ListItem\",\"position\":1,\"name\":\"Startseite\",\"item\":\"https:\\\/\\\/mering.info\\\/\"},{\"@type\":\"ListItem\",\"position\":2,\"name\":\"ZukunftsVortrag\"}]},{\"@type\":\"WebSite\",\"@id\":\"https:\\\/\\\/mering.info\\\/#website\",\"url\":\"https:\\\/\\\/mering.info\\\/\",\"name\":\"Nachhaltiges Mering\",\"description\":\"Zukunftsf\u00e4higes Mering\",\"potentialAction\":[{\"@type\":\"SearchAction\",\"target\":{\"@type\":\"EntryPoint\",\"urlTemplate\":\"https:\\\/\\\/mering.info\\\/?s={search_term_string}\"},\"query-input\":{\"@type\":\"PropertyValueSpecification\",\"valueRequired\":true,\"valueName\":\"search_term_string\"}}],\"inLanguage\":\"de\"}]}<\/script>\n<!-- \/ Yoast SEO plugin. -->","yoast_head_json":{"title":"ZukunftsVortrag - Nachhaltiges Mering","description":"Bei unserem ZukunftsVortrag referieren Experten \u00fcber ein nachhaltiges Thema. Wir durften bereits spannenden Ausf\u00fchrungen lauschen.","robots":{"index":"index","follow":"follow","max-snippet":"max-snippet:-1","max-image-preview":"max-image-preview:large","max-video-preview":"max-video-preview:-1"},"canonical":"https:\/\/mering.info\/?page_id=3907","og_locale":"de_DE","og_type":"article","og_title":"ZukunftsVortrag - Nachhaltiges Mering","og_description":"Bei unserem ZukunftsVortrag referieren Experten \u00fcber ein nachhaltiges Thema. Wir durften bereits spannenden Ausf\u00fchrungen lauschen.","og_url":"https:\/\/mering.info\/?page_id=3907","og_site_name":"Nachhaltiges Mering","article_modified_time":"2022-10-02T14:01:53+00:00","og_image":[{"width":672,"height":210,"url":"https:\/\/mering.info\/wp-content\/uploads\/2021\/12\/ZukunftsVortrag-Mering-Logo_672_Rand_tiny.jpg","type":"image\/jpeg"}],"twitter_card":"summary_large_image","twitter_misc":{"Gesch\u00e4tzte Lesezeit":"1\u00a0Minute"},"schema":{"@context":"https:\/\/schema.org","@graph":[{"@type":"WebPage","@id":"https:\/\/mering.info\/?page_id=3907","url":"https:\/\/mering.info\/?page_id=3907","name":"ZukunftsVortrag - Nachhaltiges Mering","isPartOf":{"@id":"https:\/\/mering.info\/#website"},"primaryImageOfPage":{"@id":"https:\/\/mering.info\/?page_id=3907#primaryimage"},"image":{"@id":"https:\/\/mering.info\/?page_id=3907#primaryimage"},"thumbnailUrl":"https:\/\/mering.info\/wp-content\/uploads\/2021\/12\/ZukunftsVortrag-Mering-Logo_672_Rand_tiny.jpg","datePublished":"2022-10-02T13:10:24+00:00","dateModified":"2022-10-02T14:01:53+00:00","description":"Bei unserem ZukunftsVortrag referieren Experten \u00fcber ein nachhaltiges Thema. Wir durften bereits spannenden Ausf\u00fchrungen lauschen.","breadcrumb":{"@id":"https:\/\/mering.info\/?page_id=3907#breadcrumb"},"inLanguage":"de","potentialAction":[{"@type":"ReadAction","target":["https:\/\/mering.info\/?page_id=3907"]}]},{"@type":"ImageObject","inLanguage":"de","@id":"https:\/\/mering.info\/?page_id=3907#primaryimage","url":"https:\/\/mering.info\/wp-content\/uploads\/2021\/12\/ZukunftsVortrag-Mering-Logo_672_Rand_tiny.jpg","contentUrl":"https:\/\/mering.info\/wp-content\/uploads\/2021\/12\/ZukunftsVortrag-Mering-Logo_672_Rand_tiny.jpg","width":672,"height":210,"caption":"ZukunftsVortrag Mering Logo"},{"@type":"BreadcrumbList","@id":"https:\/\/mering.info\/?page_id=3907#breadcrumb","itemListElement":[{"@type":"ListItem","position":1,"name":"Startseite","item":"https:\/\/mering.info\/"},{"@type":"ListItem","position":2,"name":"ZukunftsVortrag"}]},{"@type":"WebSite","@id":"https:\/\/mering.info\/#website","url":"https:\/\/mering.info\/","name":"Nachhaltiges Mering","description":"Zukunftsf\u00e4higes Mering","potentialAction":[{"@type":"SearchAction","target":{"@type":"EntryPoint","urlTemplate":"https:\/\/mering.info\/?s={search_term_string}"},"query-input":{"@type":"PropertyValueSpecification","valueRequired":true,"valueName":"search_term_string"}}],"inLanguage":"de"}]}},"jetpack_sharing_enabled":true,"_links":{"self":[{"href":"https:\/\/mering.info\/index.php?rest_route=\/wp\/v2\/pages\/3907","targetHints":{"allow":["GET"]}}],"collection":[{"href":"https:\/\/mering.info\/index.php?rest_route=\/wp\/v2\/pages"}],"about":[{"href":"https:\/\/mering.info\/index.php?rest_route=\/wp\/v2\/types\/page"}],"author":[{"embeddable":true,"href":"https:\/\/mering.info\/index.php?rest_route=\/wp\/v2\/users\/12"}],"replies":[{"embeddable":true,"href":"https:\/\/mering.info\/index.php?rest_route=%2Fwp%2Fv2%2Fcomments&post=3907"}],"version-history":[{"count":10,"href":"https:\/\/mering.info\/index.php?rest_route=\/wp\/v2\/pages\/3907\/revisions"}],"predecessor-version":[{"id":5035,"href":"https:\/\/mering.info\/index.php?rest_route=\/wp\/v2\/pages\/3907\/revisions\/5035"}],"wp:featuredmedia":[{"embeddable":true,"href":"https:\/\/mering.info\/index.php?rest_route=\/wp\/v2\/media\/3916"}],"wp:attachment":[{"href":"https:\/\/mering.info\/index.php?rest_route=%2Fwp%2Fv2%2Fmedia&parent=3907"}],"curies":[{"name":"wp","href":"https:\/\/api.w.org\/{rel}","templated":true}]}}