{"id":4722,"date":"2022-05-10T04:30:35","date_gmt":"2022-05-10T02:30:35","guid":{"rendered":"https:\/\/mering.info\/?page_id=4722"},"modified":"2022-05-10T04:40:08","modified_gmt":"2022-05-10T02:40:08","slug":"zukunftsmarkt-2021","status":"publish","type":"page","link":"https:\/\/mering.info\/?page_id=4722","title":{"rendered":"ZukunftsMarkt 2021"},"content":{"rendered":"<p>Leider musste aufgrund des unsicheren Verlaufs der Corona-Pandemie der geplante ZukunftsMarkt 2021 auf <strong>Sonntag, 26. Juni 2022<\/strong>, verschoben werden. Die Vorbereitungen wurden komplett ins n\u00e4chste Jahr \u00fcbertragen.<\/p>\n<p>Ein kleines <a href=\"https:\/\/mering.info\/?p=3547\">internes <strong>Ersatzprogramm<\/strong> war am Sonntag, 27. Juni 2021, trotzdem geboten<\/a>: Das \u201eB\u00fcndnis Nachhaltiges Mering\u201c verk\u00fcndete eine Stellungnahme zu den laufenden Aktivit\u00e4ten um 13:30 Uhr im Lippgarten, die aufgezeichnet und online ver\u00f6ffentlicht wurde. Au\u00dferdem sorgte ein Tanz der Aktiven f\u00fcr Heiterkeit. Zudem wurde in dieser Stunde offiziell das Siegel zur Zertifizierung \u201eFairtrade Town Mering\u201c \u00fcbergeben.<\/p>\n<p>Der fertige Film in voller L\u00e4nge ist <a href=\"https:\/\/www.youtube.com\/watch?v=QV15KJ36Dpg\" target=\"_blank\" rel=\"noopener\">unter diesem Link auf YouTube<\/a> verf\u00fcgbar. Eine k\u00fcrzere Version ist <a href=\"https:\/\/www.youtube.com\/watch?v=M7DDI45sCog\" target=\"_blank\" rel=\"noopener\">unter diesem Link<\/a> abrufbar. Wir w\u00fcnschen viel Spa\u00df und gute Unterhaltung beim Anschauen!<\/p>\n","protected":false},"excerpt":{"rendered":"<p>Leider musste aufgrund des unsicheren Verlaufs der Corona-Pandemie der geplante ZukunftsMarkt 2021 auf Sonntag, 26. Juni 2022, verschoben werden. Die Vorbereitungen wurden komplett ins n\u00e4chste Jahr \u00fcbertragen. Ein kleines internes &hellip; <a href=\"https:\/\/mering.info\/?page_id=4722\" class=\"more-link\"><span class=\"screen-reader-text\">ZukunftsMarkt 2021<\/span> weiterlesen <span class=\"meta-nav\">&rarr;<\/span><\/a><\/p>\n","protected":false},"author":12,"featured_media":447,"parent":0,"menu_order":0,"comment_status":"closed","ping_status":"closed","template":"","meta":{"jetpack_post_was_ever_published":false,"footnotes":""},"class_list":["post-4722","page","type-page","status-publish","has-post-thumbnail","hentry"],"yoast_head":"<!-- This site is optimized with the Yoast SEO plugin v27.5 - https:\/\/yoast.com\/product\/yoast-seo-wordpress\/ -->\n<title>ZukunftsMarkt 2021 - Nachhaltiges Mering<\/title>\n<meta name=\"description\" content=\"Leider musste aufgrund des unsicheren Verlaufs der Corona-Pandemie der ZukunftsMarkt 2021 auf Sonntag, 26. Juni 2022, verschoben werden.\" \/>\n<meta name=\"robots\" content=\"index, follow, max-snippet:-1, max-image-preview:large, max-video-preview:-1\" \/>\n<link rel=\"canonical\" href=\"https:\/\/mering.info\/?page_id=4722\" \/>\n<meta property=\"og:locale\" content=\"de_DE\" \/>\n<meta property=\"og:type\" content=\"article\" \/>\n<meta property=\"og:title\" content=\"ZukunftsMarkt 2021 - Nachhaltiges Mering\" \/>\n<meta property=\"og:description\" content=\"Leider musste aufgrund des unsicheren Verlaufs der Corona-Pandemie der ZukunftsMarkt 2021 auf Sonntag, 26. Juni 2022, verschoben werden.\" \/>\n<meta property=\"og:url\" content=\"https:\/\/mering.info\/?page_id=4722\" \/>\n<meta property=\"og:site_name\" content=\"Nachhaltiges Mering\" \/>\n<meta property=\"article:modified_time\" content=\"2022-05-10T02:40:08+00:00\" \/>\n<meta property=\"og:image\" content=\"https:\/\/mering.info\/wp-content\/uploads\/2016\/05\/Logo-mit-Region_672.jpg\" \/>\n\t<meta property=\"og:image:width\" content=\"672\" \/>\n\t<meta property=\"og:image:height\" content=\"209\" \/>\n\t<meta property=\"og:image:type\" content=\"image\/jpeg\" \/>\n<meta name=\"twitter:card\" content=\"summary_large_image\" \/>\n<meta name=\"twitter:label1\" content=\"Gesch\u00e4tzte Lesezeit\" \/>\n\t<meta name=\"twitter:data1\" content=\"1\u00a0Minute\" \/>\n<script type=\"application\/ld+json\" class=\"yoast-schema-graph\">{\"@context\":\"https:\\\/\\\/schema.org\",\"@graph\":[{\"@type\":\"WebPage\",\"@id\":\"https:\\\/\\\/mering.info\\\/?page_id=4722\",\"url\":\"https:\\\/\\\/mering.info\\\/?page_id=4722\",\"name\":\"ZukunftsMarkt 2021 - Nachhaltiges Mering\",\"isPartOf\":{\"@id\":\"https:\\\/\\\/mering.info\\\/#website\"},\"primaryImageOfPage\":{\"@id\":\"https:\\\/\\\/mering.info\\\/?page_id=4722#primaryimage\"},\"image\":{\"@id\":\"https:\\\/\\\/mering.info\\\/?page_id=4722#primaryimage\"},\"thumbnailUrl\":\"https:\\\/\\\/mering.info\\\/wp-content\\\/uploads\\\/2016\\\/05\\\/Logo-mit-Region_672.jpg\",\"datePublished\":\"2022-05-10T02:30:35+00:00\",\"dateModified\":\"2022-05-10T02:40:08+00:00\",\"description\":\"Leider musste aufgrund des unsicheren Verlaufs der Corona-Pandemie der ZukunftsMarkt 2021 auf Sonntag, 26. Juni 2022, verschoben werden.\",\"breadcrumb\":{\"@id\":\"https:\\\/\\\/mering.info\\\/?page_id=4722#breadcrumb\"},\"inLanguage\":\"de\",\"potentialAction\":[{\"@type\":\"ReadAction\",\"target\":[\"https:\\\/\\\/mering.info\\\/?page_id=4722\"]}]},{\"@type\":\"ImageObject\",\"inLanguage\":\"de\",\"@id\":\"https:\\\/\\\/mering.info\\\/?page_id=4722#primaryimage\",\"url\":\"https:\\\/\\\/mering.info\\\/wp-content\\\/uploads\\\/2016\\\/05\\\/Logo-mit-Region_672.jpg\",\"contentUrl\":\"https:\\\/\\\/mering.info\\\/wp-content\\\/uploads\\\/2016\\\/05\\\/Logo-mit-Region_672.jpg\",\"width\":672,\"height\":209,\"caption\":\"ZukunftsMarkt Mering\"},{\"@type\":\"BreadcrumbList\",\"@id\":\"https:\\\/\\\/mering.info\\\/?page_id=4722#breadcrumb\",\"itemListElement\":[{\"@type\":\"ListItem\",\"position\":1,\"name\":\"Startseite\",\"item\":\"https:\\\/\\\/mering.info\\\/\"},{\"@type\":\"ListItem\",\"position\":2,\"name\":\"ZukunftsMarkt 2021\"}]},{\"@type\":\"WebSite\",\"@id\":\"https:\\\/\\\/mering.info\\\/#website\",\"url\":\"https:\\\/\\\/mering.info\\\/\",\"name\":\"Nachhaltiges Mering\",\"description\":\"Zukunftsf\u00e4higes Mering\",\"potentialAction\":[{\"@type\":\"SearchAction\",\"target\":{\"@type\":\"EntryPoint\",\"urlTemplate\":\"https:\\\/\\\/mering.info\\\/?s={search_term_string}\"},\"query-input\":{\"@type\":\"PropertyValueSpecification\",\"valueRequired\":true,\"valueName\":\"search_term_string\"}}],\"inLanguage\":\"de\"}]}<\/script>\n<!-- \/ Yoast SEO plugin. -->","yoast_head_json":{"title":"ZukunftsMarkt 2021 - Nachhaltiges Mering","description":"Leider musste aufgrund des unsicheren Verlaufs der Corona-Pandemie der ZukunftsMarkt 2021 auf Sonntag, 26. Juni 2022, verschoben werden.","robots":{"index":"index","follow":"follow","max-snippet":"max-snippet:-1","max-image-preview":"max-image-preview:large","max-video-preview":"max-video-preview:-1"},"canonical":"https:\/\/mering.info\/?page_id=4722","og_locale":"de_DE","og_type":"article","og_title":"ZukunftsMarkt 2021 - Nachhaltiges Mering","og_description":"Leider musste aufgrund des unsicheren Verlaufs der Corona-Pandemie der ZukunftsMarkt 2021 auf Sonntag, 26. Juni 2022, verschoben werden.","og_url":"https:\/\/mering.info\/?page_id=4722","og_site_name":"Nachhaltiges Mering","article_modified_time":"2022-05-10T02:40:08+00:00","og_image":[{"width":672,"height":209,"url":"https:\/\/mering.info\/wp-content\/uploads\/2016\/05\/Logo-mit-Region_672.jpg","type":"image\/jpeg"}],"twitter_card":"summary_large_image","twitter_misc":{"Gesch\u00e4tzte Lesezeit":"1\u00a0Minute"},"schema":{"@context":"https:\/\/schema.org","@graph":[{"@type":"WebPage","@id":"https:\/\/mering.info\/?page_id=4722","url":"https:\/\/mering.info\/?page_id=4722","name":"ZukunftsMarkt 2021 - Nachhaltiges Mering","isPartOf":{"@id":"https:\/\/mering.info\/#website"},"primaryImageOfPage":{"@id":"https:\/\/mering.info\/?page_id=4722#primaryimage"},"image":{"@id":"https:\/\/mering.info\/?page_id=4722#primaryimage"},"thumbnailUrl":"https:\/\/mering.info\/wp-content\/uploads\/2016\/05\/Logo-mit-Region_672.jpg","datePublished":"2022-05-10T02:30:35+00:00","dateModified":"2022-05-10T02:40:08+00:00","description":"Leider musste aufgrund des unsicheren Verlaufs der Corona-Pandemie der ZukunftsMarkt 2021 auf Sonntag, 26. Juni 2022, verschoben werden.","breadcrumb":{"@id":"https:\/\/mering.info\/?page_id=4722#breadcrumb"},"inLanguage":"de","potentialAction":[{"@type":"ReadAction","target":["https:\/\/mering.info\/?page_id=4722"]}]},{"@type":"ImageObject","inLanguage":"de","@id":"https:\/\/mering.info\/?page_id=4722#primaryimage","url":"https:\/\/mering.info\/wp-content\/uploads\/2016\/05\/Logo-mit-Region_672.jpg","contentUrl":"https:\/\/mering.info\/wp-content\/uploads\/2016\/05\/Logo-mit-Region_672.jpg","width":672,"height":209,"caption":"ZukunftsMarkt Mering"},{"@type":"BreadcrumbList","@id":"https:\/\/mering.info\/?page_id=4722#breadcrumb","itemListElement":[{"@type":"ListItem","position":1,"name":"Startseite","item":"https:\/\/mering.info\/"},{"@type":"ListItem","position":2,"name":"ZukunftsMarkt 2021"}]},{"@type":"WebSite","@id":"https:\/\/mering.info\/#website","url":"https:\/\/mering.info\/","name":"Nachhaltiges Mering","description":"Zukunftsf\u00e4higes Mering","potentialAction":[{"@type":"SearchAction","target":{"@type":"EntryPoint","urlTemplate":"https:\/\/mering.info\/?s={search_term_string}"},"query-input":{"@type":"PropertyValueSpecification","valueRequired":true,"valueName":"search_term_string"}}],"inLanguage":"de"}]}},"jetpack_sharing_enabled":true,"_links":{"self":[{"href":"https:\/\/mering.info\/index.php?rest_route=\/wp\/v2\/pages\/4722","targetHints":{"allow":["GET"]}}],"collection":[{"href":"https:\/\/mering.info\/index.php?rest_route=\/wp\/v2\/pages"}],"about":[{"href":"https:\/\/mering.info\/index.php?rest_route=\/wp\/v2\/types\/page"}],"author":[{"embeddable":true,"href":"https:\/\/mering.info\/index.php?rest_route=\/wp\/v2\/users\/12"}],"replies":[{"embeddable":true,"href":"https:\/\/mering.info\/index.php?rest_route=%2Fwp%2Fv2%2Fcomments&post=4722"}],"version-history":[{"count":4,"href":"https:\/\/mering.info\/index.php?rest_route=\/wp\/v2\/pages\/4722\/revisions"}],"predecessor-version":[{"id":4726,"href":"https:\/\/mering.info\/index.php?rest_route=\/wp\/v2\/pages\/4722\/revisions\/4726"}],"wp:featuredmedia":[{"embeddable":true,"href":"https:\/\/mering.info\/index.php?rest_route=\/wp\/v2\/media\/447"}],"wp:attachment":[{"href":"https:\/\/mering.info\/index.php?rest_route=%2Fwp%2Fv2%2Fmedia&parent=4722"}],"curies":[{"name":"wp","href":"https:\/\/api.w.org\/{rel}","templated":true}]}}