{"id":554,"date":"2016-06-16T18:45:10","date_gmt":"2016-06-16T16:45:10","guid":{"rendered":"http:\/\/mering.info\/?page_id=554"},"modified":"2016-06-17T00:24:45","modified_gmt":"2016-06-16T22:24:45","slug":"anfahrt-mit-dem-bus","status":"publish","type":"page","link":"https:\/\/mering.info\/?page_id=554","title":{"rendered":"Anfahrt mit dem Bus"},"content":{"rendered":"<p>Mit dem Bus fahren Sie bis Haltestelle &#8222;Mering Marktplatz&#8220;.<\/p>\n<p>Von dort aus k\u00f6nnen Sie das Veranstaltungsgel\u00e4nde in <strong>weniger als 5 Minuten<\/strong> zu Fu\u00df erreichen.<\/p>\n<p>[Google_Maps_WD id=10 map=6]<\/p>\n<p>Alternative M\u00f6glichkeiten, zur Veranstaltung zu kommen:<\/p>\n<ul>\n<li>Kommen Sie zu Fu\u00df oder mit dem <a href=\"https:\/\/mering.info\/?page_id=573\">Fahrrad<\/a><\/li>\n<li><a href=\"https:\/\/mering.info\/?page_id=551\">Anfahrt mit der Bahn<\/a><\/li>\n<li><a href=\"https:\/\/mering.info\/?page_id=560\">Anfahrt mit dem Auto<\/a><\/li>\n<\/ul>\n<p>&nbsp;<\/p>\n","protected":false},"excerpt":{"rendered":"<p>Mit dem Bus fahren Sie bis Haltestelle &#8222;Mering Marktplatz&#8220;. Von dort aus k\u00f6nnen Sie das Veranstaltungsgel\u00e4nde in weniger als 5 Minuten zu Fu\u00df erreichen. [Google_Maps_WD id=10 map=6] Alternative M\u00f6glichkeiten, zur &hellip; <a href=\"https:\/\/mering.info\/?page_id=554\" class=\"more-link\"><span class=\"screen-reader-text\">Anfahrt mit dem Bus<\/span> weiterlesen <span class=\"meta-nav\">&rarr;<\/span><\/a><\/p>\n","protected":false},"author":2,"featured_media":0,"parent":0,"menu_order":0,"comment_status":"closed","ping_status":"closed","template":"","meta":{"jetpack_post_was_ever_published":false,"footnotes":""},"class_list":["post-554","page","type-page","status-publish","hentry"],"yoast_head":"<!-- This site is optimized with the Yoast SEO plugin v27.5 - https:\/\/yoast.com\/product\/yoast-seo-wordpress\/ -->\n<title>Anfahrt mit dem Bus - Nachhaltiges Mering<\/title>\n<meta name=\"robots\" content=\"index, follow, max-snippet:-1, max-image-preview:large, max-video-preview:-1\" \/>\n<link rel=\"canonical\" href=\"https:\/\/mering.info\/?page_id=554\" \/>\n<meta property=\"og:locale\" content=\"de_DE\" \/>\n<meta property=\"og:type\" content=\"article\" \/>\n<meta property=\"og:title\" content=\"Anfahrt mit dem Bus - Nachhaltiges Mering\" \/>\n<meta property=\"og:description\" content=\"Mit dem Bus fahren Sie bis Haltestelle &#8222;Mering Marktplatz&#8220;. Von dort aus k\u00f6nnen Sie das Veranstaltungsgel\u00e4nde in weniger als 5 Minuten zu Fu\u00df erreichen. [Google_Maps_WD id=10 map=6] Alternative M\u00f6glichkeiten, zur &hellip; Anfahrt mit dem Bus weiterlesen &rarr;\" \/>\n<meta property=\"og:url\" content=\"https:\/\/mering.info\/?page_id=554\" \/>\n<meta property=\"og:site_name\" content=\"Nachhaltiges Mering\" \/>\n<meta property=\"article:modified_time\" content=\"2016-06-16T22:24:45+00:00\" \/>\n<meta name=\"twitter:card\" content=\"summary_large_image\" \/>\n<script type=\"application\/ld+json\" class=\"yoast-schema-graph\">{\"@context\":\"https:\\\/\\\/schema.org\",\"@graph\":[{\"@type\":\"WebPage\",\"@id\":\"https:\\\/\\\/mering.info\\\/?page_id=554\",\"url\":\"https:\\\/\\\/mering.info\\\/?page_id=554\",\"name\":\"Anfahrt mit dem Bus - Nachhaltiges Mering\",\"isPartOf\":{\"@id\":\"https:\\\/\\\/mering.info\\\/#website\"},\"datePublished\":\"2016-06-16T16:45:10+00:00\",\"dateModified\":\"2016-06-16T22:24:45+00:00\",\"breadcrumb\":{\"@id\":\"https:\\\/\\\/mering.info\\\/?page_id=554#breadcrumb\"},\"inLanguage\":\"de\",\"potentialAction\":[{\"@type\":\"ReadAction\",\"target\":[\"https:\\\/\\\/mering.info\\\/?page_id=554\"]}]},{\"@type\":\"BreadcrumbList\",\"@id\":\"https:\\\/\\\/mering.info\\\/?page_id=554#breadcrumb\",\"itemListElement\":[{\"@type\":\"ListItem\",\"position\":1,\"name\":\"Startseite\",\"item\":\"https:\\\/\\\/mering.info\\\/\"},{\"@type\":\"ListItem\",\"position\":2,\"name\":\"Anfahrt mit dem Bus\"}]},{\"@type\":\"WebSite\",\"@id\":\"https:\\\/\\\/mering.info\\\/#website\",\"url\":\"https:\\\/\\\/mering.info\\\/\",\"name\":\"Nachhaltiges Mering\",\"description\":\"Zukunftsf\u00e4higes Mering\",\"potentialAction\":[{\"@type\":\"SearchAction\",\"target\":{\"@type\":\"EntryPoint\",\"urlTemplate\":\"https:\\\/\\\/mering.info\\\/?s={search_term_string}\"},\"query-input\":{\"@type\":\"PropertyValueSpecification\",\"valueRequired\":true,\"valueName\":\"search_term_string\"}}],\"inLanguage\":\"de\"}]}<\/script>\n<!-- \/ Yoast SEO plugin. -->","yoast_head_json":{"title":"Anfahrt mit dem Bus - Nachhaltiges Mering","robots":{"index":"index","follow":"follow","max-snippet":"max-snippet:-1","max-image-preview":"max-image-preview:large","max-video-preview":"max-video-preview:-1"},"canonical":"https:\/\/mering.info\/?page_id=554","og_locale":"de_DE","og_type":"article","og_title":"Anfahrt mit dem Bus - Nachhaltiges Mering","og_description":"Mit dem Bus fahren Sie bis Haltestelle &#8222;Mering Marktplatz&#8220;. Von dort aus k\u00f6nnen Sie das Veranstaltungsgel\u00e4nde in weniger als 5 Minuten zu Fu\u00df erreichen. [Google_Maps_WD id=10 map=6] Alternative M\u00f6glichkeiten, zur &hellip; Anfahrt mit dem Bus weiterlesen &rarr;","og_url":"https:\/\/mering.info\/?page_id=554","og_site_name":"Nachhaltiges Mering","article_modified_time":"2016-06-16T22:24:45+00:00","twitter_card":"summary_large_image","schema":{"@context":"https:\/\/schema.org","@graph":[{"@type":"WebPage","@id":"https:\/\/mering.info\/?page_id=554","url":"https:\/\/mering.info\/?page_id=554","name":"Anfahrt mit dem Bus - Nachhaltiges Mering","isPartOf":{"@id":"https:\/\/mering.info\/#website"},"datePublished":"2016-06-16T16:45:10+00:00","dateModified":"2016-06-16T22:24:45+00:00","breadcrumb":{"@id":"https:\/\/mering.info\/?page_id=554#breadcrumb"},"inLanguage":"de","potentialAction":[{"@type":"ReadAction","target":["https:\/\/mering.info\/?page_id=554"]}]},{"@type":"BreadcrumbList","@id":"https:\/\/mering.info\/?page_id=554#breadcrumb","itemListElement":[{"@type":"ListItem","position":1,"name":"Startseite","item":"https:\/\/mering.info\/"},{"@type":"ListItem","position":2,"name":"Anfahrt mit dem Bus"}]},{"@type":"WebSite","@id":"https:\/\/mering.info\/#website","url":"https:\/\/mering.info\/","name":"Nachhaltiges Mering","description":"Zukunftsf\u00e4higes Mering","potentialAction":[{"@type":"SearchAction","target":{"@type":"EntryPoint","urlTemplate":"https:\/\/mering.info\/?s={search_term_string}"},"query-input":{"@type":"PropertyValueSpecification","valueRequired":true,"valueName":"search_term_string"}}],"inLanguage":"de"}]}},"jetpack_sharing_enabled":true,"_links":{"self":[{"href":"https:\/\/mering.info\/index.php?rest_route=\/wp\/v2\/pages\/554","targetHints":{"allow":["GET"]}}],"collection":[{"href":"https:\/\/mering.info\/index.php?rest_route=\/wp\/v2\/pages"}],"about":[{"href":"https:\/\/mering.info\/index.php?rest_route=\/wp\/v2\/types\/page"}],"author":[{"embeddable":true,"href":"https:\/\/mering.info\/index.php?rest_route=\/wp\/v2\/users\/2"}],"replies":[{"embeddable":true,"href":"https:\/\/mering.info\/index.php?rest_route=%2Fwp%2Fv2%2Fcomments&post=554"}],"version-history":[{"count":8,"href":"https:\/\/mering.info\/index.php?rest_route=\/wp\/v2\/pages\/554\/revisions"}],"predecessor-version":[{"id":591,"href":"https:\/\/mering.info\/index.php?rest_route=\/wp\/v2\/pages\/554\/revisions\/591"}],"wp:attachment":[{"href":"https:\/\/mering.info\/index.php?rest_route=%2Fwp%2Fv2%2Fmedia&parent=554"}],"curies":[{"name":"wp","href":"https:\/\/api.w.org\/{rel}","templated":true}]}}