{"id":560,"date":"2016-06-16T23:43:41","date_gmt":"2016-06-16T21:43:41","guid":{"rendered":"http:\/\/mering.info\/?page_id=560"},"modified":"2017-06-22T14:49:58","modified_gmt":"2017-06-22T12:49:58","slug":"anfahrt-mit-dem-auto","status":"publish","type":"page","link":"https:\/\/mering.info\/?page_id=560","title":{"rendered":"Anfahrt mit dem Auto"},"content":{"rendered":"<p>Vermeiden Sie wenn m\u00f6glich, mit dem Auto anzureisen und <strong>nutzen Sie umweltfreundlichere Alternativen<\/strong>:<\/p>\n<ul>\n<li>Kommen Sie zu Fu\u00df oder mit dem <a href=\"https:\/\/mering.info\/?page_id=573\">Fahrrad<\/a><\/li>\n<li><a href=\"https:\/\/mering.info\/?page_id=551\">Anfahrt mit der Bahn<\/a><\/li>\n<li><a href=\"https:\/\/mering.info\/?page_id=554\">Anfahrt mit dem Bus<\/a><\/li>\n<\/ul>\n<p>Die folgende Grafik zeigt die dem Veranstaltungsgel\u00e4nde n\u00e4chst gelegenen Parkpl\u00e4tze. Im Navi k\u00f6nnen Sie &#8218;Marienstra\u00dfe 7&#8216; eingeben, falls der Lippgarten nicht direkt auffindbar ist.<\/p>\n<p>[Google_Maps_WD id=12 map=7]<\/p>\n<p>Nutzen Sie auch die Meringer Parkroute. An dieser werden Sie an\u00a0 vielen weiteren Parkpl\u00e4tzen vorbeigef\u00fchrt (z.B. den Parkpl\u00e4tzen um den Marktplatz herum).<\/p>\n<p>&nbsp;<\/p>\n","protected":false},"excerpt":{"rendered":"<p>Vermeiden Sie wenn m\u00f6glich, mit dem Auto anzureisen und nutzen Sie umweltfreundlichere Alternativen: Kommen Sie zu Fu\u00df oder mit dem Fahrrad Anfahrt mit der Bahn Anfahrt mit dem Bus Die &hellip; <a href=\"https:\/\/mering.info\/?page_id=560\" class=\"more-link\"><span class=\"screen-reader-text\">Anfahrt mit dem Auto<\/span> weiterlesen <span class=\"meta-nav\">&rarr;<\/span><\/a><\/p>\n","protected":false},"author":2,"featured_media":0,"parent":0,"menu_order":0,"comment_status":"closed","ping_status":"closed","template":"","meta":{"jetpack_post_was_ever_published":false,"footnotes":""},"class_list":["post-560","page","type-page","status-publish","hentry"],"yoast_head":"<!-- This site is optimized with the Yoast SEO plugin v27.5 - https:\/\/yoast.com\/product\/yoast-seo-wordpress\/ -->\n<title>Anfahrt mit dem Auto - Nachhaltiges Mering<\/title>\n<meta name=\"robots\" content=\"index, follow, max-snippet:-1, max-image-preview:large, max-video-preview:-1\" \/>\n<link rel=\"canonical\" href=\"https:\/\/mering.info\/?page_id=560\" \/>\n<meta property=\"og:locale\" content=\"de_DE\" \/>\n<meta property=\"og:type\" content=\"article\" \/>\n<meta property=\"og:title\" content=\"Anfahrt mit dem Auto - Nachhaltiges Mering\" \/>\n<meta property=\"og:description\" content=\"Vermeiden Sie wenn m\u00f6glich, mit dem Auto anzureisen und nutzen Sie umweltfreundlichere Alternativen: Kommen Sie zu Fu\u00df oder mit dem Fahrrad Anfahrt mit der Bahn Anfahrt mit dem Bus Die &hellip; Anfahrt mit dem Auto weiterlesen &rarr;\" \/>\n<meta property=\"og:url\" content=\"https:\/\/mering.info\/?page_id=560\" \/>\n<meta property=\"og:site_name\" content=\"Nachhaltiges Mering\" \/>\n<meta property=\"article:modified_time\" content=\"2017-06-22T12:49:58+00:00\" \/>\n<meta name=\"twitter:card\" content=\"summary_large_image\" \/>\n<script type=\"application\/ld+json\" class=\"yoast-schema-graph\">{\"@context\":\"https:\\\/\\\/schema.org\",\"@graph\":[{\"@type\":\"WebPage\",\"@id\":\"https:\\\/\\\/mering.info\\\/?page_id=560\",\"url\":\"https:\\\/\\\/mering.info\\\/?page_id=560\",\"name\":\"Anfahrt mit dem Auto - Nachhaltiges Mering\",\"isPartOf\":{\"@id\":\"https:\\\/\\\/mering.info\\\/#website\"},\"datePublished\":\"2016-06-16T21:43:41+00:00\",\"dateModified\":\"2017-06-22T12:49:58+00:00\",\"breadcrumb\":{\"@id\":\"https:\\\/\\\/mering.info\\\/?page_id=560#breadcrumb\"},\"inLanguage\":\"de\",\"potentialAction\":[{\"@type\":\"ReadAction\",\"target\":[\"https:\\\/\\\/mering.info\\\/?page_id=560\"]}]},{\"@type\":\"BreadcrumbList\",\"@id\":\"https:\\\/\\\/mering.info\\\/?page_id=560#breadcrumb\",\"itemListElement\":[{\"@type\":\"ListItem\",\"position\":1,\"name\":\"Startseite\",\"item\":\"https:\\\/\\\/mering.info\\\/\"},{\"@type\":\"ListItem\",\"position\":2,\"name\":\"Anfahrt mit dem Auto\"}]},{\"@type\":\"WebSite\",\"@id\":\"https:\\\/\\\/mering.info\\\/#website\",\"url\":\"https:\\\/\\\/mering.info\\\/\",\"name\":\"Nachhaltiges Mering\",\"description\":\"Zukunftsf\u00e4higes Mering\",\"potentialAction\":[{\"@type\":\"SearchAction\",\"target\":{\"@type\":\"EntryPoint\",\"urlTemplate\":\"https:\\\/\\\/mering.info\\\/?s={search_term_string}\"},\"query-input\":{\"@type\":\"PropertyValueSpecification\",\"valueRequired\":true,\"valueName\":\"search_term_string\"}}],\"inLanguage\":\"de\"}]}<\/script>\n<!-- \/ Yoast SEO plugin. -->","yoast_head_json":{"title":"Anfahrt mit dem Auto - Nachhaltiges Mering","robots":{"index":"index","follow":"follow","max-snippet":"max-snippet:-1","max-image-preview":"max-image-preview:large","max-video-preview":"max-video-preview:-1"},"canonical":"https:\/\/mering.info\/?page_id=560","og_locale":"de_DE","og_type":"article","og_title":"Anfahrt mit dem Auto - Nachhaltiges Mering","og_description":"Vermeiden Sie wenn m\u00f6glich, mit dem Auto anzureisen und nutzen Sie umweltfreundlichere Alternativen: Kommen Sie zu Fu\u00df oder mit dem Fahrrad Anfahrt mit der Bahn Anfahrt mit dem Bus Die &hellip; Anfahrt mit dem Auto weiterlesen &rarr;","og_url":"https:\/\/mering.info\/?page_id=560","og_site_name":"Nachhaltiges Mering","article_modified_time":"2017-06-22T12:49:58+00:00","twitter_card":"summary_large_image","schema":{"@context":"https:\/\/schema.org","@graph":[{"@type":"WebPage","@id":"https:\/\/mering.info\/?page_id=560","url":"https:\/\/mering.info\/?page_id=560","name":"Anfahrt mit dem Auto - Nachhaltiges Mering","isPartOf":{"@id":"https:\/\/mering.info\/#website"},"datePublished":"2016-06-16T21:43:41+00:00","dateModified":"2017-06-22T12:49:58+00:00","breadcrumb":{"@id":"https:\/\/mering.info\/?page_id=560#breadcrumb"},"inLanguage":"de","potentialAction":[{"@type":"ReadAction","target":["https:\/\/mering.info\/?page_id=560"]}]},{"@type":"BreadcrumbList","@id":"https:\/\/mering.info\/?page_id=560#breadcrumb","itemListElement":[{"@type":"ListItem","position":1,"name":"Startseite","item":"https:\/\/mering.info\/"},{"@type":"ListItem","position":2,"name":"Anfahrt mit dem Auto"}]},{"@type":"WebSite","@id":"https:\/\/mering.info\/#website","url":"https:\/\/mering.info\/","name":"Nachhaltiges Mering","description":"Zukunftsf\u00e4higes Mering","potentialAction":[{"@type":"SearchAction","target":{"@type":"EntryPoint","urlTemplate":"https:\/\/mering.info\/?s={search_term_string}"},"query-input":{"@type":"PropertyValueSpecification","valueRequired":true,"valueName":"search_term_string"}}],"inLanguage":"de"}]}},"jetpack_sharing_enabled":true,"_links":{"self":[{"href":"https:\/\/mering.info\/index.php?rest_route=\/wp\/v2\/pages\/560","targetHints":{"allow":["GET"]}}],"collection":[{"href":"https:\/\/mering.info\/index.php?rest_route=\/wp\/v2\/pages"}],"about":[{"href":"https:\/\/mering.info\/index.php?rest_route=\/wp\/v2\/types\/page"}],"author":[{"embeddable":true,"href":"https:\/\/mering.info\/index.php?rest_route=\/wp\/v2\/users\/2"}],"replies":[{"embeddable":true,"href":"https:\/\/mering.info\/index.php?rest_route=%2Fwp%2Fv2%2Fcomments&post=560"}],"version-history":[{"count":9,"href":"https:\/\/mering.info\/index.php?rest_route=\/wp\/v2\/pages\/560\/revisions"}],"predecessor-version":[{"id":1849,"href":"https:\/\/mering.info\/index.php?rest_route=\/wp\/v2\/pages\/560\/revisions\/1849"}],"wp:attachment":[{"href":"https:\/\/mering.info\/index.php?rest_route=%2Fwp%2Fv2%2Fmedia&parent=560"}],"curies":[{"name":"wp","href":"https:\/\/api.w.org\/{rel}","templated":true}]}}