{"id":573,"date":"2016-06-16T23:56:13","date_gmt":"2016-06-16T21:56:13","guid":{"rendered":"http:\/\/mering.info\/?page_id=573"},"modified":"2016-06-26T23:49:37","modified_gmt":"2016-06-26T21:49:37","slug":"anfahrt-mit-dem-fahrrad","status":"publish","type":"page","link":"https:\/\/mering.info\/?page_id=573","title":{"rendered":"Anfahrt mit dem Fahrrad"},"content":{"rendered":"<p>Die <strong>umweltfreundlichste Methode<\/strong> ist neben zu Fu\u00df gehen die Anreise mit dem Fahrrad. Zus\u00e4tzlich ist das auch noch die <strong>ges\u00fcndeste M\u00f6glichkeit<\/strong> mit engebauter Fitness-Steigerung.<\/p>\n<p>Ein <strong>\u00fcberdachter Fahrradparkplatz<\/strong> mit Anlehnb\u00fcgeln befindet sich direkt neben dem Rathauseingang. Weitere (nicht \u00fcberdachte) Anlehnb\u00fcgel sind an der Mehrzweckhalle zu finden.<\/p>\n<p>Ansonsten ist weiteres <strong>Fahrrad-Parken in der N\u00e4he der Veranstaltung<\/strong> auf dem Parkplatz an der Marienstra\u00dfe m\u00f6glich. Wir haben dort einen entsprechenden Bereich reserviert und markiert (hier sind keine Fahrradst\u00e4nder verf\u00fcgbar!).<\/p>\n<p>Alternative M\u00f6glichkeiten, zur Veranstaltung zu kommen:<\/p>\n<ul>\n<li><a href=\"https:\/\/mering.info\/?page_id=551\">Anfahrt mit der Bahn<\/a><\/li>\n<li><a href=\"https:\/\/mering.info\/?page_id=554\">Anfahrt mit dem Bus<\/a><\/li>\n<li><a href=\"https:\/\/mering.info\/?page_id=560\">Anfahrt mit dem Auto<\/a><\/li>\n<\/ul>\n","protected":false},"excerpt":{"rendered":"<p>Die umweltfreundlichste Methode ist neben zu Fu\u00df gehen die Anreise mit dem Fahrrad. Zus\u00e4tzlich ist das auch noch die ges\u00fcndeste M\u00f6glichkeit mit engebauter Fitness-Steigerung. Ein \u00fcberdachter Fahrradparkplatz mit Anlehnb\u00fcgeln befindet &hellip; <a href=\"https:\/\/mering.info\/?page_id=573\" class=\"more-link\"><span class=\"screen-reader-text\">Anfahrt mit dem Fahrrad<\/span> weiterlesen <span class=\"meta-nav\">&rarr;<\/span><\/a><\/p>\n","protected":false},"author":2,"featured_media":0,"parent":0,"menu_order":0,"comment_status":"closed","ping_status":"closed","template":"","meta":{"jetpack_post_was_ever_published":false,"footnotes":""},"class_list":["post-573","page","type-page","status-publish","hentry"],"yoast_head":"<!-- This site is optimized with the Yoast SEO plugin v27.5 - https:\/\/yoast.com\/product\/yoast-seo-wordpress\/ -->\n<title>Anfahrt mit dem Fahrrad - Nachhaltiges Mering<\/title>\n<meta name=\"robots\" content=\"index, follow, max-snippet:-1, max-image-preview:large, max-video-preview:-1\" \/>\n<link rel=\"canonical\" href=\"https:\/\/mering.info\/?page_id=573\" \/>\n<meta property=\"og:locale\" content=\"de_DE\" \/>\n<meta property=\"og:type\" content=\"article\" \/>\n<meta property=\"og:title\" content=\"Anfahrt mit dem Fahrrad - Nachhaltiges Mering\" \/>\n<meta property=\"og:description\" content=\"Die umweltfreundlichste Methode ist neben zu Fu\u00df gehen die Anreise mit dem Fahrrad. Zus\u00e4tzlich ist das auch noch die ges\u00fcndeste M\u00f6glichkeit mit engebauter Fitness-Steigerung. Ein \u00fcberdachter Fahrradparkplatz mit Anlehnb\u00fcgeln befindet &hellip; Anfahrt mit dem Fahrrad weiterlesen &rarr;\" \/>\n<meta property=\"og:url\" content=\"https:\/\/mering.info\/?page_id=573\" \/>\n<meta property=\"og:site_name\" content=\"Nachhaltiges Mering\" \/>\n<meta property=\"article:modified_time\" content=\"2016-06-26T21:49:37+00:00\" \/>\n<meta name=\"twitter:card\" content=\"summary_large_image\" \/>\n<meta name=\"twitter:label1\" content=\"Gesch\u00e4tzte Lesezeit\" \/>\n\t<meta name=\"twitter:data1\" content=\"1\u00a0Minute\" \/>\n<script type=\"application\/ld+json\" class=\"yoast-schema-graph\">{\"@context\":\"https:\\\/\\\/schema.org\",\"@graph\":[{\"@type\":\"WebPage\",\"@id\":\"https:\\\/\\\/mering.info\\\/?page_id=573\",\"url\":\"https:\\\/\\\/mering.info\\\/?page_id=573\",\"name\":\"Anfahrt mit dem Fahrrad - Nachhaltiges Mering\",\"isPartOf\":{\"@id\":\"https:\\\/\\\/mering.info\\\/#website\"},\"datePublished\":\"2016-06-16T21:56:13+00:00\",\"dateModified\":\"2016-06-26T21:49:37+00:00\",\"breadcrumb\":{\"@id\":\"https:\\\/\\\/mering.info\\\/?page_id=573#breadcrumb\"},\"inLanguage\":\"de\",\"potentialAction\":[{\"@type\":\"ReadAction\",\"target\":[\"https:\\\/\\\/mering.info\\\/?page_id=573\"]}]},{\"@type\":\"BreadcrumbList\",\"@id\":\"https:\\\/\\\/mering.info\\\/?page_id=573#breadcrumb\",\"itemListElement\":[{\"@type\":\"ListItem\",\"position\":1,\"name\":\"Startseite\",\"item\":\"https:\\\/\\\/mering.info\\\/\"},{\"@type\":\"ListItem\",\"position\":2,\"name\":\"Anfahrt mit dem Fahrrad\"}]},{\"@type\":\"WebSite\",\"@id\":\"https:\\\/\\\/mering.info\\\/#website\",\"url\":\"https:\\\/\\\/mering.info\\\/\",\"name\":\"Nachhaltiges Mering\",\"description\":\"Zukunftsf\u00e4higes Mering\",\"potentialAction\":[{\"@type\":\"SearchAction\",\"target\":{\"@type\":\"EntryPoint\",\"urlTemplate\":\"https:\\\/\\\/mering.info\\\/?s={search_term_string}\"},\"query-input\":{\"@type\":\"PropertyValueSpecification\",\"valueRequired\":true,\"valueName\":\"search_term_string\"}}],\"inLanguage\":\"de\"}]}<\/script>\n<!-- \/ Yoast SEO plugin. -->","yoast_head_json":{"title":"Anfahrt mit dem Fahrrad - Nachhaltiges Mering","robots":{"index":"index","follow":"follow","max-snippet":"max-snippet:-1","max-image-preview":"max-image-preview:large","max-video-preview":"max-video-preview:-1"},"canonical":"https:\/\/mering.info\/?page_id=573","og_locale":"de_DE","og_type":"article","og_title":"Anfahrt mit dem Fahrrad - Nachhaltiges Mering","og_description":"Die umweltfreundlichste Methode ist neben zu Fu\u00df gehen die Anreise mit dem Fahrrad. Zus\u00e4tzlich ist das auch noch die ges\u00fcndeste M\u00f6glichkeit mit engebauter Fitness-Steigerung. Ein \u00fcberdachter Fahrradparkplatz mit Anlehnb\u00fcgeln befindet &hellip; Anfahrt mit dem Fahrrad weiterlesen &rarr;","og_url":"https:\/\/mering.info\/?page_id=573","og_site_name":"Nachhaltiges Mering","article_modified_time":"2016-06-26T21:49:37+00:00","twitter_card":"summary_large_image","twitter_misc":{"Gesch\u00e4tzte Lesezeit":"1\u00a0Minute"},"schema":{"@context":"https:\/\/schema.org","@graph":[{"@type":"WebPage","@id":"https:\/\/mering.info\/?page_id=573","url":"https:\/\/mering.info\/?page_id=573","name":"Anfahrt mit dem Fahrrad - Nachhaltiges Mering","isPartOf":{"@id":"https:\/\/mering.info\/#website"},"datePublished":"2016-06-16T21:56:13+00:00","dateModified":"2016-06-26T21:49:37+00:00","breadcrumb":{"@id":"https:\/\/mering.info\/?page_id=573#breadcrumb"},"inLanguage":"de","potentialAction":[{"@type":"ReadAction","target":["https:\/\/mering.info\/?page_id=573"]}]},{"@type":"BreadcrumbList","@id":"https:\/\/mering.info\/?page_id=573#breadcrumb","itemListElement":[{"@type":"ListItem","position":1,"name":"Startseite","item":"https:\/\/mering.info\/"},{"@type":"ListItem","position":2,"name":"Anfahrt mit dem Fahrrad"}]},{"@type":"WebSite","@id":"https:\/\/mering.info\/#website","url":"https:\/\/mering.info\/","name":"Nachhaltiges Mering","description":"Zukunftsf\u00e4higes Mering","potentialAction":[{"@type":"SearchAction","target":{"@type":"EntryPoint","urlTemplate":"https:\/\/mering.info\/?s={search_term_string}"},"query-input":{"@type":"PropertyValueSpecification","valueRequired":true,"valueName":"search_term_string"}}],"inLanguage":"de"}]}},"jetpack_sharing_enabled":true,"_links":{"self":[{"href":"https:\/\/mering.info\/index.php?rest_route=\/wp\/v2\/pages\/573","targetHints":{"allow":["GET"]}}],"collection":[{"href":"https:\/\/mering.info\/index.php?rest_route=\/wp\/v2\/pages"}],"about":[{"href":"https:\/\/mering.info\/index.php?rest_route=\/wp\/v2\/types\/page"}],"author":[{"embeddable":true,"href":"https:\/\/mering.info\/index.php?rest_route=\/wp\/v2\/users\/2"}],"replies":[{"embeddable":true,"href":"https:\/\/mering.info\/index.php?rest_route=%2Fwp%2Fv2%2Fcomments&post=573"}],"version-history":[{"count":8,"href":"https:\/\/mering.info\/index.php?rest_route=\/wp\/v2\/pages\/573\/revisions"}],"predecessor-version":[{"id":635,"href":"https:\/\/mering.info\/index.php?rest_route=\/wp\/v2\/pages\/573\/revisions\/635"}],"wp:attachment":[{"href":"https:\/\/mering.info\/index.php?rest_route=%2Fwp%2Fv2%2Fmedia&parent=573"}],"curies":[{"name":"wp","href":"https:\/\/api.w.org\/{rel}","templated":true}]}}